{"id":932,"date":"2024-11-25T10:43:25","date_gmt":"2024-11-25T16:43:25","guid":{"rendered":"https:\/\/ccsmart.org\/?page_id=932"},"modified":"2025-01-02T10:39:15","modified_gmt":"2025-01-02T16:39:15","slug":"local-mississippi","status":"publish","type":"page","link":"https:\/\/ccsmart.org\/es\/local-mississippi\/","title":{"rendered":"Mississippi"},"content":{"rendered":"<img loading=\"lazy\" decoding=\"async\" src=\"https:\/\/ccsmart.org\/wp-content\/uploads\/MS-Study-Local-Graphic_resized.png\" alt=\"MS-Estudio-Local-Gr\u00e1fico_redimensionado\" itemprop=\"image\" height=\"625\" width=\"414\" title=\"MS-Estudio-Local-Gr\u00e1fico_redimensionado\" onerror=\"this.style.display='none'\"  \/>\n<h3>\n\t\tOye, Mississippi: \u00a1estudiemos a nivel local!\n\t<\/h3>\n\t<p><strong><img loading=\"lazy\" decoding=\"async\" src=\"https:\/\/ccsmart.org\/wp-content\/uploads\/arrow-left-sm.png\" alt=\"Flecha\" width=\"33\" height=\"15\" \/><\/strong> <strong>Experiencia de aprendizaje personalizada: <\/strong>La universidad comunitaria ofrece clases reducidas para garantizar que recibas la atenci\u00f3n y el apoyo personalizado que mereces.<\/p>\n<p><strong><img loading=\"lazy\" decoding=\"async\" src=\"https:\/\/ccsmart.org\/wp-content\/uploads\/arrow-left-sm.png\" alt=\"Flecha\" width=\"33\" height=\"15\" \/> Excelencia asequible:<\/strong> La educaci\u00f3n no deber\u00eda costar un dineral. Con tantas opciones de ayuda financiera, s\u00f3lo 10% de los estudiantes de colegios comunitarios de Mississippi toman un pr\u00e9stamo estudiantil.<\/p>\n<p><strong><img loading=\"lazy\" decoding=\"async\" src=\"https:\/\/ccsmart.org\/wp-content\/uploads\/arrow-left-sm.png\" alt=\"Flecha\" width=\"33\" height=\"15\" \/> Opci\u00f3n asequible:<\/strong> Obt\u00e9n los dos primeros a\u00f1os de tu t\u00edtulo de cuatro a\u00f1os y paga 57% menos en matr\u00edcula y tasas requeridas que las universidades p\u00fablicas de cuatro a\u00f1os de Mississippi.<\/p>\n<p><strong><img loading=\"lazy\" decoding=\"async\" src=\"https:\/\/ccsmart.org\/wp-content\/uploads\/arrow-left-sm.png\" alt=\"Flecha\" width=\"33\" height=\"15\" \/> Programas orientados a la carrera profesional:<\/strong> Los colegios comunitarios ofrecen una amplia gama de programas y titulaciones dise\u00f1ados pensando en tu carrera profesional. Desde formaci\u00f3n pr\u00e1ctica hasta pr\u00e1cticas en el mundo real, los colegios comunitarios ofrecen las habilidades y la experiencia que buscan los empleadores.<\/p>\n<p><strong><img loading=\"lazy\" decoding=\"async\" src=\"https:\/\/ccsmart.org\/wp-content\/uploads\/arrow-left-sm.png\" alt=\"Flecha\" width=\"33\" height=\"15\" \/> Vibrante vida en el campus: <\/strong>Con diversos clubes, deportes, eventos y actividades, siempre hay algo que hacer en el campus. Crea amistades duraderas, explora nuevos intereses y aprovecha al m\u00e1ximo tu experiencia universitaria.<\/p>\n<p><strong><img loading=\"lazy\" decoding=\"async\" src=\"https:\/\/ccsmart.org\/wp-content\/uploads\/arrow-left-sm.png\" alt=\"Flecha\" width=\"33\" height=\"15\" \/> C\u00f3modo y flexible:<\/strong> Las universidades comunitarias ofrecen una gran variedad de horarios de clase y opciones en l\u00ednea que se adaptan a tu ajetreada vida. Tanto si est\u00e1s compaginando el trabajo, la familia u otros compromisos, puedes encontrar la forma de continuar tu educaci\u00f3n a tu manera.<\/p>\n<h3>\n\t\t\u00bfListo para dar el siguiente paso y ser CCsmart con tu futuro?\n\t<\/h3>\n\t<p>Ve a ver y experimenta por ti mismo un colegio comunitario. Visita el campus, re\u00fanete con asesores y descubre por qu\u00e9 tantos estudiantes eligen la universidad comunitaria para iniciar o dar un giro a su trayectoria educativa.<\/p>\n\t<p>\u00danete a nosotros y forma parte de una comunidad que cree en tu potencial. Juntos, somos CCsmart.<\/p>\n\t<a href=\"https:\/\/www.coahomacc.edu\/ \" target=\"_blank\" rel=\"noopener\">Colegio comunitario de Coahoma<\/a><br \/>\n<a href=\"https:\/\/www.colin.edu\/\" target=\"_blank\" rel=\"noopener\">Colegio comunitario Copiah-Lincoln <\/a><br \/>\n<a href=\"https:\/\/www.eccc.edu\/ \" target=\"_blank\" rel=\"noopener\">Colegio comunitario East Central <\/a><br \/>\n<a href=\"https:\/\/www.eastms.edu\/ \" target=\"_blank\" rel=\"noopener\">Colegio Comunitario del Este de Mississippi <\/a><br \/>\n<a href=\"https:\/\/www.hindscc.edu\/ \" target=\"_blank\" rel=\"noopener\">Hinds Community College <\/a><br \/>\n<a href=\"https:\/\/holmescc.edu\/ \" target=\"_blank\" rel=\"noopener\">Holmes Community College <\/a><br \/>\n<a href=\"https:\/\/www.iccms.edu\/ \" target=\"_blank\" rel=\"noopener\">Colegio comunitario de Itawamba <\/a><br \/>\n<a href=\"https:\/\/www.jcjc.edu\/ \" target=\"_blank\" rel=\"noopener\">Jones County Junior College<\/a>\n\t<a href=\"https:\/\/www.meridiancc.edu\/ \" target=\"_blank\" rel=\"noopener\">Colegio Universitario Meridian<\/a><br \/>\n<a href=\"https:\/\/www.msdelta.edu\/ \" target=\"_blank\" rel=\"noopener\">Colegio Comunitario Delta del Misisipi <\/a><br \/>\n<a href=\"https:\/\/mgccc.edu\/\" target=\"_blank\" rel=\"noopener\">Colegio Universitario de la Costa del Golfo de Misisipi<\/a><br \/>\n<a href=\"https:\/\/www.nemcc.edu\/ \" target=\"_blank\" rel=\"noopener\">Colegio Comunitario del Noreste de Mississippi<\/a><br \/>\n<a href=\"https:\/\/www.northwestms.edu\/\" target=\"_blank\" rel=\"noopener\">Colegio Comunitario del Noroeste de Mississippi<\/a><br \/>\n<a href=\"https:\/\/prcc.edu\/\" target=\"_blank\" rel=\"noopener\">Colegio comunitario de Pearl River <\/a><br \/>\n<a href=\"https:\/\/www.smcc.edu\/ \" target=\"_blank\" rel=\"noopener\">Colegio Comunitario del Suroeste de Mississippi<\/a>\n\t\t\t<a href=\"https:\/\/ccsmart.org\/resources-news\/\" target=\"_blank\" rel=\"noopener\">\n\t\t\t\t\t\t\tM\u00e1s informaci\u00f3n\n\t\t\t\t\t<\/a>\n\t<p>y empiece hoy mismo a forjar su futuro.<\/p>\n\t\t\t\t<img loading=\"lazy\" decoding=\"async\" src=\"https:\/\/ccsmart.org\/wp-content\/uploads\/next-step-1.png\" alt=\"\" itemprop=\"image\" height=\"370\" width=\"370\" onerror=\"this.style.display='none'\"  \/>\n\t\t\t\t<img loading=\"lazy\" decoding=\"async\" src=\"https:\/\/ccsmart.org\/wp-content\/uploads\/MS-CCSmart-TwoRoundImages.png\" alt=\"MS-CCSmart-DosIm\u00e1genesRondas\" itemprop=\"image\" height=\"657\" width=\"624\" title=\"MS-CCSmart-DosIm\u00e1genesRondas\" onerror=\"this.style.display='none'\"  \/>\n<h4>\n\t\t\u00bfC\u00f3mo puedo pagar la universidad comunitaria en Mississippi?\n\t<\/h4>\n\t<p>La manera CCsmart de pagar el colegio comunitario en Mississippi implica una combinaci\u00f3n de opciones de ayuda financiera, becas y planificaci\u00f3n. En Mississippi, casi 70% de todos los estudiantes reciben alg\u00fan tipo de ayuda financiera financiada por subvenciones.  Aqu\u00ed hay una gu\u00eda completa para ayudarle a navegar el proceso:<\/p>\n\t<p><strong>PASO 1.<\/strong> Rellenar la Solicitud Gratuita de Ayuda Federal para Estudiantes (FAFSA):<\/p>\n<ul>\n<li>La FAFSA determina tu elegibilidad para becas federales, programas de trabajo-estudio y pr\u00e9stamos. Adem\u00e1s, muchos otros tipos de ayuda financiera (ayuda estatal y local) tambi\u00e9n requerir\u00e1n que completes la FAFSA. As\u00ed que hazla primero y de inmediato. <a href=\"https:\/\/studentaid.gov\/h\/apply-for-aid\/fafsa\" target=\"_blank\" rel=\"noopener\">Solicitar aqu\u00ed<\/a> en FAFSA.gov.<\/li>\n<li>El monto m\u00e1ximo de una Beca Federal Pell para el a\u00f1o de adjudicaci\u00f3n 2024-2025 es de $7,395. Con el coste medio anual de la matr\u00edcula de un colegio comunitario en Mississippi ($3,800), tendr\u00e1s algo de cambio en el bolsillo para ayudarte a llegar a fin de mes mientras vas a la escuela.<\/li>\n<li>\u00bfNecesitas ayuda? Rellenar la nueva FAFSA es m\u00e1s f\u00e1cil que nunca, y si necesitas ayuda, nosotros te ayudamos. S\u00f3lo tienes que visitar <a href=\"https:\/\/get2college.org\/\" target=\"_blank\" rel=\"noopener\">https:\/\/get2college.org\/<\/a> y reserva una cita virtual o visita un centro Get2College cerca de ti.<\/li>\n<\/ul>\n\t<p><strong>PASO 2. <\/strong>Mississippi ofrece millones para que los estudiantes vayan a la universidad. Despu\u00e9s de su FAFSA, explore y solicite los Programas Estatales de Ayuda Financiera:<\/p>\n<ul>\n<li>PLAN LEGISLATIVO DE ENSE\u00d1ANZA SUPERIOR PARA ESTUDIANTES NECESITADOS (AYUDA)<br \/>\nLos estudiantes con necesidades econ\u00f3micas deben presentar su solicitud antes del 31 de marzo.<\/li>\n<li>BECA DE AYUDA A LA MATR\u00cdCULA PARA RESIDENTES EN MISSISSIPPI (MTAG)<br \/>\nLos estudiantes residentes en Mississippi deben presentar su solicitud antes del 15 de septiembre.<\/li>\n<li>BECA PARA ESTUDIOSOS EMINENTES DE MISSISSIPPI (MESG)<br \/>\nLos estudiantes de alto rendimiento deben presentar su solicitud antes del 15 de septiembre.<\/li>\n<li>FOMENTAR EL ACCESO E INSPIRAR VERDADERA ESPERANZA BECA (FE)<br \/>\nLos j\u00f3venes en acogida pueden presentar su solicitud en cualquier momento.<\/li>\n<li>Aqu\u00ed tiene un enlace a la solicitud de ayuda financiera del Estado: <a href=\"https:\/\/maapp.msfinancialaid.org\/#\/application\/applicant-information\" target=\"_blank\" rel=\"noopener\">Solicitar aqu\u00ed<\/a>.<\/li>\n<\/ul>\n\t<p><strong>PASO 3:<\/strong> Investigar becas y ayudas institucionales:<\/p>\n<ul>\n<li>Todos los colegios comunitarios de Mississippi ofrecen becas basadas en el m\u00e9rito, la necesidad o talentos espec\u00edficos.<\/li>\n<li>Por ejemplo, muchos estudiantes aprovechan sus talentos en deportes, m\u00fasica u otras actividades extracurriculares pueden mejorar significativamente sus oportunidades de ayuda financiera en los colegios comunitarios de Mississippi.<\/li>\n<li>Otro ejemplo es el Mississippi Delta Community College, donde ofrecen becas que cubren la matr\u00edcula y el alojamiento y la manutenci\u00f3n a estudiantes acad\u00e9micamente dotados.<\/li>\n<li>Proceso de solicitud: Consulta en la oficina de ayuda econ\u00f3mica de la universidad elegida las becas disponibles y los plazos de solicitud.<\/li>\n<\/ul>\n\t<p><strong>PASO 4:<\/strong> M\u00e1s opciones de ayuda financiera en Mississippi:<\/p>\n<ul>\n<li>Programas federales de trabajo y estudio: Estos programas ofrecen trabajos a tiempo parcial a los estudiantes con necesidades econ\u00f3micas, lo que les permite ganar dinero para ayudar a pagar los gastos de educaci\u00f3n.<\/li>\n<li>Solicite becas externas. Mississippi cuenta con generosas fundaciones que ayudan a cubrir las lagunas en la educaci\u00f3n postsecundaria. Algunos ejemplos son la Community Foundation for Mississippi y la Mississippi Baptist Foundation.<\/li>\n<li>Programas de ayuda a la matr\u00edcula: Algunas empresas ofrecen programas de ayuda o reembolso de matr\u00edculas para ayudar a sus empleados a seguir form\u00e1ndose.<\/li>\n<\/ul>","protected":false},"excerpt":{"rendered":"<p>Mississippi: \u00a1estudiemos a nivel local! Experiencia de aprendizaje personalizada: El colegio comunitario ofrece clases peque\u00f1as para asegurar que recibas la atenci\u00f3n y el apoyo personalizado que mereces. Excelencia asequible: La educaci\u00f3n no debe romper el banco. Con tantas opciones de ayuda financiera, s\u00f3lo 10% de los estudiantes de colegios comunitarios de Mississippi toman un pr\u00e9stamo estudiantil. Elecci\u00f3n asequible: Obtenga los dos primeros [...]<\/p>","protected":false},"author":5,"featured_media":0,"parent":0,"menu_order":0,"comment_status":"closed","ping_status":"closed","template":"","meta":{"inline_featured_image":false,"site-sidebar-layout":"default","site-content-layout":"","ast-site-content-layout":"default","site-content-style":"default","site-sidebar-style":"default","ast-global-header-display":"disabled","ast-banner-title-visibility":"disabled","ast-main-header-display":"","ast-hfb-above-header-display":"","ast-hfb-below-header-display":"","ast-hfb-mobile-header-display":"","site-post-title":"","ast-breadcrumbs-content":"","ast-featured-img":"","footer-sml-layout":"disabled","theme-transparent-header-meta":"","adv-header-id-meta":"","stick-header-meta":"","header-above-stick-meta":"","header-main-stick-meta":"","header-below-stick-meta":"","astra-migrate-meta-layouts":"set","ast-page-background-enabled":"default","ast-page-background-meta":{"desktop":{"background-color":"","background-image":"","background-repeat":"repeat","background-position":"center center","background-size":"auto","background-attachment":"scroll","background-type":"","background-media":"","overlay-type":"","overlay-color":"","overlay-opacity":"","overlay-gradient":""},"tablet":{"background-color":"","background-image":"","background-repeat":"repeat","background-position":"center center","background-size":"auto","background-attachment":"scroll","background-type":"","background-media":"","overlay-type":"","overlay-color":"","overlay-opacity":"","overlay-gradient":""},"mobile":{"background-color":"","background-image":"","background-repeat":"repeat","background-position":"center center","background-size":"auto","background-attachment":"scroll","background-type":"","background-media":"","overlay-type":"","overlay-color":"","overlay-opacity":"","overlay-gradient":""}},"ast-content-background-meta":{"desktop":{"background-color":"var(--ast-global-color-5)","background-image":"","background-repeat":"repeat","background-position":"center center","background-size":"auto","background-attachment":"scroll","background-type":"","background-media":"","overlay-type":"","overlay-color":"","overlay-opacity":"","overlay-gradient":""},"tablet":{"background-color":"var(--ast-global-color-5)","background-image":"","background-repeat":"repeat","background-position":"center center","background-size":"auto","background-attachment":"scroll","background-type":"","background-media":"","overlay-type":"","overlay-color":"","overlay-opacity":"","overlay-gradient":""},"mobile":{"background-color":"var(--ast-global-color-5)","background-image":"","background-repeat":"repeat","background-position":"center center","background-size":"auto","background-attachment":"scroll","background-type":"","background-media":"","overlay-type":"","overlay-color":"","overlay-opacity":"","overlay-gradient":""}},"footnotes":""},"class_list":["post-932","page","type-page","status-publish","hentry"],"yoast_head":"<!-- This site is optimized with the Yoast SEO plugin v27.4 - https:\/\/yoast.com\/product\/yoast-seo-wordpress\/ -->\n<title>Mississippi &#187; CCsmart powered by Phi Theta Kappa<\/title>\n<meta name=\"description\" content=\"Hey Mississippi-Let&#039;s Study Local! Personalized Learning Experience: Community college offers small class sizes to ensure you get the attention and\" \/>\n<meta name=\"robots\" content=\"index, follow, max-snippet:-1, max-image-preview:large, max-video-preview:-1\" \/>\n<link rel=\"canonical\" href=\"https:\/\/ccsmart.org\/es\/local-mississippi\/\" \/>\n<meta property=\"og:locale\" content=\"es_MX\" \/>\n<meta property=\"og:type\" content=\"article\" \/>\n<meta property=\"og:title\" content=\"Mississippi &#187; CCsmart powered by Phi Theta Kappa\" \/>\n<meta property=\"og:description\" content=\"Hey Mississippi-Let&#039;s Study Local! Personalized Learning Experience: Community college offers small class sizes to ensure you get the attention and\" \/>\n<meta property=\"og:url\" content=\"https:\/\/ccsmart.org\/es\/local-mississippi\/\" \/>\n<meta property=\"og:site_name\" content=\"CCsmart powered by Phi Theta Kappa\" \/>\n<meta property=\"article:publisher\" content=\"https:\/\/www.facebook.com\/ccissmart\/\" \/>\n<meta property=\"article:modified_time\" content=\"2025-01-02T16:39:15+00:00\" \/>\n<meta property=\"og:image\" content=\"https:\/\/ccsmart.org\/wp-content\/uploads\/MS-Study-Local-Graphic_resized.png\" \/>\n<meta name=\"twitter:card\" content=\"summary_large_image\" \/>\n<meta name=\"twitter:site\" content=\"@cc__smart\" \/>\n<meta name=\"twitter:label1\" content=\"Tiempo de lectura\" \/>\n\t<meta name=\"twitter:data1\" content=\"5 minutos\" \/>\n<script type=\"application\/ld+json\" class=\"yoast-schema-graph\">{\"@context\":\"https:\\\/\\\/schema.org\",\"@graph\":[{\"@type\":\"WebPage\",\"@id\":\"https:\\\/\\\/ccsmart.org\\\/local-mississippi\\\/\",\"url\":\"https:\\\/\\\/ccsmart.org\\\/local-mississippi\\\/\",\"name\":\"Mississippi &#187; CCsmart powered by Phi Theta Kappa\",\"isPartOf\":{\"@id\":\"https:\\\/\\\/ccsmart.org\\\/#website\"},\"primaryImageOfPage\":{\"@id\":\"https:\\\/\\\/ccsmart.org\\\/local-mississippi\\\/#primaryimage\"},\"image\":{\"@id\":\"https:\\\/\\\/ccsmart.org\\\/local-mississippi\\\/#primaryimage\"},\"thumbnailUrl\":\"https:\\\/\\\/ccsmart.org\\\/wp-content\\\/uploads\\\/MS-Study-Local-Graphic_resized.png\",\"datePublished\":\"2024-11-25T16:43:25+00:00\",\"dateModified\":\"2025-01-02T16:39:15+00:00\",\"description\":\"Hey Mississippi-Let's Study Local! Personalized Learning Experience: Community college offers small class sizes to ensure you get the attention and\",\"inLanguage\":\"es\",\"potentialAction\":[{\"@type\":\"ReadAction\",\"target\":[\"https:\\\/\\\/ccsmart.org\\\/local-mississippi\\\/\"]}]},{\"@type\":\"ImageObject\",\"inLanguage\":\"es\",\"@id\":\"https:\\\/\\\/ccsmart.org\\\/local-mississippi\\\/#primaryimage\",\"url\":\"https:\\\/\\\/ccsmart.org\\\/wp-content\\\/uploads\\\/MS-Study-Local-Graphic_resized.png\",\"contentUrl\":\"https:\\\/\\\/ccsmart.org\\\/wp-content\\\/uploads\\\/MS-Study-Local-Graphic_resized.png\"},{\"@type\":\"WebSite\",\"@id\":\"https:\\\/\\\/ccsmart.org\\\/#website\",\"url\":\"https:\\\/\\\/ccsmart.org\\\/\",\"name\":\"CCsmart powered by Phi Theta Kappa\",\"description\":\"\",\"publisher\":{\"@id\":\"https:\\\/\\\/ccsmart.org\\\/#organization\"},\"potentialAction\":[{\"@type\":\"SearchAction\",\"target\":{\"@type\":\"EntryPoint\",\"urlTemplate\":\"https:\\\/\\\/ccsmart.org\\\/?s={search_term_string}\"},\"query-input\":{\"@type\":\"PropertyValueSpecification\",\"valueRequired\":true,\"valueName\":\"search_term_string\"}}],\"inLanguage\":\"es\"},{\"@type\":\"Organization\",\"@id\":\"https:\\\/\\\/ccsmart.org\\\/#organization\",\"name\":\"CCsmart powered by Phi Theta Kappa\",\"url\":\"https:\\\/\\\/ccsmart.org\\\/\",\"logo\":{\"@type\":\"ImageObject\",\"inLanguage\":\"es\",\"@id\":\"https:\\\/\\\/ccsmart.org\\\/#\\\/schema\\\/logo\\\/image\\\/\",\"url\":\"https:\\\/\\\/ccsmart.org\\\/wp-content\\\/uploads\\\/logo-cc-smart.png\",\"contentUrl\":\"https:\\\/\\\/ccsmart.org\\\/wp-content\\\/uploads\\\/logo-cc-smart.png\",\"width\":1819,\"height\":673,\"caption\":\"CCsmart powered by Phi Theta Kappa\"},\"image\":{\"@id\":\"https:\\\/\\\/ccsmart.org\\\/#\\\/schema\\\/logo\\\/image\\\/\"},\"sameAs\":[\"https:\\\/\\\/www.facebook.com\\\/ccissmart\\\/\",\"https:\\\/\\\/x.com\\\/cc__smart\",\"https:\\\/\\\/www.instagram.com\\\/cc__smart\\\/\"]}]}<\/script>\n<!-- \/ Yoast SEO plugin. -->","yoast_head_json":{"title":"Mississippi \" CCsmart powered by Phi Theta Kappa","description":"Mississippi: \u00a1estudiemos a nivel local! Experiencia de aprendizaje personalizada: La universidad comunitaria ofrece clases peque\u00f1as para asegurar que usted reciba la atenci\u00f3n y el apoyo que necesita.","robots":{"index":"index","follow":"follow","max-snippet":"max-snippet:-1","max-image-preview":"max-image-preview:large","max-video-preview":"max-video-preview:-1"},"canonical":"https:\/\/ccsmart.org\/es\/local-mississippi\/","og_locale":"es_MX","og_type":"article","og_title":"Mississippi &#187; CCsmart powered by Phi Theta Kappa","og_description":"Hey Mississippi-Let's Study Local! Personalized Learning Experience: Community college offers small class sizes to ensure you get the attention and","og_url":"https:\/\/ccsmart.org\/es\/local-mississippi\/","og_site_name":"CCsmart powered by Phi Theta Kappa","article_publisher":"https:\/\/www.facebook.com\/ccissmart\/","article_modified_time":"2025-01-02T16:39:15+00:00","og_image":[{"url":"https:\/\/ccsmart.org\/wp-content\/uploads\/MS-Study-Local-Graphic_resized.png","type":"","width":"","height":""}],"twitter_card":"summary_large_image","twitter_site":"@cc__smart","twitter_misc":{"Tiempo de lectura":"5 minutos"},"schema":{"@context":"https:\/\/schema.org","@graph":[{"@type":"WebPage","@id":"https:\/\/ccsmart.org\/local-mississippi\/","url":"https:\/\/ccsmart.org\/local-mississippi\/","name":"Mississippi \" CCsmart powered by Phi Theta Kappa","isPartOf":{"@id":"https:\/\/ccsmart.org\/#website"},"primaryImageOfPage":{"@id":"https:\/\/ccsmart.org\/local-mississippi\/#primaryimage"},"image":{"@id":"https:\/\/ccsmart.org\/local-mississippi\/#primaryimage"},"thumbnailUrl":"https:\/\/ccsmart.org\/wp-content\/uploads\/MS-Study-Local-Graphic_resized.png","datePublished":"2024-11-25T16:43:25+00:00","dateModified":"2025-01-02T16:39:15+00:00","description":"Mississippi: \u00a1estudiemos a nivel local! Experiencia de aprendizaje personalizada: La universidad comunitaria ofrece clases peque\u00f1as para asegurar que usted reciba la atenci\u00f3n y el apoyo que necesita.","inLanguage":"es","potentialAction":[{"@type":"ReadAction","target":["https:\/\/ccsmart.org\/local-mississippi\/"]}]},{"@type":"ImageObject","inLanguage":"es","@id":"https:\/\/ccsmart.org\/local-mississippi\/#primaryimage","url":"https:\/\/ccsmart.org\/wp-content\/uploads\/MS-Study-Local-Graphic_resized.png","contentUrl":"https:\/\/ccsmart.org\/wp-content\/uploads\/MS-Study-Local-Graphic_resized.png"},{"@type":"WebSite","@id":"https:\/\/ccsmart.org\/#website","url":"https:\/\/ccsmart.org\/","name":"CCsmart powered by Phi Theta Kappa","description":"","publisher":{"@id":"https:\/\/ccsmart.org\/#organization"},"potentialAction":[{"@type":"SearchAction","target":{"@type":"EntryPoint","urlTemplate":"https:\/\/ccsmart.org\/?s={search_term_string}"},"query-input":{"@type":"PropertyValueSpecification","valueRequired":true,"valueName":"search_term_string"}}],"inLanguage":"es"},{"@type":"Organization","@id":"https:\/\/ccsmart.org\/#organization","name":"CCsmart powered by Phi Theta Kappa","url":"https:\/\/ccsmart.org\/","logo":{"@type":"ImageObject","inLanguage":"es","@id":"https:\/\/ccsmart.org\/#\/schema\/logo\/image\/","url":"https:\/\/ccsmart.org\/wp-content\/uploads\/logo-cc-smart.png","contentUrl":"https:\/\/ccsmart.org\/wp-content\/uploads\/logo-cc-smart.png","width":1819,"height":673,"caption":"CCsmart powered by Phi Theta Kappa"},"image":{"@id":"https:\/\/ccsmart.org\/#\/schema\/logo\/image\/"},"sameAs":["https:\/\/www.facebook.com\/ccissmart\/","https:\/\/x.com\/cc__smart","https:\/\/www.instagram.com\/cc__smart\/"]}]}},"_links":{"self":[{"href":"https:\/\/ccsmart.org\/es\/wp-json\/wp\/v2\/pages\/932","targetHints":{"allow":["GET"]}}],"collection":[{"href":"https:\/\/ccsmart.org\/es\/wp-json\/wp\/v2\/pages"}],"about":[{"href":"https:\/\/ccsmart.org\/es\/wp-json\/wp\/v2\/types\/page"}],"author":[{"embeddable":true,"href":"https:\/\/ccsmart.org\/es\/wp-json\/wp\/v2\/users\/5"}],"replies":[{"embeddable":true,"href":"https:\/\/ccsmart.org\/es\/wp-json\/wp\/v2\/comments?post=932"}],"version-history":[{"count":0,"href":"https:\/\/ccsmart.org\/es\/wp-json\/wp\/v2\/pages\/932\/revisions"}],"wp:attachment":[{"href":"https:\/\/ccsmart.org\/es\/wp-json\/wp\/v2\/media?parent=932"}],"curies":[{"name":"wp","href":"https:\/\/api.w.org\/{rel}","templated":true}]}}