{"id":904,"date":"2024-08-14T14:05:28","date_gmt":"2024-08-14T19:05:28","guid":{"rendered":"https:\/\/ccsmart.org\/?page_id=904"},"modified":"2024-11-25T13:24:25","modified_gmt":"2024-11-25T19:24:25","slug":"local-missouri","status":"publish","type":"page","link":"https:\/\/ccsmart.org\/es\/local-missouri\/","title":{"rendered":"Missouri"},"content":{"rendered":"<img loading=\"lazy\" decoding=\"async\" src=\"https:\/\/ccsmart.org\/wp-content\/uploads\/study-local-missouri.png\" alt=\"Study Local, CCsmart\" itemprop=\"image\" height=\"576\" width=\"586\" title=\"Study Local, CCsmart\" onerror=\"this.style.display='none'\"  \/>\n<h3>\n\t\tMissourianos, \u00bfpor qu\u00e9 estudiar aqu\u00ed?\n\t<\/h3>\n\t<p><strong><img loading=\"lazy\" decoding=\"async\" src=\"https:\/\/ccsmart.org\/wp-content\/uploads\/arrow-left-sm.png\" alt=\"Flecha\" width=\"33\" height=\"15\" \/><\/strong> <strong>Experiencia de aprendizaje personalizada:<\/strong> Las clases reducidas te garantizan la atenci\u00f3n y el apoyo que mereces. Tanto si quieres empezar tu carrera profesional, cambiar de especialidad o trasladarte a una universidad de cuatro a\u00f1os, el profesorado de los community colleges est\u00e1 ah\u00ed para guiarte en cada paso del camino.<\/p>\n<p><strong><img loading=\"lazy\" decoding=\"async\" src=\"https:\/\/ccsmart.org\/wp-content\/uploads\/arrow-left-sm.png\" alt=\"Flecha\" width=\"33\" height=\"15\" \/> Excelencia asequible:<\/strong> La educaci\u00f3n no deber\u00eda ser un gasto excesivo. Con tasas de matr\u00edcula competitivas y opciones de ayuda financiera, puedes alcanzar tus metas en la universidad comunitaria sin crear monta\u00f1as de deudas.<\/p>\n<p><strong><img loading=\"lazy\" decoding=\"async\" src=\"https:\/\/ccsmart.org\/wp-content\/uploads\/arrow-left-sm.png\" alt=\"Flecha\" width=\"33\" height=\"15\" \/> Programas orientados a la carrera profesional:<\/strong> Los colegios comunitarios ofrecen una amplia gama de programas y titulaciones dise\u00f1ados pensando en tu carrera profesional. Desde formaci\u00f3n pr\u00e1ctica hasta pr\u00e1cticas en el mundo real, los colegios comunitarios ofrecen las habilidades y la experiencia que buscan los empleadores.<\/p>\n<p><strong><img loading=\"lazy\" decoding=\"async\" src=\"https:\/\/ccsmart.org\/wp-content\/uploads\/arrow-left-sm.png\" alt=\"Flecha\" width=\"33\" height=\"15\" \/> Vibrante vida en el campus:<\/strong> \u00danete a una vibrante comunidad de estudiantes y l\u00edderes en tu colegio comunitario local. Con diversos clubes, eventos y actividades, siempre hay algo que hacer en el campus. Crea amistades duraderas, explora nuevos intereses y aprovecha al m\u00e1ximo tu experiencia universitaria.<\/p>\n<p><strong><img loading=\"lazy\" decoding=\"async\" src=\"https:\/\/ccsmart.org\/wp-content\/uploads\/arrow-left-sm.png\" alt=\"Flecha\" width=\"33\" height=\"15\" \/> C\u00f3modo y flexible:<\/strong> Las universidades comunitarias ofrecen una gran variedad de horarios de clase y opciones en l\u00ednea que se adaptan a tu ajetreada vida. Tanto si est\u00e1s compaginando el trabajo, la familia u otros compromisos, puedes encontrar la forma de continuar tu educaci\u00f3n a tu manera.<\/p>\n<p><strong><img loading=\"lazy\" decoding=\"async\" src=\"https:\/\/ccsmart.org\/wp-content\/uploads\/arrow-left-sm.png\" alt=\"Flecha\" width=\"33\" height=\"15\" \/> Impacto local, alcance mundial:<\/strong> Forma parte de algo m\u00e1s grande. Los colegios comunitarios est\u00e1n profundamente arraigados en la comunidad, con fuertes v\u00ednculos con empresas y organizaciones locales. Tu educaci\u00f3n aqu\u00ed tiene un impacto directo en nuestra econom\u00eda local y en tu futuro.<\/p>\n<h3>\n\t\t\u00bfListo para dar el siguiente paso y ser CCsmart con tu futuro?\n\t<\/h3>\n\t<p>Ve a ver y experimenta por ti mismo un colegio comunitario. Visita el campus, re\u00fanete con asesores y descubre por qu\u00e9 tantos estudiantes eligen la universidad comunitaria para iniciar o dar un giro a su trayectoria educativa.<\/p>\n\t<p>\u00danete a nosotros y forma parte de una comunidad que cree en tu potencial. Juntos, somos CCsmart.<\/p>\n\t<a href=\"https:\/\/www.crowder.edu\/\" target=\"_blank\" rel=\"noopener\"><strong>Colegio Crowder<\/strong><\/a><br \/>\n<a href=\"https:\/\/www.eastcentral.edu\/\" target=\"_blank\" rel=\"noopener\"><strong>Colegio East Central<\/strong><\/a><br \/>\n<a href=\"https:\/\/www.jeffco.edu\/\" target=\"_blank\" rel=\"noopener\"><strong>Colegio Jefferson<\/strong><\/a><br \/>\n<a href=\"https:\/\/www.mcckc.edu\/\" target=\"_blank\" rel=\"noopener\"><strong>Colegio Comunitario Metropolitano<\/strong><\/a><br \/>\n<a href=\"https:\/\/www.mineralarea.edu\/\" target=\"_blank\" rel=\"noopener\"><strong>Universidad de Mineral<\/strong><\/a><br \/>\n<a href=\"https:\/\/www.macc.edu\/\" target=\"_blank\" rel=\"noopener\"><strong>Colegio comunitario del \u00e1rea de Moberly<\/strong><\/a>\n\t<a href=\"https:\/\/www.ncmissouri.edu\/\" target=\"_blank\" rel=\"noopener\"><strong>Universidad North Central Missouri<\/strong><\/a><br \/>\n<a href=\"https:\/\/www.otc.edu\/\" target=\"_blank\" rel=\"noopener\"><strong>Escuela T\u00e9cnica Superior de Ozarks<\/strong><\/a><br \/>\n<a href=\"https:\/\/www.stchas.edu\/\" target=\"_blank\" rel=\"noopener\"><strong>Colegio comunitario St. Charles<\/strong><\/a><br \/>\n<a href=\"https:\/\/www.stlcc.edu\/\" target=\"_blank\" rel=\"noopener\"><strong>St. Louis Community College<\/strong><\/a><br \/>\n<a href=\"https:\/\/www.sfccmo.edu\/\" target=\"_blank\" rel=\"noopener\"><strong>State Fair Community College<\/strong><\/a><br \/>\n<a href=\"https:\/\/www.trcc.edu\/home.php\" target=\"_blank\" rel=\"noopener\"><strong>Universidad Three Rivers<\/strong><\/a>\n\t\t\t<a href=\"https:\/\/ccsmart.org\/resources-news\/\" target=\"_blank\" rel=\"noopener\">\n\t\t\t\t\t\t\tM\u00e1s informaci\u00f3n\n\t\t\t\t\t<\/a>\n\t<p>y empiece hoy mismo a forjar su futuro.<\/p>\n\t\t\t\t<img loading=\"lazy\" decoding=\"async\" src=\"https:\/\/ccsmart.org\/wp-content\/uploads\/next-step-1.png\" alt=\"\" itemprop=\"image\" height=\"370\" width=\"370\" onerror=\"this.style.display='none'\"  \/>\n\t\t\t\t<img loading=\"lazy\" decoding=\"async\" src=\"https:\/\/ccsmart.org\/wp-content\/uploads\/funding-resources.png\" alt=\"Recursos educativos y de financiaci\u00f3n en Arkansas\" itemprop=\"image\" height=\"657\" width=\"624\" title=\"Recursos educativos y de financiaci\u00f3n en Arkansas\" onerror=\"this.style.display='none'\"  \/>\n<h4>\n\t\tRecursos de educaci\u00f3n y financiaci\u00f3n en Misuri\n\t<\/h4>\n\t<p>La matr\u00edcula promedio de las universidades p\u00fablicas de dos a\u00f1os de Missouri es 55% menor que la de las universidades p\u00fablicas de cuatro a\u00f1os de Missouri. Si quieres ir a un colegio comunitario, Missouri te ayuda a encontrar la manera.<\/p>\n\t<p>\u00bfAlguna de estas preguntas se aplica a su caso?<\/p>\n\t<strong><img loading=\"lazy\" decoding=\"async\" src=\"https:\/\/ccsmart.org\/wp-content\/uploads\/arrow-left-sm.png\" alt=\"Flecha\" width=\"33\" height=\"15\" \/><\/strong> <strong>Soy un estudiante de bachillerato en busca de pr\u00f3ximos pasos.<br \/>\n<\/strong>Programa de becas A <a href=\"https:\/\/dhewd.mo.gov\/ppc\/grants\/aplusscholarship.php\" target=\"_blank\" rel=\"noopener\">https:\/\/dhewd.mo.gov\/ppc\/grants\/aplusscholarship.php<\/a> es una beca basada en el m\u00e9rito que proporciona fondos de becas a graduados elegibles de escuelas secundarias designadas A+ que asisten a colegios comunitarios o escuelas vocacionales\/t\u00e9cnicas p\u00fablicas participantes, o a ciertas escuelas vocacionales\/t\u00e9cnicas privadas de dos a\u00f1os.\n<strong><img loading=\"lazy\" decoding=\"async\" src=\"https:\/\/ccsmart.org\/wp-content\/uploads\/arrow-left-sm.png\" alt=\"Flecha\" width=\"33\" height=\"15\" \/> Soy un estudiante adulto que busca una carrera de alta demanda.<br \/>\n<\/strong>Acceda a la Subvenci\u00f3n de Incentivo a la Mano de Obra por V\u00eda R\u00e1pida. <a href=\"https:\/\/dhewd.mo.gov\/initiatives\/fasttrackgrant_for_students.php\" target=\"_blank\" rel=\"noopener\">https:\/\/dhewd.mo.gov\/initiatives\/fasttrackgrant_for_students.php<\/a>.<br \/>\nEl Fast Track Workforce Incentive Grant es un programa dise\u00f1ado para proporcionar a los adultos la educaci\u00f3n y las habilidades necesarias para entrar en la fuerza de trabajo en los campos que est\u00e1n en alta demanda.\n<strong><img loading=\"lazy\" decoding=\"async\" src=\"https:\/\/ccsmart.org\/wp-content\/uploads\/arrow-left-sm.png\" alt=\"Flecha\" width=\"33\" height=\"15\" \/> Soy un superdotado del instituto.<br \/>\n<\/strong>Puede optar al programa Bright Flight <a href=\"https:\/\/dhewd.mo.gov\/ppc\/grants\/brightflight.php\" target=\"_blank\" rel=\"noopener\">https:\/\/dhewd.mo.gov\/ppc\/grants\/brightflight.php<\/a> es un programa basado en el m\u00e9rito que anima a los estudiantes de \u00faltimo curso de secundaria mejor clasificados a asistir a escuelas postsecundarias aprobadas de Missouri.\n<strong><img loading=\"lazy\" decoding=\"async\" src=\"https:\/\/ccsmart.org\/wp-content\/uploads\/arrow-left-sm.png\" alt=\"Flecha\" width=\"33\" height=\"15\" \/> Necesito algo m\u00e1s que una beca Pell para ir a la universidad.<br \/>\n<\/strong>Usted puede optar al Programa Access Missouri <a href=\"https:\/\/dhewd.mo.gov\/ppc\/grants\/accessmo.php\" target=\"_blank\" rel=\"noopener\">https:\/\/dhewd.mo.gov\/ppc\/grants\/accessmo.php<\/a>. Acceso Missouri es un programa basado en la necesidad dise\u00f1ado para ser f\u00e1cil de entender, proporcionar previsible, premios port\u00e1tiles, y aumentar el acceso a su escuela de elecci\u00f3n.\n<p>En <a href=\"https:\/\/studentaid.gov\/\" target=\"_blank\" rel=\"noopener\">FAFSA<\/a> es la Solicitud Gratuita de Ayuda Federal para Estudiantes. Algunos estados y universidades utilizan la informaci\u00f3n del formulario FAFSA para determinar tu elegibilidad para sus subvenciones, becas y pr\u00e9stamos. El incumplimiento de un plazo estatal no afecta su elegibilidad para la ayuda federal para estudiantes, as\u00ed que llene su formulario FAFSA incluso si el plazo de su estado ha pasado.<\/p>","protected":false},"excerpt":{"rendered":"<p>Missourianos, \u00bfpor qu\u00e9 estudiar aqu\u00ed? Experiencia de aprendizaje personalizada: Las clases peque\u00f1as te garantizan la atenci\u00f3n y el apoyo que mereces. Ya sea que est\u00e9s buscando comenzar tu carrera, cambiar de campo, o transferirte a una universidad de cuatro a\u00f1os, la facultad dedicada de los colegios comunitarios est\u00e1 ah\u00ed para guiarte en cada paso del camino. Excelencia asequible: La educaci\u00f3n no deber\u00eda [...]<\/p>","protected":false},"author":2,"featured_media":0,"parent":0,"menu_order":0,"comment_status":"closed","ping_status":"closed","template":"","meta":{"inline_featured_image":false,"site-sidebar-layout":"default","site-content-layout":"","ast-site-content-layout":"default","site-content-style":"default","site-sidebar-style":"default","ast-global-header-display":"disabled","ast-banner-title-visibility":"disabled","ast-main-header-display":"","ast-hfb-above-header-display":"","ast-hfb-below-header-display":"","ast-hfb-mobile-header-display":"","site-post-title":"","ast-breadcrumbs-content":"","ast-featured-img":"","footer-sml-layout":"disabled","theme-transparent-header-meta":"","adv-header-id-meta":"","stick-header-meta":"","header-above-stick-meta":"","header-main-stick-meta":"","header-below-stick-meta":"","astra-migrate-meta-layouts":"set","ast-page-background-enabled":"default","ast-page-background-meta":{"desktop":{"background-color":"","background-image":"","background-repeat":"repeat","background-position":"center center","background-size":"auto","background-attachment":"scroll","background-type":"","background-media":"","overlay-type":"","overlay-color":"","overlay-opacity":"","overlay-gradient":""},"tablet":{"background-color":"","background-image":"","background-repeat":"repeat","background-position":"center center","background-size":"auto","background-attachment":"scroll","background-type":"","background-media":"","overlay-type":"","overlay-color":"","overlay-opacity":"","overlay-gradient":""},"mobile":{"background-color":"","background-image":"","background-repeat":"repeat","background-position":"center center","background-size":"auto","background-attachment":"scroll","background-type":"","background-media":"","overlay-type":"","overlay-color":"","overlay-opacity":"","overlay-gradient":""}},"ast-content-background-meta":{"desktop":{"background-color":"var(--ast-global-color-5)","background-image":"","background-repeat":"repeat","background-position":"center center","background-size":"auto","background-attachment":"scroll","background-type":"","background-media":"","overlay-type":"","overlay-color":"","overlay-opacity":"","overlay-gradient":""},"tablet":{"background-color":"var(--ast-global-color-5)","background-image":"","background-repeat":"repeat","background-position":"center center","background-size":"auto","background-attachment":"scroll","background-type":"","background-media":"","overlay-type":"","overlay-color":"","overlay-opacity":"","overlay-gradient":""},"mobile":{"background-color":"var(--ast-global-color-5)","background-image":"","background-repeat":"repeat","background-position":"center center","background-size":"auto","background-attachment":"scroll","background-type":"","background-media":"","overlay-type":"","overlay-color":"","overlay-opacity":"","overlay-gradient":""}},"footnotes":""},"class_list":["post-904","page","type-page","status-publish","hentry"],"yoast_head":"<!-- This site is optimized with the Yoast SEO plugin v27.4 - https:\/\/yoast.com\/product\/yoast-seo-wordpress\/ -->\n<title>Missouri &#187; CCsmart powered by Phi Theta Kappa<\/title>\n<meta name=\"description\" content=\"Missourians, Why Study Local? Personalized Learning Experience: Small class sizes ensure you get the attention and support you deserve. Whether you&#039;re\" \/>\n<meta name=\"robots\" content=\"index, follow, max-snippet:-1, max-image-preview:large, max-video-preview:-1\" \/>\n<link rel=\"canonical\" href=\"https:\/\/ccsmart.org\/es\/local-missouri\/\" \/>\n<meta property=\"og:locale\" content=\"es_MX\" \/>\n<meta property=\"og:type\" content=\"article\" \/>\n<meta property=\"og:title\" content=\"Missouri &#187; CCsmart powered by Phi Theta Kappa\" \/>\n<meta property=\"og:description\" content=\"Missourians, Why Study Local? Personalized Learning Experience: Small class sizes ensure you get the attention and support you deserve. Whether you&#039;re\" \/>\n<meta property=\"og:url\" content=\"https:\/\/ccsmart.org\/es\/local-missouri\/\" \/>\n<meta property=\"og:site_name\" content=\"CCsmart powered by Phi Theta Kappa\" \/>\n<meta property=\"article:publisher\" content=\"https:\/\/www.facebook.com\/ccissmart\/\" \/>\n<meta property=\"article:modified_time\" content=\"2024-11-25T19:24:25+00:00\" \/>\n<meta property=\"og:image\" content=\"https:\/\/ccsmart.org\/wp-content\/uploads\/study-local-missouri.png\" \/>\n<meta name=\"twitter:card\" content=\"summary_large_image\" \/>\n<meta name=\"twitter:site\" content=\"@cc__smart\" \/>\n<meta name=\"twitter:label1\" content=\"Tiempo de lectura\" \/>\n\t<meta name=\"twitter:data1\" content=\"5 minutos\" \/>\n<script type=\"application\/ld+json\" class=\"yoast-schema-graph\">{\"@context\":\"https:\\\/\\\/schema.org\",\"@graph\":[{\"@type\":\"WebPage\",\"@id\":\"https:\\\/\\\/ccsmart.org\\\/local-missouri\\\/\",\"url\":\"https:\\\/\\\/ccsmart.org\\\/local-missouri\\\/\",\"name\":\"Missouri &#187; CCsmart powered by Phi Theta Kappa\",\"isPartOf\":{\"@id\":\"https:\\\/\\\/ccsmart.org\\\/#website\"},\"primaryImageOfPage\":{\"@id\":\"https:\\\/\\\/ccsmart.org\\\/local-missouri\\\/#primaryimage\"},\"image\":{\"@id\":\"https:\\\/\\\/ccsmart.org\\\/local-missouri\\\/#primaryimage\"},\"thumbnailUrl\":\"https:\\\/\\\/ccsmart.org\\\/wp-content\\\/uploads\\\/study-local-missouri.png\",\"datePublished\":\"2024-08-14T19:05:28+00:00\",\"dateModified\":\"2024-11-25T19:24:25+00:00\",\"description\":\"Missourians, Why Study Local? Personalized Learning Experience: Small class sizes ensure you get the attention and support you deserve. Whether you're\",\"inLanguage\":\"es\",\"potentialAction\":[{\"@type\":\"ReadAction\",\"target\":[\"https:\\\/\\\/ccsmart.org\\\/local-missouri\\\/\"]}]},{\"@type\":\"ImageObject\",\"inLanguage\":\"es\",\"@id\":\"https:\\\/\\\/ccsmart.org\\\/local-missouri\\\/#primaryimage\",\"url\":\"https:\\\/\\\/ccsmart.org\\\/wp-content\\\/uploads\\\/study-local-missouri.png\",\"contentUrl\":\"https:\\\/\\\/ccsmart.org\\\/wp-content\\\/uploads\\\/study-local-missouri.png\"},{\"@type\":\"WebSite\",\"@id\":\"https:\\\/\\\/ccsmart.org\\\/#website\",\"url\":\"https:\\\/\\\/ccsmart.org\\\/\",\"name\":\"CCsmart powered by Phi Theta Kappa\",\"description\":\"\",\"publisher\":{\"@id\":\"https:\\\/\\\/ccsmart.org\\\/#organization\"},\"potentialAction\":[{\"@type\":\"SearchAction\",\"target\":{\"@type\":\"EntryPoint\",\"urlTemplate\":\"https:\\\/\\\/ccsmart.org\\\/?s={search_term_string}\"},\"query-input\":{\"@type\":\"PropertyValueSpecification\",\"valueRequired\":true,\"valueName\":\"search_term_string\"}}],\"inLanguage\":\"es\"},{\"@type\":\"Organization\",\"@id\":\"https:\\\/\\\/ccsmart.org\\\/#organization\",\"name\":\"CCsmart powered by Phi Theta Kappa\",\"url\":\"https:\\\/\\\/ccsmart.org\\\/\",\"logo\":{\"@type\":\"ImageObject\",\"inLanguage\":\"es\",\"@id\":\"https:\\\/\\\/ccsmart.org\\\/#\\\/schema\\\/logo\\\/image\\\/\",\"url\":\"https:\\\/\\\/ccsmart.org\\\/wp-content\\\/uploads\\\/logo-cc-smart.png\",\"contentUrl\":\"https:\\\/\\\/ccsmart.org\\\/wp-content\\\/uploads\\\/logo-cc-smart.png\",\"width\":1819,\"height\":673,\"caption\":\"CCsmart powered by Phi Theta Kappa\"},\"image\":{\"@id\":\"https:\\\/\\\/ccsmart.org\\\/#\\\/schema\\\/logo\\\/image\\\/\"},\"sameAs\":[\"https:\\\/\\\/www.facebook.com\\\/ccissmart\\\/\",\"https:\\\/\\\/x.com\\\/cc__smart\",\"https:\\\/\\\/www.instagram.com\\\/cc__smart\\\/\"]}]}<\/script>\n<!-- \/ Yoast SEO plugin. -->","yoast_head_json":{"title":"Missouri \" CCsmart powered by Phi Theta Kappa","description":"Missourianos, \u00bfpor qu\u00e9 estudiar aqu\u00ed? Experiencia de aprendizaje personalizada: Las clases reducidas te garantizan la atenci\u00f3n y el apoyo que mereces. Tanto si eres","robots":{"index":"index","follow":"follow","max-snippet":"max-snippet:-1","max-image-preview":"max-image-preview:large","max-video-preview":"max-video-preview:-1"},"canonical":"https:\/\/ccsmart.org\/es\/local-missouri\/","og_locale":"es_MX","og_type":"article","og_title":"Missouri &#187; CCsmart powered by Phi Theta Kappa","og_description":"Missourians, Why Study Local? Personalized Learning Experience: Small class sizes ensure you get the attention and support you deserve. Whether you're","og_url":"https:\/\/ccsmart.org\/es\/local-missouri\/","og_site_name":"CCsmart powered by Phi Theta Kappa","article_publisher":"https:\/\/www.facebook.com\/ccissmart\/","article_modified_time":"2024-11-25T19:24:25+00:00","og_image":[{"url":"https:\/\/ccsmart.org\/wp-content\/uploads\/study-local-missouri.png","type":"","width":"","height":""}],"twitter_card":"summary_large_image","twitter_site":"@cc__smart","twitter_misc":{"Tiempo de lectura":"5 minutos"},"schema":{"@context":"https:\/\/schema.org","@graph":[{"@type":"WebPage","@id":"https:\/\/ccsmart.org\/local-missouri\/","url":"https:\/\/ccsmart.org\/local-missouri\/","name":"Missouri \" CCsmart powered by Phi Theta Kappa","isPartOf":{"@id":"https:\/\/ccsmart.org\/#website"},"primaryImageOfPage":{"@id":"https:\/\/ccsmart.org\/local-missouri\/#primaryimage"},"image":{"@id":"https:\/\/ccsmart.org\/local-missouri\/#primaryimage"},"thumbnailUrl":"https:\/\/ccsmart.org\/wp-content\/uploads\/study-local-missouri.png","datePublished":"2024-08-14T19:05:28+00:00","dateModified":"2024-11-25T19:24:25+00:00","description":"Missourianos, \u00bfpor qu\u00e9 estudiar aqu\u00ed? Experiencia de aprendizaje personalizada: Las clases reducidas te garantizan la atenci\u00f3n y el apoyo que mereces. Tanto si eres","inLanguage":"es","potentialAction":[{"@type":"ReadAction","target":["https:\/\/ccsmart.org\/local-missouri\/"]}]},{"@type":"ImageObject","inLanguage":"es","@id":"https:\/\/ccsmart.org\/local-missouri\/#primaryimage","url":"https:\/\/ccsmart.org\/wp-content\/uploads\/study-local-missouri.png","contentUrl":"https:\/\/ccsmart.org\/wp-content\/uploads\/study-local-missouri.png"},{"@type":"WebSite","@id":"https:\/\/ccsmart.org\/#website","url":"https:\/\/ccsmart.org\/","name":"CCsmart powered by Phi Theta Kappa","description":"","publisher":{"@id":"https:\/\/ccsmart.org\/#organization"},"potentialAction":[{"@type":"SearchAction","target":{"@type":"EntryPoint","urlTemplate":"https:\/\/ccsmart.org\/?s={search_term_string}"},"query-input":{"@type":"PropertyValueSpecification","valueRequired":true,"valueName":"search_term_string"}}],"inLanguage":"es"},{"@type":"Organization","@id":"https:\/\/ccsmart.org\/#organization","name":"CCsmart powered by Phi Theta Kappa","url":"https:\/\/ccsmart.org\/","logo":{"@type":"ImageObject","inLanguage":"es","@id":"https:\/\/ccsmart.org\/#\/schema\/logo\/image\/","url":"https:\/\/ccsmart.org\/wp-content\/uploads\/logo-cc-smart.png","contentUrl":"https:\/\/ccsmart.org\/wp-content\/uploads\/logo-cc-smart.png","width":1819,"height":673,"caption":"CCsmart powered by Phi Theta Kappa"},"image":{"@id":"https:\/\/ccsmart.org\/#\/schema\/logo\/image\/"},"sameAs":["https:\/\/www.facebook.com\/ccissmart\/","https:\/\/x.com\/cc__smart","https:\/\/www.instagram.com\/cc__smart\/"]}]}},"_links":{"self":[{"href":"https:\/\/ccsmart.org\/es\/wp-json\/wp\/v2\/pages\/904","targetHints":{"allow":["GET"]}}],"collection":[{"href":"https:\/\/ccsmart.org\/es\/wp-json\/wp\/v2\/pages"}],"about":[{"href":"https:\/\/ccsmart.org\/es\/wp-json\/wp\/v2\/types\/page"}],"author":[{"embeddable":true,"href":"https:\/\/ccsmart.org\/es\/wp-json\/wp\/v2\/users\/2"}],"replies":[{"embeddable":true,"href":"https:\/\/ccsmart.org\/es\/wp-json\/wp\/v2\/comments?post=904"}],"version-history":[{"count":0,"href":"https:\/\/ccsmart.org\/es\/wp-json\/wp\/v2\/pages\/904\/revisions"}],"wp:attachment":[{"href":"https:\/\/ccsmart.org\/es\/wp-json\/wp\/v2\/media?parent=904"}],"curies":[{"name":"wp","href":"https:\/\/api.w.org\/{rel}","templated":true}]}}