{"id":79,"date":"2022-03-11T09:25:26","date_gmt":"2022-03-11T15:25:26","guid":{"rendered":"https:\/\/ccsmart.org\/?page_id=79"},"modified":"2023-09-25T09:40:57","modified_gmt":"2023-09-25T14:40:57","slug":"colegio-comunitario-101","status":"publish","type":"page","link":"https:\/\/ccsmart.org\/es\/colegio-comunitario-101\/","title":{"rendered":"Community College 101 \/ Panorama general"},"content":{"rendered":"<h1>\n\t\tSaber antes de ir: Edici\u00f3n para colegios comunitarios\n\t<\/h1>\n\t<p>Si est\u00e1s pensando en ir a un colegio comunitario, probablemente tengas m\u00e1s que unas pocas preguntas. Nuestro objetivo es responder a sus preguntas, ayudarle a tomar decisiones informadas, y empezar en un camino hacia el \u00e9xito en la universidad de la comunidad y m\u00e1s all\u00e1.<\/p>\n\t\t\t\t<img loading=\"lazy\" decoding=\"async\" src=\"https:\/\/ccsmart.org\/wp-content\/uploads\/.\/cc1012-2.png\" alt=\"cc101(2)\" itemprop=\"image\" height=\"1080\" width=\"1080\" title=\"cc101(2)\" onerror=\"this.style.display='none'\"  \/>\n\t\t\t\t<img loading=\"lazy\" decoding=\"async\" src=\"https:\/\/ccsmart.org\/wp-content\/uploads\/benefits-value-community-college.png\" alt=\"Las ventajas y el valor del colegio comunitario.\" itemprop=\"image\" height=\"657\" width=\"624\" title=\"Las ventajas y el valor del colegio comunitario.\" onerror=\"this.style.display='none'\"  \/>\n<h2>\n\t\tLas ventajas y el valor del colegio comunitario\n\t<\/h2>\n\t<p><strong>Una opci\u00f3n que a menudo se pasa por alto para los estudiantes de bachillerato puede estar escondida delante de tus narices: tu colegio comunitario o t\u00e9cnico local.<\/strong><\/p>\n<h3><strong>\u00bfQu\u00e9 puede hacer por ti un colegio comunitario?<\/strong><\/h3>\n<p>Los colegios comunitarios tienen tanto la <strong>opciones flexibles<\/strong> y <strong>asequibilidad<\/strong> para ayudarte a alcanzar tus objetivos, sean cuales sean. Tanto si est\u00e1s pensando en incorporarte de inmediato al mundo laboral, como si quieres obtener tu licenciatura o a\u00fan est\u00e1s buscando tu camino, <strong>los colegios comunitarios tienen opciones para todos los estudiantes<\/strong>.<\/p>\n<p>En general, las universidades comunitarias <strong>baja proporci\u00f3n de alumnos por profesor<\/strong>, <strong>un alumnado diverso y de todas las profesiones y condiciones sociales<\/strong>, <strong>oferta flexible de cursos con diferentes franjas horarias para adaptarse a su horario<\/strong>y <strong>planes de estudios dise\u00f1ados para prepararte para tus pr\u00f3ximos pasos<\/strong>.<\/p>\n<h3><strong>\u00bfCu\u00e1l es el valor de asistir a un colegio comunitario?<\/strong><\/h3>\n<p>A menudo se piensa err\u00f3neamente que el bajo precio de los colegios comunitarios significa un bajo valor. La realidad es que estas instituciones acreditadas suelen ser<strong> tan exigentes como las universidades con \u00edndices de aceptaci\u00f3n m\u00e1s selectivos<\/strong>Y los cr\u00e9ditos obtenidos en ellos se transferir\u00e1n igualmente. Para muchos estudiantes, los community colleges son justo lo que necesitan para poner en marcha su carrera o sus estudios. Si exploras CCsmart, quiz\u00e1 descubras que tambi\u00e9n es la opci\u00f3n adecuada para ti.<\/p>\n<h2>\n\t\t\u00bfTe conviene el colegio comunitario?\n\t<\/h2>\n\t<p>Decidir el siguiente paso despu\u00e9s de la graduaci\u00f3n es a la vez una <strong>emocionante<\/strong> y <strong>desalentador<\/strong> tiempo para los estudiantes de secundaria. Entre preocuparse por los ex\u00e1menes finales y enfrentarse a la realidad de la edad adulta cada vez m\u00e1s cerca, <strong>muchos graduados<\/strong> no se sienten preparados para dar el siguiente salto hacia lo que les depare el futuro.<\/p>\n<p>\u00bfSalir de la universidad justo despu\u00e9s del instituto? No hay problema. La edad media de los estudiantes universitarios es <strong>26, <\/strong>creando un gran entorno para los estudiantes post-tradicionales. No importa cu\u00e1ndo empieces, el colegio comunitario es el mejor lugar para que <strong>construir la mejor versi\u00f3n de ti mismo al tiempo que creas movilidad econ\u00f3mica para ti y tu familia<\/strong>.<\/p>\n<p>Los colegios comunitarios sirven de plataforma de lanzamiento para los estudiantes - <strong>tanto un lugar seguro donde aterrizar como un punto de partida para perseguir tus objetivos<\/strong>. Pero antes de tomar la decisi\u00f3n final, hay que tener en cuenta qu\u00e9 se busca en una instituci\u00f3n.<\/p>\n<h3><strong>Quiero trabajar\u00a0<\/strong><\/h3>\n<p>Si est\u00e1 interesado en el camino m\u00e1s r\u00e1pido hacia el mundo laboral, los colegios comunitarios ofrecen muchos <strong>carreras t\u00e9cnicas y programas de certificaci\u00f3n<\/strong>. Desde la enfermer\u00eda a la fabricaci\u00f3n avanzada, pasando por la tecnolog\u00eda sanitaria y los programas de esteticista, hay muchas trayectorias profesionales que puedes iniciar con un certificado o un programa asociado.<\/p>\n<h3><strong>Quiero obtener una licenciatura<\/strong><\/h3>\n<p>Si tu plan es cursar estudios superiores, los colegios comunitarios ofrecen <strong>titulaciones asequibles y de alta calidad con cr\u00e9ditos aceptados por la mayor\u00eda de las instituciones<\/strong>. Muchas instituciones de cuatro a\u00f1os tambi\u00e9n ofrecen programas de asociaci\u00f3n con los colegios comunitarios locales, acelerando el proceso de transferencia para que sea m\u00e1s f\u00e1cil. <strong>(y menos costoso)<\/strong> para usted. Y en algunos casos, incluso hay <a href=\"https:\/\/www.communitycollegereview.com\/blog\/new-bachelors-degrees-offered-at-community-colleges\" target=\"_blank\" rel=\"noopener\"><u>colegios comunitarios que ofrecen licenciaturas<\/u><\/a> como extensi\u00f3n de sus programas de grado asociado.<\/p>\n<h3><strong>Todav\u00eda estoy decidiendo<\/strong><\/h3>\n<p>Si a\u00fan no ha decidido qu\u00e9 camino tomar, los colegios comunitarios le ofrecen un<strong> medios econ\u00f3micos para explorar sus opciones<\/strong>. Con asesores altamente cualificados sobre carreras y traslados, estar\u00e1s bien equipado para tomar decisiones informadas sobre tu futuro y obtener un t\u00edtulo que te ayude a alcanzar tus objetivos. <strong>y sin una monta\u00f1a de deudas.<\/strong><\/p>\n\t\t\t\t<img loading=\"lazy\" decoding=\"async\" src=\"https:\/\/ccsmart.org\/wp-content\/uploads\/cc1012.png\" alt=\"estudiante con auriculares\" itemprop=\"image\" height=\"1080\" width=\"1080\" title=\"cc101(2)\" onerror=\"this.style.display='none'\"  \/>\n<h2>\n\t\tC\u00f3mo hacer que el colegio comunitario funcione para ti\n\t<\/h2>\n\t<p>Como instituciones basadas en la comunidad, los colegios comunitarios dan prioridad a que sus clases sean accesibles y significativas para los estudiantes. Ya sea ofreciendo <strong>recursos para ayudar a los estudiantes a satisfacer sus necesidades fuera del aula<\/strong> o <strong>ofrecer asesoramiento individual o tutor\u00edas para mantener a los estudiantes en el buen camino<\/strong>Hay muchos programas para aprovechar en los colegios comunitarios.<\/p>\n<h3><strong>\u00bfPor qu\u00e9 la universidad comunitaria es una buena opci\u00f3n?<\/strong><\/h3>\n<p>Las universidades comunitarias se enorgullecen <strong>flexibilidad de sus clases<\/strong>El objetivo es satisfacer las necesidades tanto de los estudiantes tradicionales que salen directamente del instituto como de los estudiantes post-tradicionales que asisten a tiempo parcial o tienen otras responsabilidades. Al ofrecer <strong>opciones de d\u00eda, tarde y noche<\/strong> as\u00ed como a distancia y en persona <strong>(\u00a1e incluso h\u00edbridos!)<\/strong>Los colegios comunitarios garantizan que sus cursos sean accesibles a todo el mundo. Gracias a esta flexibilidad, los estudiantes pueden crear un horario que les convenga sin tener que hacer grandes concesiones en su vida cotidiana.<\/p>\n<h4>\n\t\tContenido relacionado:\n\t<\/h4>","protected":false},"excerpt":{"rendered":"<p>Saber antes de ir: Community College Edition Si est\u00e1s pensando en ir a un colegio comunitario, probablemente tengas m\u00e1s que unas pocas preguntas. Nuestro objetivo es responder a tus preguntas, ayudarte a tomar decisiones informadas y encaminarte hacia el \u00e9xito en el colegio comunitario y m\u00e1s all\u00e1. Los beneficios y el valor de [...]<\/p>","protected":false},"author":2,"featured_media":80,"parent":0,"menu_order":0,"comment_status":"closed","ping_status":"closed","template":"","meta":{"inline_featured_image":false,"site-sidebar-layout":"no-sidebar","site-content-layout":"page-builder","ast-site-content-layout":"","site-content-style":"default","site-sidebar-style":"default","ast-global-header-display":"","ast-banner-title-visibility":"","ast-main-header-display":"","ast-hfb-above-header-display":"","ast-hfb-below-header-display":"","ast-hfb-mobile-header-display":"","site-post-title":"disabled","ast-breadcrumbs-content":"","ast-featured-img":"disabled","footer-sml-layout":"","theme-transparent-header-meta":"","adv-header-id-meta":"","stick-header-meta":"","header-above-stick-meta":"","header-main-stick-meta":"","header-below-stick-meta":"","astra-migrate-meta-layouts":"default","ast-page-background-enabled":"default","ast-page-background-meta":{"desktop":{"background-color":"","background-image":"","background-repeat":"repeat","background-position":"center center","background-size":"auto","background-attachment":"scroll","background-type":"","background-media":"","overlay-type":"","overlay-color":"","overlay-opacity":"","overlay-gradient":""},"tablet":{"background-color":"","background-image":"","background-repeat":"repeat","background-position":"center center","background-size":"auto","background-attachment":"scroll","background-type":"","background-media":"","overlay-type":"","overlay-color":"","overlay-opacity":"","overlay-gradient":""},"mobile":{"background-color":"","background-image":"","background-repeat":"repeat","background-position":"center center","background-size":"auto","background-attachment":"scroll","background-type":"","background-media":"","overlay-type":"","overlay-color":"","overlay-opacity":"","overlay-gradient":""}},"ast-content-background-meta":{"desktop":{"background-color":"var(--ast-global-color-5)","background-image":"","background-repeat":"repeat","background-position":"center center","background-size":"auto","background-attachment":"scroll","background-type":"","background-media":"","overlay-type":"","overlay-color":"","overlay-opacity":"","overlay-gradient":""},"tablet":{"background-color":"var(--ast-global-color-5)","background-image":"","background-repeat":"repeat","background-position":"center center","background-size":"auto","background-attachment":"scroll","background-type":"","background-media":"","overlay-type":"","overlay-color":"","overlay-opacity":"","overlay-gradient":""},"mobile":{"background-color":"var(--ast-global-color-5)","background-image":"","background-repeat":"repeat","background-position":"center center","background-size":"auto","background-attachment":"scroll","background-type":"","background-media":"","overlay-type":"","overlay-color":"","overlay-opacity":"","overlay-gradient":""}},"footnotes":""},"class_list":["post-79","page","type-page","status-publish","has-post-thumbnail","hentry"],"yoast_head":"<!-- This site is optimized with the Yoast SEO plugin v27.3 - https:\/\/yoast.com\/product\/yoast-seo-wordpress\/ -->\n<title>Community College 101 \/ Overview &#187; CCsmart powered by Phi Theta Kappa<\/title>\n<meta name=\"description\" content=\"Know Before You Go: Community College Edition If you are considering a community college, you probably have more than just a few questions. Our goal is to\" \/>\n<meta name=\"robots\" content=\"index, follow, max-snippet:-1, max-image-preview:large, max-video-preview:-1\" \/>\n<link rel=\"canonical\" href=\"https:\/\/ccsmart.org\/es\/colegio-comunitario-101\/\" \/>\n<meta property=\"og:locale\" content=\"es_MX\" \/>\n<meta property=\"og:type\" content=\"article\" \/>\n<meta property=\"og:title\" content=\"Community College 101 \/ Overview &#187; CCsmart powered by Phi Theta Kappa\" \/>\n<meta property=\"og:description\" content=\"Know Before You Go: Community College Edition If you are considering a community college, you probably have more than just a few questions. Our goal is to\" \/>\n<meta property=\"og:url\" content=\"https:\/\/ccsmart.org\/es\/colegio-comunitario-101\/\" \/>\n<meta property=\"og:site_name\" content=\"CCsmart powered by Phi Theta Kappa\" \/>\n<meta property=\"article:publisher\" content=\"https:\/\/www.facebook.com\/ccissmart\/\" \/>\n<meta property=\"article:modified_time\" content=\"2023-09-25T14:40:57+00:00\" \/>\n<meta property=\"og:image\" content=\"https:\/\/ccsmart.org\/wp-content\/uploads\/pexels-keira-burton-6146925-scaled.webp\" \/>\n\t<meta property=\"og:image:width\" content=\"1920\" \/>\n\t<meta property=\"og:image:height\" content=\"1280\" \/>\n\t<meta property=\"og:image:type\" content=\"image\/jpeg\" \/>\n<meta name=\"twitter:card\" content=\"summary_large_image\" \/>\n<meta name=\"twitter:site\" content=\"@cc__smart\" \/>\n<meta name=\"twitter:label1\" content=\"Tiempo de lectura\" \/>\n\t<meta name=\"twitter:data1\" content=\"7 minutos\" \/>\n<script type=\"application\/ld+json\" class=\"yoast-schema-graph\">{\"@context\":\"https:\\\/\\\/schema.org\",\"@graph\":[{\"@type\":\"WebPage\",\"@id\":\"https:\\\/\\\/ccsmart.org\\\/community-college-101\\\/\",\"url\":\"https:\\\/\\\/ccsmart.org\\\/community-college-101\\\/\",\"name\":\"Community College 101 \\\/ Overview &#187; CCsmart powered by Phi Theta Kappa\",\"isPartOf\":{\"@id\":\"https:\\\/\\\/ccsmart.org\\\/#website\"},\"primaryImageOfPage\":{\"@id\":\"https:\\\/\\\/ccsmart.org\\\/community-college-101\\\/#primaryimage\"},\"image\":{\"@id\":\"https:\\\/\\\/ccsmart.org\\\/community-college-101\\\/#primaryimage\"},\"thumbnailUrl\":\"https:\\\/\\\/ccsmart.org\\\/wp-content\\\/uploads\\\/pexels-keira-burton-6146925-scaled.webp\",\"datePublished\":\"2022-03-11T15:25:26+00:00\",\"dateModified\":\"2023-09-25T14:40:57+00:00\",\"description\":\"Know Before You Go: Community College Edition If you are considering a community college, you probably have more than just a few questions. Our goal is to\",\"inLanguage\":\"es\",\"potentialAction\":[{\"@type\":\"ReadAction\",\"target\":[\"https:\\\/\\\/ccsmart.org\\\/community-college-101\\\/\"]}]},{\"@type\":\"ImageObject\",\"inLanguage\":\"es\",\"@id\":\"https:\\\/\\\/ccsmart.org\\\/community-college-101\\\/#primaryimage\",\"url\":\"https:\\\/\\\/ccsmart.org\\\/wp-content\\\/uploads\\\/pexels-keira-burton-6146925-scaled.webp\",\"contentUrl\":\"https:\\\/\\\/ccsmart.org\\\/wp-content\\\/uploads\\\/pexels-keira-burton-6146925-scaled.webp\",\"width\":1920,\"height\":1280},{\"@type\":\"WebSite\",\"@id\":\"https:\\\/\\\/ccsmart.org\\\/#website\",\"url\":\"https:\\\/\\\/ccsmart.org\\\/\",\"name\":\"CCsmart powered by Phi Theta Kappa\",\"description\":\"\",\"publisher\":{\"@id\":\"https:\\\/\\\/ccsmart.org\\\/#organization\"},\"potentialAction\":[{\"@type\":\"SearchAction\",\"target\":{\"@type\":\"EntryPoint\",\"urlTemplate\":\"https:\\\/\\\/ccsmart.org\\\/?s={search_term_string}\"},\"query-input\":{\"@type\":\"PropertyValueSpecification\",\"valueRequired\":true,\"valueName\":\"search_term_string\"}}],\"inLanguage\":\"es\"},{\"@type\":\"Organization\",\"@id\":\"https:\\\/\\\/ccsmart.org\\\/#organization\",\"name\":\"CCsmart powered by Phi Theta Kappa\",\"url\":\"https:\\\/\\\/ccsmart.org\\\/\",\"logo\":{\"@type\":\"ImageObject\",\"inLanguage\":\"es\",\"@id\":\"https:\\\/\\\/ccsmart.org\\\/#\\\/schema\\\/logo\\\/image\\\/\",\"url\":\"https:\\\/\\\/ccsmart.org\\\/wp-content\\\/uploads\\\/logo-cc-smart.png\",\"contentUrl\":\"https:\\\/\\\/ccsmart.org\\\/wp-content\\\/uploads\\\/logo-cc-smart.png\",\"width\":1819,\"height\":673,\"caption\":\"CCsmart powered by Phi Theta Kappa\"},\"image\":{\"@id\":\"https:\\\/\\\/ccsmart.org\\\/#\\\/schema\\\/logo\\\/image\\\/\"},\"sameAs\":[\"https:\\\/\\\/www.facebook.com\\\/ccissmart\\\/\",\"https:\\\/\\\/x.com\\\/cc__smart\",\"https:\\\/\\\/www.instagram.com\\\/cc__smart\\\/\"]}]}<\/script>\n<!-- \/ Yoast SEO plugin. -->","yoast_head_json":{"title":"Community College 101 \/ Visi\u00f3n general \" CCsmart powered by Phi Theta Kappa","description":"Saber antes de ir: Community College Edition Si est\u00e1s pensando en ir a un colegio comunitario, probablemente tengas m\u00e1s que unas pocas preguntas. Nuestro objetivo es","robots":{"index":"index","follow":"follow","max-snippet":"max-snippet:-1","max-image-preview":"max-image-preview:large","max-video-preview":"max-video-preview:-1"},"canonical":"https:\/\/ccsmart.org\/es\/colegio-comunitario-101\/","og_locale":"es_MX","og_type":"article","og_title":"Community College 101 \/ Overview &#187; CCsmart powered by Phi Theta Kappa","og_description":"Know Before You Go: Community College Edition If you are considering a community college, you probably have more than just a few questions. Our goal is to","og_url":"https:\/\/ccsmart.org\/es\/colegio-comunitario-101\/","og_site_name":"CCsmart powered by Phi Theta Kappa","article_publisher":"https:\/\/www.facebook.com\/ccissmart\/","article_modified_time":"2023-09-25T14:40:57+00:00","og_image":[{"width":1920,"height":1280,"url":"https:\/\/ccsmart.org\/wp-content\/uploads\/pexels-keira-burton-6146925-scaled.webp","type":"image\/jpeg"}],"twitter_card":"summary_large_image","twitter_site":"@cc__smart","twitter_misc":{"Tiempo de lectura":"7 minutos"},"schema":{"@context":"https:\/\/schema.org","@graph":[{"@type":"WebPage","@id":"https:\/\/ccsmart.org\/community-college-101\/","url":"https:\/\/ccsmart.org\/community-college-101\/","name":"Community College 101 \/ Visi\u00f3n general \" CCsmart powered by Phi Theta Kappa","isPartOf":{"@id":"https:\/\/ccsmart.org\/#website"},"primaryImageOfPage":{"@id":"https:\/\/ccsmart.org\/community-college-101\/#primaryimage"},"image":{"@id":"https:\/\/ccsmart.org\/community-college-101\/#primaryimage"},"thumbnailUrl":"https:\/\/ccsmart.org\/wp-content\/uploads\/pexels-keira-burton-6146925-scaled.webp","datePublished":"2022-03-11T15:25:26+00:00","dateModified":"2023-09-25T14:40:57+00:00","description":"Saber antes de ir: Community College Edition Si est\u00e1s pensando en ir a un colegio comunitario, probablemente tengas m\u00e1s que unas pocas preguntas. Nuestro objetivo es","inLanguage":"es","potentialAction":[{"@type":"ReadAction","target":["https:\/\/ccsmart.org\/community-college-101\/"]}]},{"@type":"ImageObject","inLanguage":"es","@id":"https:\/\/ccsmart.org\/community-college-101\/#primaryimage","url":"https:\/\/ccsmart.org\/wp-content\/uploads\/pexels-keira-burton-6146925-scaled.webp","contentUrl":"https:\/\/ccsmart.org\/wp-content\/uploads\/pexels-keira-burton-6146925-scaled.webp","width":1920,"height":1280},{"@type":"WebSite","@id":"https:\/\/ccsmart.org\/#website","url":"https:\/\/ccsmart.org\/","name":"CCsmart powered by Phi Theta Kappa","description":"","publisher":{"@id":"https:\/\/ccsmart.org\/#organization"},"potentialAction":[{"@type":"SearchAction","target":{"@type":"EntryPoint","urlTemplate":"https:\/\/ccsmart.org\/?s={search_term_string}"},"query-input":{"@type":"PropertyValueSpecification","valueRequired":true,"valueName":"search_term_string"}}],"inLanguage":"es"},{"@type":"Organization","@id":"https:\/\/ccsmart.org\/#organization","name":"CCsmart powered by Phi Theta Kappa","url":"https:\/\/ccsmart.org\/","logo":{"@type":"ImageObject","inLanguage":"es","@id":"https:\/\/ccsmart.org\/#\/schema\/logo\/image\/","url":"https:\/\/ccsmart.org\/wp-content\/uploads\/logo-cc-smart.png","contentUrl":"https:\/\/ccsmart.org\/wp-content\/uploads\/logo-cc-smart.png","width":1819,"height":673,"caption":"CCsmart powered by Phi Theta Kappa"},"image":{"@id":"https:\/\/ccsmart.org\/#\/schema\/logo\/image\/"},"sameAs":["https:\/\/www.facebook.com\/ccissmart\/","https:\/\/x.com\/cc__smart","https:\/\/www.instagram.com\/cc__smart\/"]}]}},"_links":{"self":[{"href":"https:\/\/ccsmart.org\/es\/wp-json\/wp\/v2\/pages\/79","targetHints":{"allow":["GET"]}}],"collection":[{"href":"https:\/\/ccsmart.org\/es\/wp-json\/wp\/v2\/pages"}],"about":[{"href":"https:\/\/ccsmart.org\/es\/wp-json\/wp\/v2\/types\/page"}],"author":[{"embeddable":true,"href":"https:\/\/ccsmart.org\/es\/wp-json\/wp\/v2\/users\/2"}],"replies":[{"embeddable":true,"href":"https:\/\/ccsmart.org\/es\/wp-json\/wp\/v2\/comments?post=79"}],"version-history":[{"count":0,"href":"https:\/\/ccsmart.org\/es\/wp-json\/wp\/v2\/pages\/79\/revisions"}],"wp:featuredmedia":[{"embeddable":true,"href":"https:\/\/ccsmart.org\/es\/wp-json\/wp\/v2\/media\/80"}],"wp:attachment":[{"href":"https:\/\/ccsmart.org\/es\/wp-json\/wp\/v2\/media?parent=79"}],"curies":[{"name":"wp","href":"https:\/\/api.w.org\/{rel}","templated":true}]}}