{"id":763,"date":"2024-05-23T16:21:47","date_gmt":"2024-05-23T21:21:47","guid":{"rendered":"https:\/\/ccsmart.org\/?page_id=763"},"modified":"2024-05-28T12:50:24","modified_gmt":"2024-05-28T17:50:24","slug":"ideas-de-cc-2","status":"publish","type":"page","link":"https:\/\/ccsmart.org\/es\/ideas-de-cc-2\/","title":{"rendered":"Podcast de estudiantes universitarios"},"content":{"rendered":"<h1>\n\t\tPodcast para estudiantes\n\t<\/h1>\n\t<p>Bienvenido a commUNITY, el destino definitivo para todo lo relacionado con los colegios comunitarios.<\/p>\n\t\t\t\t<img loading=\"lazy\" decoding=\"async\" src=\"https:\/\/ccsmart.org\/wp-content\/uploads\/PTK_PodcastGraphicSquare-scaled.webp\" alt=\"Logotipo del podcast comunitario\" itemprop=\"image\" height=\"2560\" width=\"2560\" title=\"PTK_PodcastCuadradoGr\u00e1fico\" onerror=\"this.style.display='none'\"  \/>\n<h2>\n\t\t<br \/>Emb\u00e1rcate en una aventura con los anfitriones de commUNITY mientras se sumergen en el mundo de los colegios comunitarios.\n\t<\/h2>\n\t<p>Si alguna vez has dudado del valor de la universidad comunitaria, \u00a1no temas! Nuestro podcast celebra sus alegr\u00edas y oportunidades \u00fanicas. \u00danase a nuestra animada serie para disfrutar de risas, camarader\u00eda y perspectivas reveladoras mientras destacamos la joya oculta de la educaci\u00f3n superior. Prep\u00e1rate para divertirte, inspirarte e iluminarte con commUNITY.<\/p>\n\t\t\t\t<a href=\"https:\/\/open.spotify.com\/show\/7rjZUBMlnkCKngkR5YXDha\" target=\"_blank\" rel=\"noopener\" itemprop=\"url\">\n\t\t\t\t<img loading=\"lazy\" decoding=\"async\" src=\"https:\/\/ccsmart.org\/wp-content\/uploads\/mic_small.png\" alt=\"icono de micr\u00f3fono naranja y azul\" itemprop=\"image\" height=\"164\" width=\"100\" title=\"mic_peque\u00f1o\" onerror=\"this.style.display='none'\"  \/>\n\t\t\t\t<\/a>\n\t\t\t<a href=\"https:\/\/open.spotify.com\/show\/7rjZUBMlnkCKngkR5YXDha\" target=\"_blank\" rel=\"noopener\">\n\t\t\t\t\t\t\tEscuchar\n\t\t\t\t\t<\/a>\n\t\t\t\t<a href=\"https:\/\/open.spotify.com\/show\/7rjZUBMlnkCKngkR5YXDha\" target=\"_blank\" rel=\"noopener\" itemprop=\"url\">\n\t\t\t\t<img decoding=\"async\" src=\"https:\/\/ccsmart.org\/wp-content\/plugins\/bb-plugin\/img\/pixel.png\" alt=\"\" itemprop=\"image\" onerror=\"this.style.display='none'\"  \/>\n\t\t\t\t<\/a>","protected":false},"excerpt":{"rendered":"<p>Podcast para estudiantes Bienvenido a commUNITY, el destino definitivo para todo lo relacionado con los colegios comunitarios. Emb\u00e1rcate en una aventura con los presentadores de commUNITY mientras se sumergen en el mundo de los colegios comunitarios. Si alguna vez has cuestionado el valor de la universidad comunitaria, \u00a1no temas! Nuestro podcast celebra sus alegr\u00edas y oportunidades \u00fanicas. \u00danete a nuestra animada serie para re\u00edr, [...]<\/p>","protected":false},"author":13,"featured_media":0,"parent":0,"menu_order":0,"comment_status":"closed","ping_status":"closed","template":"","meta":{"inline_featured_image":false,"site-sidebar-layout":"default","site-content-layout":"","ast-site-content-layout":"default","site-content-style":"default","site-sidebar-style":"default","ast-global-header-display":"","ast-banner-title-visibility":"","ast-main-header-display":"","ast-hfb-above-header-display":"","ast-hfb-below-header-display":"","ast-hfb-mobile-header-display":"","site-post-title":"disabled","ast-breadcrumbs-content":"","ast-featured-img":"","footer-sml-layout":"","theme-transparent-header-meta":"","adv-header-id-meta":"","stick-header-meta":"","header-above-stick-meta":"","header-main-stick-meta":"","header-below-stick-meta":"","astra-migrate-meta-layouts":"set","ast-page-background-enabled":"default","ast-page-background-meta":{"desktop":{"background-color":"","background-image":"","background-repeat":"repeat","background-position":"center center","background-size":"auto","background-attachment":"scroll","background-type":"","background-media":"","overlay-type":"","overlay-color":"","overlay-opacity":"","overlay-gradient":""},"tablet":{"background-color":"","background-image":"","background-repeat":"repeat","background-position":"center center","background-size":"auto","background-attachment":"scroll","background-type":"","background-media":"","overlay-type":"","overlay-color":"","overlay-opacity":"","overlay-gradient":""},"mobile":{"background-color":"","background-image":"","background-repeat":"repeat","background-position":"center center","background-size":"auto","background-attachment":"scroll","background-type":"","background-media":"","overlay-type":"","overlay-color":"","overlay-opacity":"","overlay-gradient":""}},"ast-content-background-meta":{"desktop":{"background-color":"var(--ast-global-color-5)","background-image":"","background-repeat":"repeat","background-position":"center center","background-size":"auto","background-attachment":"scroll","background-type":"","background-media":"","overlay-type":"","overlay-color":"","overlay-opacity":"","overlay-gradient":""},"tablet":{"background-color":"var(--ast-global-color-5)","background-image":"","background-repeat":"repeat","background-position":"center center","background-size":"auto","background-attachment":"scroll","background-type":"","background-media":"","overlay-type":"","overlay-color":"","overlay-opacity":"","overlay-gradient":""},"mobile":{"background-color":"var(--ast-global-color-5)","background-image":"","background-repeat":"repeat","background-position":"center center","background-size":"auto","background-attachment":"scroll","background-type":"","background-media":"","overlay-type":"","overlay-color":"","overlay-opacity":"","overlay-gradient":""}},"footnotes":""},"class_list":["post-763","page","type-page","status-publish","hentry"],"yoast_head":"<!-- This site is optimized with the Yoast SEO plugin v27.3 - https:\/\/yoast.com\/product\/yoast-seo-wordpress\/ -->\n<title>ccSmart Student Podcast &#187; College Life &#187; CCSmart<\/title>\n<meta name=\"description\" content=\"Podcast hosted by community college students sharing their experiences in finding value and opportunities at community college.\" \/>\n<meta name=\"robots\" content=\"index, follow, max-snippet:-1, max-image-preview:large, max-video-preview:-1\" \/>\n<link rel=\"canonical\" href=\"https:\/\/ccsmart.org\/es\/ideas-de-cc-2\/\" \/>\n<meta property=\"og:locale\" content=\"es_MX\" \/>\n<meta property=\"og:type\" content=\"article\" \/>\n<meta property=\"og:title\" content=\"ccSmart Student Podcast &#187; College Life &#187; CCSmart\" \/>\n<meta property=\"og:description\" content=\"Podcast hosted by community college students sharing their experiences in finding value and opportunities at community college.\" \/>\n<meta property=\"og:url\" content=\"https:\/\/ccsmart.org\/es\/ideas-de-cc-2\/\" \/>\n<meta property=\"og:site_name\" content=\"CCsmart powered by Phi Theta Kappa\" \/>\n<meta property=\"article:publisher\" content=\"https:\/\/www.facebook.com\/ccissmart\/\" \/>\n<meta property=\"article:modified_time\" content=\"2024-05-28T17:50:24+00:00\" \/>\n<meta property=\"og:image\" content=\"https:\/\/ccsmart.org\/wp-content\/uploads\/PTK_PodcastGraphicSquare-scaled.webp\" \/>\n<meta name=\"twitter:card\" content=\"summary_large_image\" \/>\n<meta name=\"twitter:site\" content=\"@cc__smart\" \/>\n<meta name=\"twitter:label1\" content=\"Tiempo de lectura\" \/>\n\t<meta name=\"twitter:data1\" content=\"2 minutos\" \/>\n<script type=\"application\/ld+json\" class=\"yoast-schema-graph\">{\"@context\":\"https:\\\/\\\/schema.org\",\"@graph\":[{\"@type\":\"WebPage\",\"@id\":\"https:\\\/\\\/ccsmart.org\\\/cc-podcast\\\/\",\"url\":\"https:\\\/\\\/ccsmart.org\\\/cc-podcast\\\/\",\"name\":\"ccSmart Student Podcast &#187; College Life &#187; CCSmart\",\"isPartOf\":{\"@id\":\"https:\\\/\\\/ccsmart.org\\\/#website\"},\"primaryImageOfPage\":{\"@id\":\"https:\\\/\\\/ccsmart.org\\\/cc-podcast\\\/#primaryimage\"},\"image\":{\"@id\":\"https:\\\/\\\/ccsmart.org\\\/cc-podcast\\\/#primaryimage\"},\"thumbnailUrl\":\"https:\\\/\\\/ccsmart.org\\\/wp-content\\\/uploads\\\/PTK_PodcastGraphicSquare-scaled.webp\",\"datePublished\":\"2024-05-23T21:21:47+00:00\",\"dateModified\":\"2024-05-28T17:50:24+00:00\",\"description\":\"Podcast hosted by community college students sharing their experiences in finding value and opportunities at community college.\",\"inLanguage\":\"es\",\"potentialAction\":[{\"@type\":\"ReadAction\",\"target\":[\"https:\\\/\\\/ccsmart.org\\\/cc-podcast\\\/\"]}]},{\"@type\":\"ImageObject\",\"inLanguage\":\"es\",\"@id\":\"https:\\\/\\\/ccsmart.org\\\/cc-podcast\\\/#primaryimage\",\"url\":\"https:\\\/\\\/ccsmart.org\\\/wp-content\\\/uploads\\\/PTK_PodcastGraphicSquare-scaled.webp\",\"contentUrl\":\"https:\\\/\\\/ccsmart.org\\\/wp-content\\\/uploads\\\/PTK_PodcastGraphicSquare-scaled.webp\"},{\"@type\":\"WebSite\",\"@id\":\"https:\\\/\\\/ccsmart.org\\\/#website\",\"url\":\"https:\\\/\\\/ccsmart.org\\\/\",\"name\":\"CCsmart powered by Phi Theta Kappa\",\"description\":\"\",\"publisher\":{\"@id\":\"https:\\\/\\\/ccsmart.org\\\/#organization\"},\"potentialAction\":[{\"@type\":\"SearchAction\",\"target\":{\"@type\":\"EntryPoint\",\"urlTemplate\":\"https:\\\/\\\/ccsmart.org\\\/?s={search_term_string}\"},\"query-input\":{\"@type\":\"PropertyValueSpecification\",\"valueRequired\":true,\"valueName\":\"search_term_string\"}}],\"inLanguage\":\"es\"},{\"@type\":\"Organization\",\"@id\":\"https:\\\/\\\/ccsmart.org\\\/#organization\",\"name\":\"CCsmart powered by Phi Theta Kappa\",\"url\":\"https:\\\/\\\/ccsmart.org\\\/\",\"logo\":{\"@type\":\"ImageObject\",\"inLanguage\":\"es\",\"@id\":\"https:\\\/\\\/ccsmart.org\\\/#\\\/schema\\\/logo\\\/image\\\/\",\"url\":\"https:\\\/\\\/ccsmart.org\\\/wp-content\\\/uploads\\\/logo-cc-smart.png\",\"contentUrl\":\"https:\\\/\\\/ccsmart.org\\\/wp-content\\\/uploads\\\/logo-cc-smart.png\",\"width\":1819,\"height\":673,\"caption\":\"CCsmart powered by Phi Theta Kappa\"},\"image\":{\"@id\":\"https:\\\/\\\/ccsmart.org\\\/#\\\/schema\\\/logo\\\/image\\\/\"},\"sameAs\":[\"https:\\\/\\\/www.facebook.com\\\/ccissmart\\\/\",\"https:\\\/\\\/x.com\\\/cc__smart\",\"https:\\\/\\\/www.instagram.com\\\/cc__smart\\\/\"]}]}<\/script>\n<!-- \/ Yoast SEO plugin. -->","yoast_head_json":{"title":"ccSmart Student Podcast \" Vida universitaria \" CCSmart","description":"Podcast presentado por estudiantes de colegios comunitarios que comparten sus experiencias en la b\u00fasqueda de valor y oportunidades en el colegio comunitario.","robots":{"index":"index","follow":"follow","max-snippet":"max-snippet:-1","max-image-preview":"max-image-preview:large","max-video-preview":"max-video-preview:-1"},"canonical":"https:\/\/ccsmart.org\/es\/ideas-de-cc-2\/","og_locale":"es_MX","og_type":"article","og_title":"ccSmart Student Podcast &#187; College Life &#187; CCSmart","og_description":"Podcast hosted by community college students sharing their experiences in finding value and opportunities at community college.","og_url":"https:\/\/ccsmart.org\/es\/ideas-de-cc-2\/","og_site_name":"CCsmart powered by Phi Theta Kappa","article_publisher":"https:\/\/www.facebook.com\/ccissmart\/","article_modified_time":"2024-05-28T17:50:24+00:00","og_image":[{"url":"https:\/\/ccsmart.org\/wp-content\/uploads\/PTK_PodcastGraphicSquare-scaled.webp","type":"","width":"","height":""}],"twitter_card":"summary_large_image","twitter_site":"@cc__smart","twitter_misc":{"Tiempo de lectura":"2 minutos"},"schema":{"@context":"https:\/\/schema.org","@graph":[{"@type":"WebPage","@id":"https:\/\/ccsmart.org\/cc-podcast\/","url":"https:\/\/ccsmart.org\/cc-podcast\/","name":"ccSmart Student Podcast \" Vida universitaria \" CCSmart","isPartOf":{"@id":"https:\/\/ccsmart.org\/#website"},"primaryImageOfPage":{"@id":"https:\/\/ccsmart.org\/cc-podcast\/#primaryimage"},"image":{"@id":"https:\/\/ccsmart.org\/cc-podcast\/#primaryimage"},"thumbnailUrl":"https:\/\/ccsmart.org\/wp-content\/uploads\/PTK_PodcastGraphicSquare-scaled.webp","datePublished":"2024-05-23T21:21:47+00:00","dateModified":"2024-05-28T17:50:24+00:00","description":"Podcast presentado por estudiantes de colegios comunitarios que comparten sus experiencias en la b\u00fasqueda de valor y oportunidades en el colegio comunitario.","inLanguage":"es","potentialAction":[{"@type":"ReadAction","target":["https:\/\/ccsmart.org\/cc-podcast\/"]}]},{"@type":"ImageObject","inLanguage":"es","@id":"https:\/\/ccsmart.org\/cc-podcast\/#primaryimage","url":"https:\/\/ccsmart.org\/wp-content\/uploads\/PTK_PodcastGraphicSquare-scaled.webp","contentUrl":"https:\/\/ccsmart.org\/wp-content\/uploads\/PTK_PodcastGraphicSquare-scaled.webp"},{"@type":"WebSite","@id":"https:\/\/ccsmart.org\/#website","url":"https:\/\/ccsmart.org\/","name":"CCsmart powered by Phi Theta Kappa","description":"","publisher":{"@id":"https:\/\/ccsmart.org\/#organization"},"potentialAction":[{"@type":"SearchAction","target":{"@type":"EntryPoint","urlTemplate":"https:\/\/ccsmart.org\/?s={search_term_string}"},"query-input":{"@type":"PropertyValueSpecification","valueRequired":true,"valueName":"search_term_string"}}],"inLanguage":"es"},{"@type":"Organization","@id":"https:\/\/ccsmart.org\/#organization","name":"CCsmart powered by Phi Theta Kappa","url":"https:\/\/ccsmart.org\/","logo":{"@type":"ImageObject","inLanguage":"es","@id":"https:\/\/ccsmart.org\/#\/schema\/logo\/image\/","url":"https:\/\/ccsmart.org\/wp-content\/uploads\/logo-cc-smart.png","contentUrl":"https:\/\/ccsmart.org\/wp-content\/uploads\/logo-cc-smart.png","width":1819,"height":673,"caption":"CCsmart powered by Phi Theta Kappa"},"image":{"@id":"https:\/\/ccsmart.org\/#\/schema\/logo\/image\/"},"sameAs":["https:\/\/www.facebook.com\/ccissmart\/","https:\/\/x.com\/cc__smart","https:\/\/www.instagram.com\/cc__smart\/"]}]}},"_links":{"self":[{"href":"https:\/\/ccsmart.org\/es\/wp-json\/wp\/v2\/pages\/763","targetHints":{"allow":["GET"]}}],"collection":[{"href":"https:\/\/ccsmart.org\/es\/wp-json\/wp\/v2\/pages"}],"about":[{"href":"https:\/\/ccsmart.org\/es\/wp-json\/wp\/v2\/types\/page"}],"author":[{"embeddable":true,"href":"https:\/\/ccsmart.org\/es\/wp-json\/wp\/v2\/users\/13"}],"replies":[{"embeddable":true,"href":"https:\/\/ccsmart.org\/es\/wp-json\/wp\/v2\/comments?post=763"}],"version-history":[{"count":0,"href":"https:\/\/ccsmart.org\/es\/wp-json\/wp\/v2\/pages\/763\/revisions"}],"wp:attachment":[{"href":"https:\/\/ccsmart.org\/es\/wp-json\/wp\/v2\/media?parent=763"}],"curies":[{"name":"wp","href":"https:\/\/api.w.org\/{rel}","templated":true}]}}