{"id":55,"date":"2022-03-08T14:35:04","date_gmt":"2022-03-08T20:35:04","guid":{"rendered":"https:\/\/ccsmart.org\/?page_id=55"},"modified":"2023-10-27T16:06:25","modified_gmt":"2023-10-27T21:06:25","slug":"asistencia-financiera","status":"publish","type":"page","link":"https:\/\/ccsmart.org\/es\/asistencia-financiera\/","title":{"rendered":"Asistencia financiera"},"content":{"rendered":"<h1>\n\t\tFormas inteligentes de pagar tus estudios universitarios\n\t<\/h1>\n\t<p>\u00bfLa buena noticia? La universidad comunitaria es una de las opciones educativas m\u00e1s asequibles de Estados Unidos en la actualidad. \u00bfY lo mejor? Existen varios programas de ayuda financiera para hacerla a\u00fan m\u00e1s asequible.<\/p>\n\t\t\t\t<img loading=\"lazy\" decoding=\"async\" src=\"https:\/\/ccsmart.org\/wp-content\/uploads\/.\/cc1012-1-1.png\" alt=\"cc101(2) (1)\" itemprop=\"image\" height=\"1080\" width=\"1080\" title=\"cc101(2) (1)\" onerror=\"this.style.display='none'\"  \/>\n<h2>\n\t\tDesglose de las ayudas\n\t<\/h2>\n<h3>\n\t\tC\u00f3mo pagar el colegio comunitario\n\t<\/h3>\n\t<p>La ayuda financiera es dinero concedido por <strong>fuentes federales, estatales, escolares y privadas<\/strong> para ayudar a que la universidad sea asequible. Esto incluye <strong>subvenciones, trabajo-estudio, pr\u00e9stamos y becas.<\/strong> Cuando pensamos en ayuda financiera, solemos pensar en la Solicitud Gratuita de Ayuda Federal para Estudiantes (FAFSA) y en la beca federal Pell. Aunque son una parte importante de la ayuda financiera para los estudiantes de colegios comunitarios, las becas Pell son solo la mitad de la historia.<\/p>\n<h4><strong>Opciones de ayuda financiera<\/strong><\/h4>\n<p>Existen diferentes fuentes de ayuda financiera. Nosotros nos centramos en las que no tienes que devolver, pero, por lo general, las universidades combinan estas fuentes para que pagues la menor cantidad posible. Millones de estadounidenses que asisten a las universidades p\u00fablicas comunitarias y t\u00e9cnicas del pa\u00eds recibieron un total de 1.000 millones de euros de ayuda financiera. <strong>$17 mil millones<\/strong> en ayudas financieras el a\u00f1o pasado. S\u00ed, <em>$17,000,000,000. <\/em>He aqu\u00ed el desglose:<\/p>\n<p><strong><img loading=\"lazy\" decoding=\"async\" src=\"https:\/\/ccsmart.org\/wp-content\/uploads\/arrow-left-sm.png\" alt=\"Flecha\" width=\"33\" height=\"15\" \/> Beca Pell:<\/strong> Para los que re\u00fanan los requisitos, la beca Pell m\u00e1xima es de 1.000 euros. <strong>$7<\/strong><b>,395-<\/b>que cubre 100% de matr\u00edcula y tasas de los colegios comunitarios en casi todas las universidades. La cantidad media que reciben los estudiantes es de <b>$4,200.<\/b> Las becas Pell tambi\u00e9n est\u00e1n disponibles para los estudiantes a tiempo parcial.<\/p>\n<p><strong><img loading=\"lazy\" decoding=\"async\" src=\"https:\/\/ccsmart.org\/wp-content\/uploads\/arrow-left-sm.png\" alt=\"Flecha\" width=\"33\" height=\"15\" \/> Ayudas estatales: <\/strong>Todos los Estados tienen sus propios programas de ayuda financiera. Algunos se basan en la necesidad y otros en los m\u00e9ritos. Ayudan a cubrir las carencias cuando Pell no lo hace.<\/p>\n<p><strong><img loading=\"lazy\" decoding=\"async\" src=\"https:\/\/ccsmart.org\/wp-content\/uploads\/arrow-left-sm.png\" alt=\"Flecha\" width=\"33\" height=\"15\" \/> Ayudas institucionales: <\/strong>Las universidades comunitarias acuden al rescate recaudando fondos a nivel local para ayudar a los estudiantes. Tambi\u00e9n conceden becas basadas en el m\u00e9rito y el rendimiento (para estudiantes que participan en deportes, la banda, etc.) para una experiencia de vida en el campus.<\/p>\n<p><strong><img loading=\"lazy\" decoding=\"async\" src=\"https:\/\/ccsmart.org\/wp-content\/uploads\/arrow-left-sm.png\" alt=\"Flecha\" width=\"33\" height=\"15\" \/> Becas de organizaci\u00f3n: <\/strong>Organizaciones como <a href=\"https:\/\/ptk.org\">Sociedad de Honor Phi Theta Kappa<\/a> ofrecen a los estudiantes la oportunidad de solicitar becas de la organizaci\u00f3n para ayudarles a financiar su educaci\u00f3n en colegios comunitarios y ofrecen becas de traslado a colegios y universidades de cuatro a\u00f1os.<\/p>\n<p><strong><img loading=\"lazy\" decoding=\"async\" src=\"https:\/\/ccsmart.org\/wp-content\/uploads\/arrow-left-sm.png\" alt=\"Flecha\" width=\"33\" height=\"15\" \/> Otras fuentes: <\/strong>Becas hay en todas partes. Tu universidad puede ayudarte a encontrar becas concedidas por empresas locales, organizaciones, fuentes privadas y mucho m\u00e1s. S\u00f3lo tienes que preguntar.<\/p>\n<p><strong><img loading=\"lazy\" decoding=\"async\" src=\"https:\/\/ccsmart.org\/wp-content\/uploads\/arrow-left-sm.png\" alt=\"Flecha\" width=\"33\" height=\"15\" \/> Pr\u00e9stamos para estudiantes:<\/strong> Pueden obtenerse a trav\u00e9s de prestamistas federales o privados. Los pr\u00e9stamos estudiantiles existen, pero deben utilizarse como \u00faltimo recurso. S\u00f3lo <strong>18% de estudiantes de colegios comunitarios<\/strong> dependen de los pr\u00e9stamos para pagar la universidad.<\/p>\n<h2>\n\t\tHa solicitado plaza en una universidad comunitaria cercana, \u00bfy ahora qu\u00e9?\n\t<\/h2>\n\t<p>Averiguar c\u00f3mo pagar la universidad puede ser una tarea estresante, pero <strong>\u00a1estamos aqu\u00ed para ayudarle!<\/strong> El coste de la universidad comunitaria es una fracci\u00f3n de lo que probablemente pagues en una instituci\u00f3n de cuatro a\u00f1os - y con muchas oportunidades de becas, as\u00ed como ayuda federal, <strong>el colegio comunitario es una opci\u00f3n clara<\/strong> para el estudiante preocupado por su presupuesto.<\/p>\n<p>El primer paso es rellenar el formulario <strong>FAFSA<\/strong>. Antes de empezar, consulte la p\u00e1gina de la Oficina Federal de Ayuda al Estudiante <a href=\"https:\/\/studentaid.gov\/aid-estimator\/\">Estimador de ayuda federal a estudiantes<\/a>La FAFSA es una herramienta que le ayudar\u00e1 a calcular la cantidad de ayuda federal que puede recibir. Pero recuerde que los resultados no ser\u00e1n 100% exactos hasta que presente su FAFSA. El formulario FAFSA es m\u00e1s f\u00e1cil de rellenar que nunca, ya sea en l\u00ednea en <a href=\"http:\/\/fafsa.gov\" target=\"_blank\" rel=\"noopener\">fafsa.gov<\/a> o a trav\u00e9s de la aplicaci\u00f3n myStudentAid disponible en App Store (iOS) o Google Play (Android). El formulario FAFSA te gu\u00eda paso a paso y, si tienes alguna duda, el departamento de ayuda financiera de la universidad que elijas puede serte de gran ayuda.<\/p>\n<p>&nbsp;<\/p>\n\t\t\t\t<img loading=\"lazy\" decoding=\"async\" src=\"https:\/\/ccsmart.org\/wp-content\/uploads\/how-to-pay-for-community-college.png\" alt=\"C\u00f3mo pagar el colegio comunitario.\" itemprop=\"image\" height=\"759\" width=\"759\" title=\"C\u00f3mo pagar el colegio comunitario.\" onerror=\"this.style.display='none'\"  \/>\n\t\t\t\t<img loading=\"lazy\" decoding=\"async\" src=\"https:\/\/ccsmart.org\/wp-content\/uploads\/community-college-2.png\" alt=\"universidad comunitaria\" itemprop=\"image\" height=\"636\" width=\"624\" title=\"universidad comunitaria\" onerror=\"this.style.display='none'\"  \/>\n<h2>\n\t\tYa solicit\u00e9 la FAFSA, \u00bfqu\u00e9 sigue?\n\t<\/h2>\n\t<p>El siguiente paso es <strong>comprobar los programas de ayuda financiera de su estado<\/strong> - muchos estados tienen programas que cubren el d\u00e9ficit de matr\u00edcula restante despu\u00e9s de la ayuda federal.<\/p>\n<p>Si despu\u00e9s de estas opciones sigue habiendo un hueco, <strong>cons\u00faltalo con tu universidad.<\/strong> Algunas universidades tienen sus propios programas de ayuda econ\u00f3mica y becas por m\u00e9ritos o competitivas que puedes solicitar.<\/p>\n<p>Si el precio sigue pareci\u00e9ndole desalentador, tambi\u00e9n hay otras opciones. <strong>Trabajar a tiempo parcial<\/strong> y cursar s\u00f3lo una o dos clases a la vez puede permitirte completar tu titulaci\u00f3n a tu propio ritmo, sin gastar tanto dinero de golpe. Esta es una gran opci\u00f3n para los estudiantes que se centran en <strong>trabajo fuera de la escuela<\/strong> o <strong>para quien otras responsabilidades tienen prioridad<\/strong>que a\u00fan quieren seguir estudiando.<\/p>\n\t<h2>Ayudas federales y estatales<\/h2>\n\t<p>Comprender las ayudas federales y estatales puede resultar confuso, pero estos recursos ofrecen informaci\u00f3n clara y consejos sobre c\u00f3mo abordar el tema.<\/p>\n\t<ul>\n\t\t<li>\t\t\n\t\t\t\t<img decoding=\"async\" src=\"https:\/\/ccsmart.org\/wp-content\/uploads\/arrow-left-sm.png\" alt=\"Flecha\" title=\"Flecha\" itemprop=\"image\"\/>\n\t\t<a href=\"https:\/\/www.mypromisetool.org\/\" target=\"_blank\" rel=\"noopener\" aria-label=\"Visite https:\/\/www.mypromisetool.org\/\"> \u00bfVive en un Estado con Comunidad Universitaria Gratuita? Buscar todos los programas universitarios gratuitos<\/a><\/li><li>\t\t\n\t\t\t\t<img decoding=\"async\" src=\"https:\/\/ccsmart.org\/wp-content\/uploads\/arrow-left-sm.png\" alt=\"Flecha\" title=\"Flecha\" itemprop=\"image\"\/>\n\t\t<a href=\"https:\/\/www.forbes.com\/sites\/robertfarrington\/2020\/03\/25\/these-states-offer-tuition-free-community-college\/?sh=16b2aae514cf\" target=\"_blank\" rel=\"noopener\" aria-label=\"Visite https:\/\/www.forbes.com\/sites\/robertfarrington\/2020\/03\/25\/these-states-offer-tuition-free-community-college\/?sh=16b2aae514cf\">17 Estados que ofrecen matr\u00edcula gratuita en la universidad comunitaria<\/a><\/li><li>\t\t\n\t\t\t\t<img decoding=\"async\" src=\"https:\/\/ccsmart.org\/wp-content\/uploads\/arrow-left-sm.png\" alt=\"Flecha\" title=\"Flecha\" itemprop=\"image\"\/>\n\t\t<a href=\"https:\/\/studentaid.gov\/apply-for-aid\/fafsa\/filling-out\" target=\"_blank\" rel=\"noopener\" aria-label=\"Visite https:\/\/studentaid.gov\/apply-for-aid\/fafsa\/filling-out\">Paso a paso: C\u00f3mo solicitar el formulario FAFSA<\/a><\/li><li>\t\t\n\t\t\t\t<img decoding=\"async\" src=\"https:\/\/ccsmart.org\/wp-content\/uploads\/arrow-left-sm.png\" alt=\"Flecha\" title=\"Flecha\" itemprop=\"image\"\/>\n\t\t<a href=\"https:\/\/studentaid.gov\/h\/understand-aid\" target=\"_blank\" rel=\"noopener\" aria-label=\"Visite https:\/\/studentaid.gov\/h\/understand-aid\">C\u00f3mo funciona la ayuda financiera, tipos de ayuda, qui\u00e9n la recibe y m\u00e1s<\/a><\/li>\t<\/ul>\n<h4>\n\t\tContenido relacionado:\n\t<\/h4>\n\t\t\t\t\t\t\t\t\t\t\t\t\t\t<a href=\"https:\/\/ccsmart.org\/6-ways-to-save-money-at-community-college\/\" target=\"_self\" title=\"6 formas de ahorrar dinero en la universidad comunitaria\" rel=\"noopener\">\n\t\t\t\t<img decoding=\"async\" src=\"https:\/\/ccsmart.org\/wp-content\/uploads\/Untitled-design-18-1024x575.png\" alt=\"\" \/>\n\t\t\t\t<\/a>\n\t\t\t\t\t\t<h3>\n\t\t\t\t<a href=\"https:\/\/ccsmart.org\/6-ways-to-save-money-at-community-college\/\" title=\"6 formas de ahorrar dinero en la universidad comunitaria\" tabindex=\"0\">6 formas de ahorrar dinero en la universidad comunitaria<\/a>\t\t\t<\/h3>\n\t\t\t\t\t\t\t\tDesde estrategias para ayudarte a ahorrar en libros de texto hasta descuentos para estudiantes, explora estas ideas que te ayudar\u00e1n a mejorar tu presupuesto mientras asistes a un colegio comunitario. \n\t\t\t<a href=\"https:\/\/ccsmart.org\/6-ways-to-save-money-at-community-college\/\" target=\"_self\" role=\"button\" aria-label=\"LEER M\u00c1S\" rel=\"noopener\">\n\t\t\t\t\t\t\tLEER M\u00c1S\n\t\t<\/a>\n\t\t\t\t\t\t\t\t\t\t\t\t\t\t<a href=\"https:\/\/ccsmart.org\/how-to-make-a-budget-college-edition\/\" target=\"_self\" title=\"C\u00f3mo hacer un presupuesto - Edici\u00f3n universitaria\" rel=\"noopener\">\n\t\t\t\t<img decoding=\"async\" src=\"https:\/\/ccsmart.org\/wp-content\/uploads\/Untitled-design-17-1024x575.png\" alt=\"\" \/>\n\t\t\t\t<\/a>\n\t\t\t\t\t\t<h3>\n\t\t\t\t<a href=\"https:\/\/ccsmart.org\/how-to-make-a-budget-college-edition\/\" title=\"C\u00f3mo hacer un presupuesto - Edici\u00f3n universitaria\" tabindex=\"0\">C\u00f3mo hacer un presupuesto - Edici\u00f3n universitaria<\/a>\t\t\t<\/h3>\n\t\t\t\t\t\t\t\t\u00bfNo sabes c\u00f3mo hacer que un presupuesto te funcione? Prueba estas ideas para que entender y gestionar tus finanzas como estudiante te resulte un poco m\u00e1s f\u00e1cil.\n\t\t\t<a href=\"https:\/\/ccsmart.org\/how-to-make-a-budget-college-edition\/\" target=\"_self\" role=\"button\" aria-label=\"LEER M\u00c1S\" rel=\"noopener\">\n\t\t\t\t\t\t\tLEER M\u00c1S\n\t\t<\/a>","protected":false},"excerpt":{"rendered":"<p>Formas inteligentes de pagar tu educaci\u00f3n universitaria comunitaria \u00bfLa buena noticia? El colegio comunitario es una de las opciones educativas m\u00e1s asequibles de Estados Unidos en la actualidad. \u00bfY lo mejor? Hay una serie de programas de ayuda financiera para que sea a\u00fan m\u00e1s asequible. Desglose de las ayudas para becas C\u00f3mo pagar el colegio comunitario Las ayudas financieras son dinero [...]<\/p>","protected":false},"author":2,"featured_media":0,"parent":0,"menu_order":0,"comment_status":"closed","ping_status":"closed","template":"","meta":{"inline_featured_image":false,"site-sidebar-layout":"no-sidebar","site-content-layout":"page-builder","ast-site-content-layout":"full-width-container","site-content-style":"unboxed","site-sidebar-style":"unboxed","ast-global-header-display":"","ast-banner-title-visibility":"","ast-main-header-display":"","ast-hfb-above-header-display":"","ast-hfb-below-header-display":"","ast-hfb-mobile-header-display":"","site-post-title":"disabled","ast-breadcrumbs-content":"","ast-featured-img":"disabled","footer-sml-layout":"","theme-transparent-header-meta":"","adv-header-id-meta":"","stick-header-meta":"","header-above-stick-meta":"","header-main-stick-meta":"","header-below-stick-meta":"","astra-migrate-meta-layouts":"set","ast-page-background-enabled":"default","ast-page-background-meta":{"desktop":{"background-color":"","background-image":"","background-repeat":"repeat","background-position":"center center","background-size":"auto","background-attachment":"scroll","background-type":"","background-media":"","overlay-type":"","overlay-color":"","overlay-opacity":"","overlay-gradient":""},"tablet":{"background-color":"","background-image":"","background-repeat":"repeat","background-position":"center center","background-size":"auto","background-attachment":"scroll","background-type":"","background-media":"","overlay-type":"","overlay-color":"","overlay-opacity":"","overlay-gradient":""},"mobile":{"background-color":"","background-image":"","background-repeat":"repeat","background-position":"center center","background-size":"auto","background-attachment":"scroll","background-type":"","background-media":"","overlay-type":"","overlay-color":"","overlay-opacity":"","overlay-gradient":""}},"ast-content-background-meta":{"desktop":{"background-color":"var(--ast-global-color-5)","background-image":"","background-repeat":"repeat","background-position":"center center","background-size":"auto","background-attachment":"scroll","background-type":"","background-media":"","overlay-type":"","overlay-color":"","overlay-opacity":"","overlay-gradient":""},"tablet":{"background-color":"var(--ast-global-color-5)","background-image":"","background-repeat":"repeat","background-position":"center center","background-size":"auto","background-attachment":"scroll","background-type":"","background-media":"","overlay-type":"","overlay-color":"","overlay-opacity":"","overlay-gradient":""},"mobile":{"background-color":"var(--ast-global-color-5)","background-image":"","background-repeat":"repeat","background-position":"center center","background-size":"auto","background-attachment":"scroll","background-type":"","background-media":"","overlay-type":"","overlay-color":"","overlay-opacity":"","overlay-gradient":""}},"footnotes":""},"class_list":["post-55","page","type-page","status-publish","hentry"],"yoast_head":"<!-- This site is optimized with the Yoast SEO plugin v27.4 - https:\/\/yoast.com\/product\/yoast-seo-wordpress\/ -->\n<title>Community College Financial Assistance &#187; CCSmart<\/title>\n<meta name=\"description\" content=\"Community college is already one of the most affordable educational options in America today, and there are financial assistance options to make it even more affordable.\" \/>\n<meta name=\"robots\" content=\"index, follow, max-snippet:-1, max-image-preview:large, max-video-preview:-1\" \/>\n<link rel=\"canonical\" href=\"https:\/\/ccsmart.org\/es\/asistencia-financiera\/\" \/>\n<meta property=\"og:locale\" content=\"es_MX\" \/>\n<meta property=\"og:type\" content=\"article\" \/>\n<meta property=\"og:title\" content=\"Community College Financial Assistance &#187; CCSmart\" \/>\n<meta property=\"og:description\" content=\"Community college is already one of the most affordable educational options in America today, and there are financial assistance options to make it even more affordable.\" \/>\n<meta property=\"og:url\" content=\"https:\/\/ccsmart.org\/es\/asistencia-financiera\/\" \/>\n<meta property=\"og:site_name\" content=\"CCsmart powered by Phi Theta Kappa\" \/>\n<meta property=\"article:publisher\" content=\"https:\/\/www.facebook.com\/ccissmart\/\" \/>\n<meta property=\"article:modified_time\" content=\"2023-10-27T21:06:25+00:00\" \/>\n<meta property=\"og:image\" content=\"https:\/\/ccsmart.org\/wp-content\/uploads\/.\/cc1012-1-1.png\" \/>\n<meta name=\"twitter:card\" content=\"summary_large_image\" \/>\n<meta name=\"twitter:site\" content=\"@cc__smart\" \/>\n<script type=\"application\/ld+json\" class=\"yoast-schema-graph\">{\"@context\":\"https:\\\/\\\/schema.org\",\"@graph\":[{\"@type\":\"WebPage\",\"@id\":\"https:\\\/\\\/ccsmart.org\\\/financial-assistance\\\/\",\"url\":\"https:\\\/\\\/ccsmart.org\\\/financial-assistance\\\/\",\"name\":\"Community College Financial Assistance &#187; CCSmart\",\"isPartOf\":{\"@id\":\"https:\\\/\\\/ccsmart.org\\\/#website\"},\"primaryImageOfPage\":{\"@id\":\"https:\\\/\\\/ccsmart.org\\\/financial-assistance\\\/#primaryimage\"},\"image\":{\"@id\":\"https:\\\/\\\/ccsmart.org\\\/financial-assistance\\\/#primaryimage\"},\"thumbnailUrl\":\"https:\\\/\\\/ccsmart.org\\\/wp-content\\\/uploads\\\/.\\\/cc1012-1-1.png\",\"datePublished\":\"2022-03-08T20:35:04+00:00\",\"dateModified\":\"2023-10-27T21:06:25+00:00\",\"description\":\"Community college is already one of the most affordable educational options in America today, and there are financial assistance options to make it even more affordable.\",\"inLanguage\":\"es\",\"potentialAction\":[{\"@type\":\"ReadAction\",\"target\":[\"https:\\\/\\\/ccsmart.org\\\/financial-assistance\\\/\"]}]},{\"@type\":\"ImageObject\",\"inLanguage\":\"es\",\"@id\":\"https:\\\/\\\/ccsmart.org\\\/financial-assistance\\\/#primaryimage\",\"url\":\"https:\\\/\\\/ccsmart.org\\\/wp-content\\\/uploads\\\/.\\\/cc1012-1-1.png\",\"contentUrl\":\"https:\\\/\\\/ccsmart.org\\\/wp-content\\\/uploads\\\/.\\\/cc1012-1-1.png\"},{\"@type\":\"WebSite\",\"@id\":\"https:\\\/\\\/ccsmart.org\\\/#website\",\"url\":\"https:\\\/\\\/ccsmart.org\\\/\",\"name\":\"CCsmart powered by Phi Theta Kappa\",\"description\":\"\",\"publisher\":{\"@id\":\"https:\\\/\\\/ccsmart.org\\\/#organization\"},\"potentialAction\":[{\"@type\":\"SearchAction\",\"target\":{\"@type\":\"EntryPoint\",\"urlTemplate\":\"https:\\\/\\\/ccsmart.org\\\/?s={search_term_string}\"},\"query-input\":{\"@type\":\"PropertyValueSpecification\",\"valueRequired\":true,\"valueName\":\"search_term_string\"}}],\"inLanguage\":\"es\"},{\"@type\":\"Organization\",\"@id\":\"https:\\\/\\\/ccsmart.org\\\/#organization\",\"name\":\"CCsmart powered by Phi Theta Kappa\",\"url\":\"https:\\\/\\\/ccsmart.org\\\/\",\"logo\":{\"@type\":\"ImageObject\",\"inLanguage\":\"es\",\"@id\":\"https:\\\/\\\/ccsmart.org\\\/#\\\/schema\\\/logo\\\/image\\\/\",\"url\":\"https:\\\/\\\/ccsmart.org\\\/wp-content\\\/uploads\\\/logo-cc-smart.png\",\"contentUrl\":\"https:\\\/\\\/ccsmart.org\\\/wp-content\\\/uploads\\\/logo-cc-smart.png\",\"width\":1819,\"height\":673,\"caption\":\"CCsmart powered by Phi Theta Kappa\"},\"image\":{\"@id\":\"https:\\\/\\\/ccsmart.org\\\/#\\\/schema\\\/logo\\\/image\\\/\"},\"sameAs\":[\"https:\\\/\\\/www.facebook.com\\\/ccissmart\\\/\",\"https:\\\/\\\/x.com\\\/cc__smart\",\"https:\\\/\\\/www.instagram.com\\\/cc__smart\\\/\"]}]}<\/script>\n<!-- \/ Yoast SEO plugin. -->","yoast_head_json":{"title":"Ayuda financiera para colegios comunitarios \" CCSmart","description":"La universidad comunitaria ya es una de las opciones educativas m\u00e1s asequibles de Estados Unidos en la actualidad, y existen opciones de ayuda financiera para hacerla a\u00fan m\u00e1s asequible.","robots":{"index":"index","follow":"follow","max-snippet":"max-snippet:-1","max-image-preview":"max-image-preview:large","max-video-preview":"max-video-preview:-1"},"canonical":"https:\/\/ccsmart.org\/es\/asistencia-financiera\/","og_locale":"es_MX","og_type":"article","og_title":"Community College Financial Assistance &#187; CCSmart","og_description":"Community college is already one of the most affordable educational options in America today, and there are financial assistance options to make it even more affordable.","og_url":"https:\/\/ccsmart.org\/es\/asistencia-financiera\/","og_site_name":"CCsmart powered by Phi Theta Kappa","article_publisher":"https:\/\/www.facebook.com\/ccissmart\/","article_modified_time":"2023-10-27T21:06:25+00:00","og_image":[{"url":"https:\/\/ccsmart.org\/wp-content\/uploads\/.\/cc1012-1-1.png","type":"","width":"","height":""}],"twitter_card":"summary_large_image","twitter_site":"@cc__smart","schema":{"@context":"https:\/\/schema.org","@graph":[{"@type":"WebPage","@id":"https:\/\/ccsmart.org\/financial-assistance\/","url":"https:\/\/ccsmart.org\/financial-assistance\/","name":"Ayuda financiera para colegios comunitarios \" CCSmart","isPartOf":{"@id":"https:\/\/ccsmart.org\/#website"},"primaryImageOfPage":{"@id":"https:\/\/ccsmart.org\/financial-assistance\/#primaryimage"},"image":{"@id":"https:\/\/ccsmart.org\/financial-assistance\/#primaryimage"},"thumbnailUrl":"https:\/\/ccsmart.org\/wp-content\/uploads\/.\/cc1012-1-1.png","datePublished":"2022-03-08T20:35:04+00:00","dateModified":"2023-10-27T21:06:25+00:00","description":"La universidad comunitaria ya es una de las opciones educativas m\u00e1s asequibles de Estados Unidos en la actualidad, y existen opciones de ayuda financiera para hacerla a\u00fan m\u00e1s asequible.","inLanguage":"es","potentialAction":[{"@type":"ReadAction","target":["https:\/\/ccsmart.org\/financial-assistance\/"]}]},{"@type":"ImageObject","inLanguage":"es","@id":"https:\/\/ccsmart.org\/financial-assistance\/#primaryimage","url":"https:\/\/ccsmart.org\/wp-content\/uploads\/.\/cc1012-1-1.png","contentUrl":"https:\/\/ccsmart.org\/wp-content\/uploads\/.\/cc1012-1-1.png"},{"@type":"WebSite","@id":"https:\/\/ccsmart.org\/#website","url":"https:\/\/ccsmart.org\/","name":"CCsmart powered by Phi Theta Kappa","description":"","publisher":{"@id":"https:\/\/ccsmart.org\/#organization"},"potentialAction":[{"@type":"SearchAction","target":{"@type":"EntryPoint","urlTemplate":"https:\/\/ccsmart.org\/?s={search_term_string}"},"query-input":{"@type":"PropertyValueSpecification","valueRequired":true,"valueName":"search_term_string"}}],"inLanguage":"es"},{"@type":"Organization","@id":"https:\/\/ccsmart.org\/#organization","name":"CCsmart powered by Phi Theta Kappa","url":"https:\/\/ccsmart.org\/","logo":{"@type":"ImageObject","inLanguage":"es","@id":"https:\/\/ccsmart.org\/#\/schema\/logo\/image\/","url":"https:\/\/ccsmart.org\/wp-content\/uploads\/logo-cc-smart.png","contentUrl":"https:\/\/ccsmart.org\/wp-content\/uploads\/logo-cc-smart.png","width":1819,"height":673,"caption":"CCsmart powered by Phi Theta Kappa"},"image":{"@id":"https:\/\/ccsmart.org\/#\/schema\/logo\/image\/"},"sameAs":["https:\/\/www.facebook.com\/ccissmart\/","https:\/\/x.com\/cc__smart","https:\/\/www.instagram.com\/cc__smart\/"]}]}},"_links":{"self":[{"href":"https:\/\/ccsmart.org\/es\/wp-json\/wp\/v2\/pages\/55","targetHints":{"allow":["GET"]}}],"collection":[{"href":"https:\/\/ccsmart.org\/es\/wp-json\/wp\/v2\/pages"}],"about":[{"href":"https:\/\/ccsmart.org\/es\/wp-json\/wp\/v2\/types\/page"}],"author":[{"embeddable":true,"href":"https:\/\/ccsmart.org\/es\/wp-json\/wp\/v2\/users\/2"}],"replies":[{"embeddable":true,"href":"https:\/\/ccsmart.org\/es\/wp-json\/wp\/v2\/comments?post=55"}],"version-history":[{"count":0,"href":"https:\/\/ccsmart.org\/es\/wp-json\/wp\/v2\/pages\/55\/revisions"}],"wp:attachment":[{"href":"https:\/\/ccsmart.org\/es\/wp-json\/wp\/v2\/media?parent=55"}],"curies":[{"name":"wp","href":"https:\/\/api.w.org\/{rel}","templated":true}]}}