{"id":5,"date":"2020-06-25T09:17:29","date_gmt":"2020-06-25T14:17:29","guid":{"rendered":"http:\/\/ccsmart.org\/?page_id=5"},"modified":"2024-07-15T16:10:00","modified_gmt":"2024-07-15T21:10:00","slug":"pagina-de-inicio","status":"publish","type":"page","link":"https:\/\/ccsmart.org\/es\/","title":{"rendered":"P\u00e1gina de inicio"},"content":{"rendered":"<img loading=\"lazy\" decoding=\"async\" src=\"https:\/\/ccsmart.org\/wp-content\/uploads\/career.png\" alt=\"Comienzo inteligente de su carrera\" itemprop=\"image\" height=\"391\" width=\"573\" title=\"Comienzo inteligente de su carrera\" onerror=\"this.style.display='none'\"  \/>\n\t\t\t\t<img loading=\"lazy\" decoding=\"async\" src=\"https:\/\/ccsmart.org\/wp-content\/uploads\/arrow3-1.png\" alt=\"flecha3\" itemprop=\"image\" height=\"77\" width=\"166\" title=\"flecha3\" onerror=\"this.style.display='none'\"  \/>\n\t\t\t\t<img loading=\"lazy\" decoding=\"async\" src=\"https:\/\/ccsmart.org\/wp-content\/uploads\/arrow2-1.png\" alt=\"flecha2\" itemprop=\"image\" height=\"137\" width=\"228\" title=\"flecha2\" onerror=\"this.style.display='none'\"  \/>\n\t\t\t\t<img loading=\"lazy\" decoding=\"async\" src=\"https:\/\/ccsmart.org\/wp-content\/uploads\/arrow1-1.png\" alt=\"flecha1\" itemprop=\"image\" height=\"57\" width=\"114\" title=\"flecha1\" onerror=\"this.style.display='none'\"  \/>\n<h2>\n\t\tEl comienzo inteligente de tu carrera. Y de tu vida.\n\t<\/h2>\n\t<p>Una palabra resume la decisi\u00f3n de elegir una universidad comunitaria como punto de partida para la siguiente fase de tu vida: inteligente.<\/p>\n<p>Este sitio est\u00e1 aqu\u00ed para darte los hechos sobre el colegio comunitario y para ayudarte a mejorar tu experiencia en el colegio comunitario. Todo lo que necesitas saber sobre el colegio comunitario est\u00e1 aqu\u00ed, as\u00ed que haz clic y comienza tu viaje por el colegio comunitario hoy mismo.<\/p>\n\t\t\t<a href=\"\/community-college-101\/\" target=\"_self\" role=\"button\" rel=\"noopener\">\n\t\t\t\t\t\t\tVisi\u00f3n general de la universidad\n\t\t\t\t\t<\/a>\n\t\t\t<a href=\"financial-assistance\/\" target=\"_self\" role=\"button\" rel=\"noopener\">\n\t\t\t\t\t\t\tAsistencia financiera\n\t\t\t\t\t<\/a>\n<h2>\n\t\tEl valor del colegio comunitario.\n\t<\/h2>\n\t<p>La mayor\u00eda de la gente piensa que los colegios comunitarios son asequibles y accesibles. Es cierto, tienen opciones flexibles y asequibles para ayudarte a alcanzar tus objetivos, sean cuales sean. Pero tambi\u00e9n son lugares de experiencias de aprendizaje de alta calidad.<\/p>\n\t\t\t<a href=\"\/the-value-of-community-college\/\" target=\"_self\" role=\"button\" rel=\"noopener\">\n\t\t\t\t\t\t\tSeguir leyendo\n\t\t\t\t\t<\/a>\n<h2>\n\t\t\u00bfTe conviene el colegio comunitario?\n\t<\/h2>\n\t<p>Los colegios comunitarios sirven de plataforma de lanzamiento para los estudiantes: tanto un lugar seguro donde aterrizar como un punto de partida para perseguir tus objetivos. Pero antes de tomar la decisi\u00f3n final, tienes que tener en cuenta lo que buscas en una instituci\u00f3n.<\/p>\n\t\t\t<a href=\"\/transfer-resources\/\" target=\"_blank\" role=\"button\" rel=\"noopener\">\n\t\t\t\t\t\t\tRuta de transferencia\n\t\t\t\t\t<\/a>\n\t\t\t<a href=\"\/workforce-resources\/\" target=\"_blank\" role=\"button\" rel=\"noopener\">\n\t\t\t\t\t\t\ttrayectoria laboral\n\t\t\t\t\t<\/a>\n<h2>\n\t\tC\u00f3mo hacer que el colegio comunitario funcione para ti.\n\t<\/h2>\n\t<p>Ya sea proporcionando recursos para ayudar a los estudiantes a satisfacer sus necesidades fuera del aula u ofreciendo asesoramiento individual o tutor\u00edas para mantener a los estudiantes en el buen camino, hay muchos programas de los que aprovecharse en los colegios comunitarios.<\/p>\n\t\t\t<a href=\"\/college-life\/\" target=\"_blank\" role=\"button\" rel=\"noopener\">\n\t\t\t\t\t\t\tSeguir leyendo\n\t\t\t\t\t<\/a>\n\t\t\t<h3>\u00bfQuiere saber m\u00e1s sobre los colegios comunitarios?<\/h3><h5>Suscr\u00edbase a nuestro bolet\u00edn<\/h5>","protected":false},"excerpt":{"rendered":"<p>El comienzo inteligente de tu carrera. Y de tu vida. Una palabra resume la decisi\u00f3n de elegir un colegio mayor como punto de partida para la siguiente etapa de tu vida: inteligente. Este sitio web est\u00e1 pensado para informarte sobre los colegios universitarios y ayudarte a mejorar tu experiencia en ellos. Todo lo que [...]<\/p>","protected":false},"author":2,"featured_media":0,"parent":0,"menu_order":0,"comment_status":"closed","ping_status":"closed","template":"","meta":{"inline_featured_image":false,"site-sidebar-layout":"no-sidebar","site-content-layout":"page-builder","ast-site-content-layout":"full-width-container","site-content-style":"unboxed","site-sidebar-style":"unboxed","ast-global-header-display":"","ast-banner-title-visibility":"","ast-main-header-display":"","ast-hfb-above-header-display":"","ast-hfb-below-header-display":"","ast-hfb-mobile-header-display":"","site-post-title":"disabled","ast-breadcrumbs-content":"","ast-featured-img":"disabled","footer-sml-layout":"","theme-transparent-header-meta":"","adv-header-id-meta":"","stick-header-meta":"","header-above-stick-meta":"","header-main-stick-meta":"","header-below-stick-meta":"","astra-migrate-meta-layouts":"set","ast-page-background-enabled":"default","ast-page-background-meta":{"desktop":{"background-color":"","background-image":"","background-repeat":"repeat","background-position":"center center","background-size":"auto","background-attachment":"scroll","background-type":"","background-media":"","overlay-type":"","overlay-color":"","overlay-opacity":"","overlay-gradient":""},"tablet":{"background-color":"","background-image":"","background-repeat":"repeat","background-position":"center center","background-size":"auto","background-attachment":"scroll","background-type":"","background-media":"","overlay-type":"","overlay-color":"","overlay-opacity":"","overlay-gradient":""},"mobile":{"background-color":"","background-image":"","background-repeat":"repeat","background-position":"center center","background-size":"auto","background-attachment":"scroll","background-type":"","background-media":"","overlay-type":"","overlay-color":"","overlay-opacity":"","overlay-gradient":""}},"ast-content-background-meta":{"desktop":{"background-color":"var(--ast-global-color-5)","background-image":"","background-repeat":"repeat","background-position":"center center","background-size":"auto","background-attachment":"scroll","background-type":"","background-media":"","overlay-type":"","overlay-color":"","overlay-opacity":"","overlay-gradient":""},"tablet":{"background-color":"var(--ast-global-color-5)","background-image":"","background-repeat":"repeat","background-position":"center center","background-size":"auto","background-attachment":"scroll","background-type":"","background-media":"","overlay-type":"","overlay-color":"","overlay-opacity":"","overlay-gradient":""},"mobile":{"background-color":"var(--ast-global-color-5)","background-image":"","background-repeat":"repeat","background-position":"center center","background-size":"auto","background-attachment":"scroll","background-type":"","background-media":"","overlay-type":"","overlay-color":"","overlay-opacity":"","overlay-gradient":""}},"footnotes":""},"class_list":["post-5","page","type-page","status-publish","hentry"],"yoast_head":"<!-- This site is optimized with the Yoast SEO plugin v27.4 - https:\/\/yoast.com\/product\/yoast-seo-wordpress\/ -->\n<title>Community College Resources: The Smart Way to Start &#187; CCsmart<\/title>\n<meta name=\"description\" content=\"Get the facts on how community college can be the smart way to start your journey toward a four-year degree or jump start your career.\" \/>\n<meta name=\"robots\" content=\"index, follow, max-snippet:-1, max-image-preview:large, max-video-preview:-1\" \/>\n<link rel=\"canonical\" href=\"https:\/\/ccsmart.org\/es\/\" \/>\n<meta property=\"og:locale\" content=\"es_MX\" \/>\n<meta property=\"og:type\" content=\"article\" \/>\n<meta property=\"og:title\" content=\"CCsmart The smart way to start.\" \/>\n<meta property=\"og:description\" content=\"This site is here to give you the facts about community college and to help you enhance your community college experience. Everything you need to know about community college is right here, so click around and start your community college journey today.\" \/>\n<meta property=\"og:url\" content=\"https:\/\/ccsmart.org\/es\/\" \/>\n<meta property=\"og:site_name\" content=\"CCsmart powered by Phi Theta Kappa\" \/>\n<meta property=\"article:publisher\" content=\"https:\/\/www.facebook.com\/ccissmart\/\" \/>\n<meta property=\"article:modified_time\" content=\"2024-07-15T21:10:00+00:00\" \/>\n<meta property=\"og:image\" content=\"https:\/\/ccsmart.org\/wp-content\/uploads\/CCSmart-Icon-Color.png\" \/>\n\t<meta property=\"og:image:width\" content=\"248\" \/>\n\t<meta property=\"og:image:height\" content=\"246\" \/>\n\t<meta property=\"og:image:type\" content=\"image\/png\" \/>\n<meta name=\"twitter:card\" content=\"summary_large_image\" \/>\n<meta name=\"twitter:title\" content=\"CCsmart The smart way to start.\" \/>\n<meta name=\"twitter:description\" content=\"This site is here to give you the facts about community college and to help you enhance your community college experience. Everything you need to know about community college is right here, so click around and start your community college journey today.\" \/>\n<meta name=\"twitter:image\" content=\"https:\/\/ccsmart.org\/wp-content\/uploads\/CCSmart-Icon-Color.png\" \/>\n<meta name=\"twitter:site\" content=\"@cc__smart\" \/>\n<meta name=\"twitter:label1\" content=\"Tiempo de lectura\" \/>\n\t<meta name=\"twitter:data1\" content=\"3 minutos\" \/>\n<script type=\"application\/ld+json\" class=\"yoast-schema-graph\">{\"@context\":\"https:\\\/\\\/schema.org\",\"@graph\":[{\"@type\":\"WebPage\",\"@id\":\"https:\\\/\\\/ccsmart.org\\\/\",\"url\":\"https:\\\/\\\/ccsmart.org\\\/\",\"name\":\"Community College Resources: The Smart Way to Start &#187; CCsmart\",\"isPartOf\":{\"@id\":\"https:\\\/\\\/ccsmart.org\\\/#website\"},\"primaryImageOfPage\":{\"@id\":\"https:\\\/\\\/ccsmart.org\\\/#primaryimage\"},\"image\":{\"@id\":\"https:\\\/\\\/ccsmart.org\\\/#primaryimage\"},\"thumbnailUrl\":\"https:\\\/\\\/ccsmart.org\\\/wp-content\\\/uploads\\\/career.png\",\"datePublished\":\"2020-06-25T14:17:29+00:00\",\"dateModified\":\"2024-07-15T21:10:00+00:00\",\"description\":\"Get the facts on how community college can be the smart way to start your journey toward a four-year degree or jump start your career.\",\"inLanguage\":\"es\",\"potentialAction\":[{\"@type\":\"ReadAction\",\"target\":[\"https:\\\/\\\/ccsmart.org\\\/\"]}]},{\"@type\":\"ImageObject\",\"inLanguage\":\"es\",\"@id\":\"https:\\\/\\\/ccsmart.org\\\/#primaryimage\",\"url\":\"https:\\\/\\\/ccsmart.org\\\/wp-content\\\/uploads\\\/career.png\",\"contentUrl\":\"https:\\\/\\\/ccsmart.org\\\/wp-content\\\/uploads\\\/career.png\"},{\"@type\":\"WebSite\",\"@id\":\"https:\\\/\\\/ccsmart.org\\\/#website\",\"url\":\"https:\\\/\\\/ccsmart.org\\\/\",\"name\":\"CCsmart powered by Phi Theta Kappa\",\"description\":\"\",\"publisher\":{\"@id\":\"https:\\\/\\\/ccsmart.org\\\/#organization\"},\"potentialAction\":[{\"@type\":\"SearchAction\",\"target\":{\"@type\":\"EntryPoint\",\"urlTemplate\":\"https:\\\/\\\/ccsmart.org\\\/?s={search_term_string}\"},\"query-input\":{\"@type\":\"PropertyValueSpecification\",\"valueRequired\":true,\"valueName\":\"search_term_string\"}}],\"inLanguage\":\"es\"},{\"@type\":\"Organization\",\"@id\":\"https:\\\/\\\/ccsmart.org\\\/#organization\",\"name\":\"CCsmart powered by Phi Theta Kappa\",\"url\":\"https:\\\/\\\/ccsmart.org\\\/\",\"logo\":{\"@type\":\"ImageObject\",\"inLanguage\":\"es\",\"@id\":\"https:\\\/\\\/ccsmart.org\\\/#\\\/schema\\\/logo\\\/image\\\/\",\"url\":\"https:\\\/\\\/ccsmart.org\\\/wp-content\\\/uploads\\\/logo-cc-smart.png\",\"contentUrl\":\"https:\\\/\\\/ccsmart.org\\\/wp-content\\\/uploads\\\/logo-cc-smart.png\",\"width\":1819,\"height\":673,\"caption\":\"CCsmart powered by Phi Theta Kappa\"},\"image\":{\"@id\":\"https:\\\/\\\/ccsmart.org\\\/#\\\/schema\\\/logo\\\/image\\\/\"},\"sameAs\":[\"https:\\\/\\\/www.facebook.com\\\/ccissmart\\\/\",\"https:\\\/\\\/x.com\\\/cc__smart\",\"https:\\\/\\\/www.instagram.com\\\/cc__smart\\\/\"]}]}<\/script>\n<!-- \/ Yoast SEO plugin. -->","yoast_head_json":{"title":"Recursos de los colegios comunitarios: La forma inteligente de empezar \" CCsmart","description":"Inf\u00f3rmate sobre c\u00f3mo el colegio comunitario puede ser la forma m\u00e1s inteligente de iniciar tu camino hacia un t\u00edtulo de cuatro a\u00f1os o de dar un impulso a tu carrera profesional.","robots":{"index":"index","follow":"follow","max-snippet":"max-snippet:-1","max-image-preview":"max-image-preview:large","max-video-preview":"max-video-preview:-1"},"canonical":"https:\/\/ccsmart.org\/es\/","og_locale":"es_MX","og_type":"article","og_title":"CCsmart The smart way to start.","og_description":"This site is here to give you the facts about community college and to help you enhance your community college experience. Everything you need to know about community college is right here, so click around and start your community college journey today.","og_url":"https:\/\/ccsmart.org\/es\/","og_site_name":"CCsmart powered by Phi Theta Kappa","article_publisher":"https:\/\/www.facebook.com\/ccissmart\/","article_modified_time":"2024-07-15T21:10:00+00:00","og_image":[{"width":248,"height":246,"url":"https:\/\/ccsmart.org\/wp-content\/uploads\/CCSmart-Icon-Color.png","type":"image\/png"}],"twitter_card":"summary_large_image","twitter_title":"CCsmart The smart way to start.","twitter_description":"This site is here to give you the facts about community college and to help you enhance your community college experience. Everything you need to know about community college is right here, so click around and start your community college journey today.","twitter_image":"https:\/\/ccsmart.org\/wp-content\/uploads\/CCSmart-Icon-Color.png","twitter_site":"@cc__smart","twitter_misc":{"Tiempo de lectura":"3 minutos"},"schema":{"@context":"https:\/\/schema.org","@graph":[{"@type":"WebPage","@id":"https:\/\/ccsmart.org\/","url":"https:\/\/ccsmart.org\/","name":"Recursos de los colegios comunitarios: La forma inteligente de empezar \" CCsmart","isPartOf":{"@id":"https:\/\/ccsmart.org\/#website"},"primaryImageOfPage":{"@id":"https:\/\/ccsmart.org\/#primaryimage"},"image":{"@id":"https:\/\/ccsmart.org\/#primaryimage"},"thumbnailUrl":"https:\/\/ccsmart.org\/wp-content\/uploads\/career.png","datePublished":"2020-06-25T14:17:29+00:00","dateModified":"2024-07-15T21:10:00+00:00","description":"Inf\u00f3rmate sobre c\u00f3mo el colegio comunitario puede ser la forma m\u00e1s inteligente de iniciar tu camino hacia un t\u00edtulo de cuatro a\u00f1os o de dar un impulso a tu carrera profesional.","inLanguage":"es","potentialAction":[{"@type":"ReadAction","target":["https:\/\/ccsmart.org\/"]}]},{"@type":"ImageObject","inLanguage":"es","@id":"https:\/\/ccsmart.org\/#primaryimage","url":"https:\/\/ccsmart.org\/wp-content\/uploads\/career.png","contentUrl":"https:\/\/ccsmart.org\/wp-content\/uploads\/career.png"},{"@type":"WebSite","@id":"https:\/\/ccsmart.org\/#website","url":"https:\/\/ccsmart.org\/","name":"CCsmart powered by Phi Theta Kappa","description":"","publisher":{"@id":"https:\/\/ccsmart.org\/#organization"},"potentialAction":[{"@type":"SearchAction","target":{"@type":"EntryPoint","urlTemplate":"https:\/\/ccsmart.org\/?s={search_term_string}"},"query-input":{"@type":"PropertyValueSpecification","valueRequired":true,"valueName":"search_term_string"}}],"inLanguage":"es"},{"@type":"Organization","@id":"https:\/\/ccsmart.org\/#organization","name":"CCsmart powered by Phi Theta Kappa","url":"https:\/\/ccsmart.org\/","logo":{"@type":"ImageObject","inLanguage":"es","@id":"https:\/\/ccsmart.org\/#\/schema\/logo\/image\/","url":"https:\/\/ccsmart.org\/wp-content\/uploads\/logo-cc-smart.png","contentUrl":"https:\/\/ccsmart.org\/wp-content\/uploads\/logo-cc-smart.png","width":1819,"height":673,"caption":"CCsmart powered by Phi Theta Kappa"},"image":{"@id":"https:\/\/ccsmart.org\/#\/schema\/logo\/image\/"},"sameAs":["https:\/\/www.facebook.com\/ccissmart\/","https:\/\/x.com\/cc__smart","https:\/\/www.instagram.com\/cc__smart\/"]}]}},"_links":{"self":[{"href":"https:\/\/ccsmart.org\/es\/wp-json\/wp\/v2\/pages\/5","targetHints":{"allow":["GET"]}}],"collection":[{"href":"https:\/\/ccsmart.org\/es\/wp-json\/wp\/v2\/pages"}],"about":[{"href":"https:\/\/ccsmart.org\/es\/wp-json\/wp\/v2\/types\/page"}],"author":[{"embeddable":true,"href":"https:\/\/ccsmart.org\/es\/wp-json\/wp\/v2\/users\/2"}],"replies":[{"embeddable":true,"href":"https:\/\/ccsmart.org\/es\/wp-json\/wp\/v2\/comments?post=5"}],"version-history":[{"count":0,"href":"https:\/\/ccsmart.org\/es\/wp-json\/wp\/v2\/pages\/5\/revisions"}],"wp:attachment":[{"href":"https:\/\/ccsmart.org\/es\/wp-json\/wp\/v2\/media?parent=5"}],"curies":[{"name":"wp","href":"https:\/\/api.w.org\/{rel}","templated":true}]}}