{"id":37,"date":"2022-03-07T15:12:56","date_gmt":"2022-03-07T21:12:56","guid":{"rendered":"https:\/\/ccsmart.org\/?page_id=37"},"modified":"2024-07-01T10:08:55","modified_gmt":"2024-07-01T15:08:55","slug":"vida-universitaria","status":"publish","type":"page","link":"https:\/\/ccsmart.org\/es\/vida-universitaria\/","title":{"rendered":"Vida universitaria"},"content":{"rendered":"<h1>\n\t\tAdaptarse a la nueva vida de estudiante universitario comunitario\n\t<\/h1>\n\t<p>La vida como estudiante universitario es diferente a lo que est\u00e1s acostumbrado. Aqu\u00ed tienes algunos consejos e indicaciones que te ayudar\u00e1n a adaptarte a la vida universitaria y a prosperar como estudiante.<\/p>\n\t\t\t\t<img decoding=\"async\" src=\"https:\/\/ccsmart.org\/wp-content\/uploads\/ccsmart-testimonials-9.png\" alt=\"ccsmart-testimonios (9)\" itemprop=\"image\" title=\"ccsmart-testimonios (9)\" onerror=\"this.style.display='none'\">\n\t\t\t\t<img decoding=\"async\" src=\"https:\/\/ccsmart.org\/wp-content\/uploads\/ccsmart-testimonials-24.png\" alt=\"ccsmart-testimonios (24)\" itemprop=\"image\" title=\"ccsmart-testimonios (24)\" onerror=\"this.style.display='none'\">\n<h2>\n\t\tInstrucciones\n\t<\/h2>\n\t<p>Ya sea en una clase virtual o presencial, el <strong>el profesorado de un colegio comunitario se toma el tiempo necesario para conocer tu nombre y tus circunstancias<\/strong>. La ense\u00f1anza y el aprendizaje son el n\u00facleo de la misi\u00f3n de los colegios comunitarios, y el tama\u00f1o medio de las clases en un colegio comunitario es de 1.000 alumnos. <strong>19<\/strong> - para que puedas contar con una atenci\u00f3n m\u00e1s individualizada por parte de tus instructores.<\/p>\n<p>En tus dos primeros a\u00f1os en una universidad de cuatro a\u00f1os, muchas clases se impartir\u00e1n <strong>conferencias en un gran auditorio<\/strong> con unos cientos de estudiantes, a menudo a cargo de licenciados. En una universidad p\u00fablica, las clases son m\u00e1s reducidas, lo que permite a profesores experimentados utilizar <strong>t\u00e9cnicas pedag\u00f3gicas m\u00e1s interactivas<\/strong>promover un mayor \u00e9xito de los estudiantes.<\/p>\n<p>Muchos colegios comunitarios contratan a profesionales del sector como profesores de diversos programas de carreras t\u00e9cnicas. Adem\u00e1s de impartir una educaci\u00f3n de vanguardia, estos instructores ofrecen a los estudiantes una<strong> perspectiva real del campo profesional<\/strong> bas\u00e1ndose en su propia experiencia laboral. Sus conexiones con la industria pueden ayudar a los estudiantes a <strong>asegurar futuras oportunidades de aprendizaje y empleo en su campo<\/strong>.<\/p>\n<h2>\n\t\tServicios\n\t<\/h2>\n\t<p>Los colegios comunitarios cuentan con muchos servicios de apoyo al estudiante que marcan una verdadera diferencia a la hora de impulsar tu \u00e9xito en la universidad. <strong>Cada colegio comunitario tiene sus propias ayudas individualizadas<\/strong>En la mayor\u00eda de los colegios universitarios, puedes contar con una amplia variedad de ayudas que te llegan sin coste adicional.  Aqu\u00ed tienes una lista de los servicios m\u00e1s comunes que encontrar\u00e1s en los colegios comunitarios.<\/p>\n<h4>Tutor\u00eda y otros servicios de apoyo acad\u00e9mico<\/h4>\n<p>Los estudios demuestran que los estudiantes que recurren a servicios de tutor\u00eda tienen muchas m\u00e1s probabilidades de alcanzar sus objetivos a corto plazo. <strong>(\u00a1aprobando matem\u00e1ticas!)<\/strong> y sus objetivos a largo plazo <strong>(obtener un t\u00edtulo o un empleo).<\/strong><\/p>\n<h4>Comunidades de aprendizaje<\/h4>\n<p>Las comunidades de aprendizaje incluyen una cohorte de estudiantes que toman clases juntos, tienen los mismos profesores, estudian juntos y participan en servicios mejorados de asesoramiento y tutor\u00eda.<\/p>\n<h4>Servicios de asesoramiento y orientaci\u00f3n<\/h4>\n<p>Los asesores pueden ayudar a los estudiantes<strong> formular un plan acad\u00e9mico<\/strong>Los asesores pueden ayudar a los estudiantes a elegir las asignaturas que m\u00e1s les convienen, desde las clases que deben cursar cada semestre para graduarse hasta la ayuda para matricularse en los cursos y comprobar que los estudiantes cumplen los requisitos previos. Muchas universidades ofrecen asesores especializados para <strong>estudiantes veteranos<\/strong>y otros proporcionan <strong>consejeros de salud mental<\/strong>.<\/p>\n<h4>Servicios de colocaci\u00f3n y traslado<\/h4>\n<p>Ayudar a los estudiantes en la transici\u00f3n de la universidad al mundo laboral o a otra instituci\u00f3n de ense\u00f1anza superior suele ser una funci\u00f3n de <strong>\"centros de \u00e9xito estudiantil\"<\/strong> en el campus. Muchos colegios comunitarios tambi\u00e9n ofrecen servicios de orientaci\u00f3n profesional y transferencia como parte de su programa de asesoramiento y orientaci\u00f3n.<\/p>\n\t\t\t\t<img decoding=\"async\" src=\"https:\/\/ccsmart.org\/wp-content\/uploads\/ccsmartcl.png\" alt=\"ccsmartcl\" itemprop=\"image\" title=\"ccsmartcl\" onerror=\"this.style.display='none'\">\n\t\t\t\t<img decoding=\"async\" src=\"https:\/\/ccsmart.org\/wp-content\/uploads\/ccsmartworkopp.png\" alt=\"ccsmartworkopp\" itemprop=\"image\" title=\"ccsmartworkopp\" onerror=\"this.style.display='none'\">\n<h2>\n\t\tOportunidades de trabajo\n\t<\/h2>\n\t<p>Pr\u00e1cticas y aprendizaje <strong>conectar a los estudiantes de los colegios comunitarios con la poblaci\u00f3n activa<\/strong>. Aunque tienen algunas similitudes, ayuda entender sus diferencias a la hora de determinar c\u00f3mo podr\u00edan beneficiar a su plan de carrera.<\/p>\n<h3><b>Pr\u00e1cticas<\/b><\/h3>\n<p>Si est\u00e1 indeciso sobre su trayectoria profesional, unas pr\u00e1cticas pueden ayudarle a obtener una visi\u00f3n preliminar de un campo profesional antes de comprometerse con la educaci\u00f3n que requiere. <strong>Las pr\u00e1cticas suelen durar entre uno y tres meses.<\/strong> Mientras realizas algunas tareas relacionadas con el campo profesional, otras ser\u00e1n m\u00e1s generales y de nivel b\u00e1sico. No todas incluyen remuneraci\u00f3n, pero muchas te permiten obtener cr\u00e9ditos universitarios, lo que tambi\u00e9n puede ser valioso.<\/p>\n<h3><b>Aprendizaje<\/b><\/h3>\nSi est\u00e1s listo para dar un impulso a tu carrera profesional, considera la posibilidad de realizar un aprendizaje en un campo de la tecnolog\u00eda profesional. Puedes ganar <strong>experiencia laboral remunerada y pertinente<\/strong> al tiempo que adquieren competencias y credenciales que los empresarios valoran. Seg\u00fan el Departamento de Trabajo de Estados Unidos, las perspectivas para los aprendices son brillantes. El 92% de los que terminan un aprendizaje conservan su empleo y ganan un salario medio anual de 1,5 millones de euros. <strong>$72,000.<br>\n<\/strong><br>\nEn comparaci\u00f3n con los periodos de pr\u00e1cticas, los de aprendizaje suelen ser m\u00e1s largos. <strong>(entre 1 y 3 a\u00f1os)<\/strong>. Los aprendices suelen ser emparejados con mentores de la industria que les gu\u00edan a lo largo de la experiencia. Los programas est\u00e1n m\u00e1s estructurados que las pr\u00e1cticas y se centran en el dominio de habilidades espec\u00edficas para, en \u00faltima instancia, obtener credenciales port\u00e1tiles al tiempo que se minimiza la deuda estudiantil.\n<h2>\n\t\tClubes y organizaciones \n\t<\/h2>\n\t<p>Como estudiante universitario, a veces ayuda tomarse un descanso de los libros, relajar el cerebro y divertirse un poco. Participar en clubes y organizaciones universitarias puede ser una forma estupenda de hacerlo. Ten en cuenta estos consejos cuando explores los clubes y organizaciones que ofrece tu universidad.<\/p>\n<p><strong>Visita la feria de clubes universitarios. <\/strong>Estos actos le brindan la oportunidad de probar varias organizaciones a la vez. Puedes informarte sobre lo que hacen, conocer a sus miembros y encontrar la que mejor se adapte a ti. Adem\u00e1s, estos eventos suelen celebrarse durante la primera semana de clases, por lo que no ser\u00e1s el \u00fanico novato.<\/p>\n<p><strong>Hay para todos los gustos.<\/strong>&nbsp;Incluso los colegios mayores m\u00e1s peque\u00f1os tienen un mont\u00f3n de clubes y organizaciones. Tanto si te interesan los deportes, la cultura, las aficiones, los estudios, la carrera profesional o el voluntariado, seguro que encuentras un club (o varios) que se ajuste a tus intereses.<\/p>\n<p><strong>El compromiso da un impulso a tu curr\u00edculum.<\/strong>&nbsp;Participar en actividades de participaci\u00f3n estudiantil puede ense\u00f1arte habilidades esenciales que buscan los empleadores. No te olvides de las habilidades interpersonales: las entrevistas, las redes de contactos, los discursos de ascensor y otras habilidades similares te resultar\u00e1n muy valiosas cuando empieces a buscar trabajo, y estas habilidades no se ense\u00f1an necesariamente en las aulas.<\/p>\n<p><strong>Conocer\u00e1s gente y har\u00e1s contactos. <\/strong>Dar el primer paso para presentarse a un nuevo grupo puede asustar, pero la recompensa bien vale el esfuerzo. Al relacionarte con otros estudiantes, har\u00e1s amigos que pasar\u00e1n a formar parte de tu red de apoyo. Adem\u00e1s, trabajando en los proyectos del club establecer\u00e1s contactos con l\u00edderes del campus y de la comunidad y adquirir\u00e1s una experiencia que puede conducirte a un futuro empleo.<\/p>\n\t\t\t\t<img decoding=\"async\" src=\"https:\/\/ccsmart.org\/wp-content\/uploads\/ccsmart-testimonials-23.png\" alt=\"ccsmart-testimonios (23)\" itemprop=\"image\" title=\"ccsmart-testimonios (23)\" onerror=\"this.style.display='none'\">\n\t\t\t\t<img decoding=\"async\" src=\"https:\/\/ccsmart.org\/wp-content\/uploads\/sports-ccsmart-.png\" alt=\"deportes-ccsmart\" itemprop=\"image\" title=\"deportes-ccsmart\" onerror=\"this.style.display='none'\">\n<h2>\n\t\tAtletismo\n\t<\/h2>\n\t<p>La universidad comunitaria puede ofrecer a los estudiantes-deportistas un gran comienzo en su andadura universitaria. En ellos, los deportistas encuentran una educaci\u00f3n barata y de alta calidad junto con recursos personalizados que les ayudan a <strong>subir de nivel deportivo y acad\u00e9mico<\/strong>.<\/p>\n<p><strong>\u00bfCree que el atletismo universitario no est\u00e1 a la altura? \u00a1Pi\u00e9nsalo otra vez!<\/strong>&nbsp; Cada a\u00f1o, <strong>m\u00e1s de 3.400 <a href=\"https:\/\/www.njcaa.org\/member_colleges\/directory\/members\">equipos<\/a> competir en 28 deportes diferentes <\/strong>en m\u00faltiples divisiones de la <a href=\"https:\/\/www.njcaa.org\/landing\/index\">Asociaci\u00f3n Nacional de Atletismo Universitario<\/a> (NJCAA). En este nivel, los atletas de las universidades comunitarias se benefician de m\u00e1s tiempo de juego y m\u00e1s oportunidades de acumular honores distritales, regionales y nacionales.<\/p>\n<p><strong>Estudiantes de primera generaci\u00f3n, no tradicionales e internacionales<\/strong> todos encuentran su lugar en los programas deportivos de los colegios comunitarios. Independientemente de la edad o la procedencia, el atletismo combina una participaci\u00f3n deportiva altamente competitiva con una experiencia de educaci\u00f3n superior asequible que conduce a <strong>ilimitado<\/strong> trayectorias profesionales.<\/p>\n<p>Los estudiantes deportistas se benefician de <strong>mayor acceso<\/strong> a profesores y entrenadores, el apoyo de compa\u00f1eros de clase y recursos dise\u00f1ados para apoyar su \u00e9xito acad\u00e9mico. Como parte de un equipo, los deportistas adquieren habilidades sociales esenciales como <strong>gesti\u00f3n del tiempo y liderazgo<\/strong> que puedan a\u00f1adir valor m\u00e1s all\u00e1 del terreno de juego en sus carreras.<\/p>\n<p>Al participar en deportes en la universidad comunitaria, los estudiantes pueden ahorrar dinero mediante <strong>becas<\/strong> y ganar un <strong>t\u00edtulo de asociado<\/strong>al tiempo que se exponen a distintos niveles de competencia - <strong>\u00a1eso nos parece una GRAN victoria!<\/strong><\/p>","protected":false},"excerpt":{"rendered":"<p>Adaptarse a tu nueva vida como estudiante universitario La vida como estudiante universitario es diferente a lo que est\u00e1s acostumbrado. Aqu\u00ed tienes algunos consejos e indicaciones que te ayudar\u00e1n a adaptarte a la vida universitaria y a prosperar como estudiante. Instrucci\u00f3n Ya sea en una clase virtual o presencial, el profesorado de una [...]<\/p>","protected":false},"author":2,"featured_media":0,"parent":0,"menu_order":0,"comment_status":"closed","ping_status":"closed","template":"","meta":{"inline_featured_image":false,"site-sidebar-layout":"no-sidebar","site-content-layout":"page-builder","ast-site-content-layout":"full-width-container","site-content-style":"unboxed","site-sidebar-style":"unboxed","ast-global-header-display":"","ast-banner-title-visibility":"","ast-main-header-display":"","ast-hfb-above-header-display":"","ast-hfb-below-header-display":"","ast-hfb-mobile-header-display":"","site-post-title":"disabled","ast-breadcrumbs-content":"","ast-featured-img":"disabled","footer-sml-layout":"","theme-transparent-header-meta":"","adv-header-id-meta":"","stick-header-meta":"","header-above-stick-meta":"","header-main-stick-meta":"","header-below-stick-meta":"","astra-migrate-meta-layouts":"set","ast-page-background-enabled":"default","ast-page-background-meta":{"desktop":{"background-color":"","background-image":"","background-repeat":"repeat","background-position":"center center","background-size":"auto","background-attachment":"scroll","background-type":"","background-media":"","overlay-type":"","overlay-color":"","overlay-opacity":"","overlay-gradient":""},"tablet":{"background-color":"","background-image":"","background-repeat":"repeat","background-position":"center center","background-size":"auto","background-attachment":"scroll","background-type":"","background-media":"","overlay-type":"","overlay-color":"","overlay-opacity":"","overlay-gradient":""},"mobile":{"background-color":"","background-image":"","background-repeat":"repeat","background-position":"center center","background-size":"auto","background-attachment":"scroll","background-type":"","background-media":"","overlay-type":"","overlay-color":"","overlay-opacity":"","overlay-gradient":""}},"ast-content-background-meta":{"desktop":{"background-color":"var(--ast-global-color-5)","background-image":"","background-repeat":"repeat","background-position":"center center","background-size":"auto","background-attachment":"scroll","background-type":"","background-media":"","overlay-type":"","overlay-color":"","overlay-opacity":"","overlay-gradient":""},"tablet":{"background-color":"var(--ast-global-color-5)","background-image":"","background-repeat":"repeat","background-position":"center center","background-size":"auto","background-attachment":"scroll","background-type":"","background-media":"","overlay-type":"","overlay-color":"","overlay-opacity":"","overlay-gradient":""},"mobile":{"background-color":"var(--ast-global-color-5)","background-image":"","background-repeat":"repeat","background-position":"center center","background-size":"auto","background-attachment":"scroll","background-type":"","background-media":"","overlay-type":"","overlay-color":"","overlay-opacity":"","overlay-gradient":""}},"footnotes":""},"class_list":["post-37","page","type-page","status-publish","hentry"],"yoast_head":"<!-- This site is optimized with the Yoast SEO plugin v27.4 - https:\/\/yoast.com\/product\/yoast-seo-wordpress\/ -->\n<title>College Life &#187; CCsmart powered by Phi Theta Kappa<\/title>\n<meta name=\"description\" content=\"Adapting to Your New Life as a Community College Student Life as a college student is different from what you&#039;re accustomed to. Here are a few tips and\" \/>\n<meta name=\"robots\" content=\"index, follow, max-snippet:-1, max-image-preview:large, max-video-preview:-1\" \/>\n<link rel=\"canonical\" href=\"https:\/\/ccsmart.org\/es\/vida-universitaria\/\" \/>\n<meta property=\"og:locale\" content=\"es_MX\" \/>\n<meta property=\"og:type\" content=\"article\" \/>\n<meta property=\"og:title\" content=\"College Life &#187; CCsmart powered by Phi Theta Kappa\" \/>\n<meta property=\"og:description\" content=\"Adapting to Your New Life as a Community College Student Life as a college student is different from what you&#039;re accustomed to. Here are a few tips and\" \/>\n<meta property=\"og:url\" content=\"https:\/\/ccsmart.org\/es\/vida-universitaria\/\" \/>\n<meta property=\"og:site_name\" content=\"CCsmart powered by Phi Theta Kappa\" \/>\n<meta property=\"article:publisher\" content=\"https:\/\/www.facebook.com\/ccissmart\/\" \/>\n<meta property=\"article:modified_time\" content=\"2024-07-01T15:08:55+00:00\" \/>\n<meta property=\"og:image\" content=\"https:\/\/ccsmart.org\/wp-content\/uploads\/ccsmart-testimonials-9.png\" \/>\n<meta name=\"twitter:card\" content=\"summary_large_image\" \/>\n<meta name=\"twitter:site\" content=\"@cc__smart\" \/>\n<meta name=\"twitter:label1\" content=\"Tiempo de lectura\" \/>\n\t<meta name=\"twitter:data1\" content=\"7 minutos\" \/>\n<script type=\"application\/ld+json\" class=\"yoast-schema-graph\">{\"@context\":\"https:\\\/\\\/schema.org\",\"@graph\":[{\"@type\":\"WebPage\",\"@id\":\"https:\\\/\\\/ccsmart.org\\\/college-life\\\/\",\"url\":\"https:\\\/\\\/ccsmart.org\\\/college-life\\\/\",\"name\":\"College Life &#187; CCsmart powered by Phi Theta Kappa\",\"isPartOf\":{\"@id\":\"https:\\\/\\\/ccsmart.org\\\/#website\"},\"primaryImageOfPage\":{\"@id\":\"https:\\\/\\\/ccsmart.org\\\/college-life\\\/#primaryimage\"},\"image\":{\"@id\":\"https:\\\/\\\/ccsmart.org\\\/college-life\\\/#primaryimage\"},\"thumbnailUrl\":\"https:\\\/\\\/ccsmart.org\\\/wp-content\\\/uploads\\\/ccsmart-testimonials-9.png\",\"datePublished\":\"2022-03-07T21:12:56+00:00\",\"dateModified\":\"2024-07-01T15:08:55+00:00\",\"description\":\"Adapting to Your New Life as a Community College Student Life as a college student is different from what you're accustomed to. Here are a few tips and\",\"inLanguage\":\"es\",\"potentialAction\":[{\"@type\":\"ReadAction\",\"target\":[\"https:\\\/\\\/ccsmart.org\\\/college-life\\\/\"]}]},{\"@type\":\"ImageObject\",\"inLanguage\":\"es\",\"@id\":\"https:\\\/\\\/ccsmart.org\\\/college-life\\\/#primaryimage\",\"url\":\"https:\\\/\\\/ccsmart.org\\\/wp-content\\\/uploads\\\/ccsmart-testimonials-9.png\",\"contentUrl\":\"https:\\\/\\\/ccsmart.org\\\/wp-content\\\/uploads\\\/ccsmart-testimonials-9.png\"},{\"@type\":\"WebSite\",\"@id\":\"https:\\\/\\\/ccsmart.org\\\/#website\",\"url\":\"https:\\\/\\\/ccsmart.org\\\/\",\"name\":\"CCsmart powered by Phi Theta Kappa\",\"description\":\"\",\"publisher\":{\"@id\":\"https:\\\/\\\/ccsmart.org\\\/#organization\"},\"potentialAction\":[{\"@type\":\"SearchAction\",\"target\":{\"@type\":\"EntryPoint\",\"urlTemplate\":\"https:\\\/\\\/ccsmart.org\\\/?s={search_term_string}\"},\"query-input\":{\"@type\":\"PropertyValueSpecification\",\"valueRequired\":true,\"valueName\":\"search_term_string\"}}],\"inLanguage\":\"es\"},{\"@type\":\"Organization\",\"@id\":\"https:\\\/\\\/ccsmart.org\\\/#organization\",\"name\":\"CCsmart powered by Phi Theta Kappa\",\"url\":\"https:\\\/\\\/ccsmart.org\\\/\",\"logo\":{\"@type\":\"ImageObject\",\"inLanguage\":\"es\",\"@id\":\"https:\\\/\\\/ccsmart.org\\\/#\\\/schema\\\/logo\\\/image\\\/\",\"url\":\"https:\\\/\\\/ccsmart.org\\\/wp-content\\\/uploads\\\/logo-cc-smart.png\",\"contentUrl\":\"https:\\\/\\\/ccsmart.org\\\/wp-content\\\/uploads\\\/logo-cc-smart.png\",\"width\":1819,\"height\":673,\"caption\":\"CCsmart powered by Phi Theta Kappa\"},\"image\":{\"@id\":\"https:\\\/\\\/ccsmart.org\\\/#\\\/schema\\\/logo\\\/image\\\/\"},\"sameAs\":[\"https:\\\/\\\/www.facebook.com\\\/ccissmart\\\/\",\"https:\\\/\\\/x.com\\\/cc__smart\",\"https:\\\/\\\/www.instagram.com\\\/cc__smart\\\/\"]}]}<\/script>\n<!-- \/ Yoast SEO plugin. -->","yoast_head_json":{"title":"Vida universitaria \" CCsmart powered by Phi Theta Kappa","description":"Adaptarse a tu nueva vida como estudiante universitario comunitario La vida como estudiante universitario es diferente a lo que est\u00e1s acostumbrado. Aqu\u00ed tienes algunos consejos y","robots":{"index":"index","follow":"follow","max-snippet":"max-snippet:-1","max-image-preview":"max-image-preview:large","max-video-preview":"max-video-preview:-1"},"canonical":"https:\/\/ccsmart.org\/es\/vida-universitaria\/","og_locale":"es_MX","og_type":"article","og_title":"College Life &#187; CCsmart powered by Phi Theta Kappa","og_description":"Adapting to Your New Life as a Community College Student Life as a college student is different from what you're accustomed to. Here are a few tips and","og_url":"https:\/\/ccsmart.org\/es\/vida-universitaria\/","og_site_name":"CCsmart powered by Phi Theta Kappa","article_publisher":"https:\/\/www.facebook.com\/ccissmart\/","article_modified_time":"2024-07-01T15:08:55+00:00","og_image":[{"url":"https:\/\/ccsmart.org\/wp-content\/uploads\/ccsmart-testimonials-9.png","type":"","width":"","height":""}],"twitter_card":"summary_large_image","twitter_site":"@cc__smart","twitter_misc":{"Tiempo de lectura":"7 minutos"},"schema":{"@context":"https:\/\/schema.org","@graph":[{"@type":"WebPage","@id":"https:\/\/ccsmart.org\/college-life\/","url":"https:\/\/ccsmart.org\/college-life\/","name":"Vida universitaria \" CCsmart powered by Phi Theta Kappa","isPartOf":{"@id":"https:\/\/ccsmart.org\/#website"},"primaryImageOfPage":{"@id":"https:\/\/ccsmart.org\/college-life\/#primaryimage"},"image":{"@id":"https:\/\/ccsmart.org\/college-life\/#primaryimage"},"thumbnailUrl":"https:\/\/ccsmart.org\/wp-content\/uploads\/ccsmart-testimonials-9.png","datePublished":"2022-03-07T21:12:56+00:00","dateModified":"2024-07-01T15:08:55+00:00","description":"Adaptarse a tu nueva vida como estudiante universitario comunitario La vida como estudiante universitario es diferente a lo que est\u00e1s acostumbrado. Aqu\u00ed tienes algunos consejos y","inLanguage":"es","potentialAction":[{"@type":"ReadAction","target":["https:\/\/ccsmart.org\/college-life\/"]}]},{"@type":"ImageObject","inLanguage":"es","@id":"https:\/\/ccsmart.org\/college-life\/#primaryimage","url":"https:\/\/ccsmart.org\/wp-content\/uploads\/ccsmart-testimonials-9.png","contentUrl":"https:\/\/ccsmart.org\/wp-content\/uploads\/ccsmart-testimonials-9.png"},{"@type":"WebSite","@id":"https:\/\/ccsmart.org\/#website","url":"https:\/\/ccsmart.org\/","name":"CCsmart powered by Phi Theta Kappa","description":"","publisher":{"@id":"https:\/\/ccsmart.org\/#organization"},"potentialAction":[{"@type":"SearchAction","target":{"@type":"EntryPoint","urlTemplate":"https:\/\/ccsmart.org\/?s={search_term_string}"},"query-input":{"@type":"PropertyValueSpecification","valueRequired":true,"valueName":"search_term_string"}}],"inLanguage":"es"},{"@type":"Organization","@id":"https:\/\/ccsmart.org\/#organization","name":"CCsmart powered by Phi Theta Kappa","url":"https:\/\/ccsmart.org\/","logo":{"@type":"ImageObject","inLanguage":"es","@id":"https:\/\/ccsmart.org\/#\/schema\/logo\/image\/","url":"https:\/\/ccsmart.org\/wp-content\/uploads\/logo-cc-smart.png","contentUrl":"https:\/\/ccsmart.org\/wp-content\/uploads\/logo-cc-smart.png","width":1819,"height":673,"caption":"CCsmart powered by Phi Theta Kappa"},"image":{"@id":"https:\/\/ccsmart.org\/#\/schema\/logo\/image\/"},"sameAs":["https:\/\/www.facebook.com\/ccissmart\/","https:\/\/x.com\/cc__smart","https:\/\/www.instagram.com\/cc__smart\/"]}]}},"_links":{"self":[{"href":"https:\/\/ccsmart.org\/es\/wp-json\/wp\/v2\/pages\/37","targetHints":{"allow":["GET"]}}],"collection":[{"href":"https:\/\/ccsmart.org\/es\/wp-json\/wp\/v2\/pages"}],"about":[{"href":"https:\/\/ccsmart.org\/es\/wp-json\/wp\/v2\/types\/page"}],"author":[{"embeddable":true,"href":"https:\/\/ccsmart.org\/es\/wp-json\/wp\/v2\/users\/2"}],"replies":[{"embeddable":true,"href":"https:\/\/ccsmart.org\/es\/wp-json\/wp\/v2\/comments?post=37"}],"version-history":[{"count":0,"href":"https:\/\/ccsmart.org\/es\/wp-json\/wp\/v2\/pages\/37\/revisions"}],"wp:attachment":[{"href":"https:\/\/ccsmart.org\/es\/wp-json\/wp\/v2\/media?parent=37"}],"curies":[{"name":"wp","href":"https:\/\/api.w.org\/{rel}","templated":true}]}}