{"id":303,"date":"2022-07-07T10:53:19","date_gmt":"2022-07-07T15:53:19","guid":{"rendered":"https:\/\/ccsmart.org\/?page_id=303"},"modified":"2023-02-07T12:31:10","modified_gmt":"2023-02-07T18:31:10","slug":"acerca-de-ccsmart","status":"publish","type":"page","link":"https:\/\/ccsmart.org\/es\/acerca-de-ccsmart\/","title":{"rendered":"Acerca de CCsmart"},"content":{"rendered":"<h1>\n\t\tAcerca de Community College Smart\n\t<\/h1>\n\t\t\t\t<img decoding=\"async\" src=\"https:\/\/ccsmart.org\/wp-content\/uploads\/CCSmart-Logo-Color-WEB.jpg\" alt=\"CCSmart Logo-Color-WEB\" itemprop=\"image\" title=\"CCSmart Logo-Color-WEB\" onerror=\"this.style.display='none'\">\n<h2>\n\t\tUna iniciativa dirigida por los estudiantes para apoyar a los colegios comunitarios\n\t<\/h2>\n\t<h3><strong>El problema<\/strong><\/h3>\n<p>El descenso de la poblaci\u00f3n universitaria es un problema de todos. Como naci\u00f3n, nos enfrentamos a una mayor necesidad de mano de obra cualificada y formada y, al mismo tiempo, a una menor participaci\u00f3n de los estudiantes en la universidad. La disminuci\u00f3n de la participaci\u00f3n en los colegios comunitarios p\u00fablicos de acceso abierto significa, en \u00faltima instancia, que hay menos estudiantes subrepresentados en el sistema educativo, lo que agranda la ya amplia brecha racial econ\u00f3mica y disminuye las posibilidades de movilidad econ\u00f3mica para todos los estudiantes de bajos ingresos. Y sabemos que los buenos empleos -los mejor remunerados, con seguro m\u00e9dico y otras prestaciones- requieren t\u00edtulos y credenciales de educaci\u00f3n postsecundaria, y cuantos m\u00e1s haya, mejor.<\/p>\n<p>Aunque el coste de la universidad puede ser lo m\u00e1s importante a la hora de acceder a ella, el descenso de matriculaciones en las universidades de dos a\u00f1os demuestra que no es el \u00fanico factor que influye en la decisi\u00f3n de una persona de asistir a la universidad. Estudios recientes han determinado que el estigma de los colegios comunitarios es uno de los principales factores que influyen en la decisi\u00f3n de ir a la universidad. De hecho, es tan importante como otros factores como el coste de la universidad, los tipos de titulaciones, los logros acad\u00e9micos, las aspiraciones personales y la influencia de los padres y la familia.<\/p>\n<h3><strong>La estrategia CCsmart<\/strong><\/h3>\n<p>El equipo de liderazgo estudiantil 2021-2022 de la Sociedad de Honor Phi Theta Kappa, un grupo de cinco estudiantes elegidos por sus compa\u00f1eros de todo el pa\u00eds, decidi\u00f3, como parte de su trabajo, abordar el estigma de los colegios comunitarios. Pero, fieles a la misi\u00f3n de Phi Theta Kappa, no quer\u00edan utilizar la palabra negativa \"estigma\" como parte de su campa\u00f1a; quer\u00edan centrarse en los aspectos positivos de estos colegios: las oportunidades que all\u00ed se encuentran y lo que el colegio comunitario ha hecho por ellos y por estudiantes como ellos. Desarrollaron CCsmart o Community College Smart como una campa\u00f1a de concienciaci\u00f3n de alcance nacional. El objetivo de la campa\u00f1a es cambiar el discurso sobre los colegios comunitarios, promover la defensa de los colegios comunitarios por parte de los estudiantes y proporcionar informaci\u00f3n fiable al p\u00fablico sobre las oportunidades de los colegios comunitarios, haciendo que la elecci\u00f3n de ir a un colegio comunitario sea un comienzo inteligente para tu carrera y tu vida.<\/p>\n\t\t\t\t<img loading=\"lazy\" decoding=\"async\" src=\"https:\/\/ccsmart.org\/wp-content\/uploads\/Add-a-subheading-3-1536x426-white.webp\" alt=\"Add-a-subheading-3-1536x426-white\" itemprop=\"image\" height=\"426\" width=\"1536\" title=\"Add-a-subheading-3-1536x426-white\" onerror=\"this.style.display='none'\">\n\t<h4>Acerca de Phi Theta Kappa<\/h4>\n<p>Fundada en 1918, Phi Theta Kappa (PTK) est\u00e1 formada por m\u00e1s de 3,75 millones de miembros y cerca de 1.300 secciones en 11 pa\u00edses, con aproximadamente 225.000 miembros activos y 3.100 asesores. La Asociaci\u00f3n Americana de Colegios Comunitarios (AACC, por sus siglas en ingl\u00e9s) reconoce a PTK como la sociedad de honor oficial para los colegios que otorgan t\u00edtulos asociados. PTK ofrece reconocimiento a los estudiantes universitarios de alto rendimiento y es la mayor fuente de becas del pa\u00eds para estudiantes que cursan estudios universitarios de dos a\u00f1os, concediendo m\u00e1s de $246 millones en becas de transferencia a trav\u00e9s de sus 843 colegios y universidades asociadas de cuatro a\u00f1os. PTK tambi\u00e9n concede m\u00e1s de $1,5 millones anuales en becas competitivas a trav\u00e9s de sus dotaciones, socios corporativos y donantes. Los miembros de PTK tienen una tasa de \u00e9xito estudiantil del 91%, y esto es as\u00ed en todos los \u00e1mbitos. <a href=\"https:\/\/ccsmart.org\/wp-content\/uploads\/EquityProfile2022_FINAL.pdf\">todas las razas y entornos socioecon\u00f3micos<\/a>. PTK ofrece programas para que los estudiantes mejoren su \u00e9xito tanto personal como profesional a trav\u00e9s del desarrollo del liderazgo, experiencias de creaci\u00f3n de equipos, aprendizaje de servicios y cursos que ense\u00f1an defensa, habilidades para la vida, proceso de transferencia y preparaci\u00f3n profesional. M\u00e1s informaci\u00f3n en <a href=\"http:\/\/www.ptk.org\">ptk.org<\/a>.<\/p>\n\t\t\t<a href=\"\/take-action\/\" target=\"_blank\" role=\"button\" rel=\"noopener\">\n\t\t\t\t\t\t\tAct\u00faa \n\t\t\t\t\t<\/a>\n\t\t\t<a href=\"https:\/\/changelives.ptkfoundation.org\/CCsmart\" target=\"_blank\" role=\"button\" rel=\"noopener\">\n\t\t\t\t\t\t\tDonar ahora \n\t\t\t\t\t<\/a>","protected":false},"excerpt":{"rendered":"<p>Acerca de Community College Smart Una iniciativa liderada por estudiantes para apoyar a los colegios comunitarios El problema El descenso de la poblaci\u00f3n universitaria es un problema de todos. Como naci\u00f3n, nos enfrentamos a una mayor necesidad de mano de obra cualificada y formada y, al mismo tiempo, a una menor participaci\u00f3n de los estudiantes en la universidad. La disminuci\u00f3n de la participaci\u00f3n en los colegios comunitarios p\u00fablicos de acceso abierto significa, en \u00faltima instancia, que menos [...]<\/p>","protected":false},"author":14,"featured_media":11,"parent":0,"menu_order":0,"comment_status":"closed","ping_status":"closed","template":"","meta":{"inline_featured_image":false,"site-sidebar-layout":"default","site-content-layout":"","ast-site-content-layout":"","site-content-style":"default","site-sidebar-style":"default","ast-global-header-display":"","ast-banner-title-visibility":"","ast-main-header-display":"","ast-hfb-above-header-display":"","ast-hfb-below-header-display":"","ast-hfb-mobile-header-display":"","site-post-title":"disabled","ast-breadcrumbs-content":"","ast-featured-img":"disabled","footer-sml-layout":"","theme-transparent-header-meta":"","adv-header-id-meta":"","stick-header-meta":"","header-above-stick-meta":"","header-main-stick-meta":"","header-below-stick-meta":"","astra-migrate-meta-layouts":"default","ast-page-background-enabled":"default","ast-page-background-meta":{"desktop":{"background-color":"","background-image":"","background-repeat":"repeat","background-position":"center center","background-size":"auto","background-attachment":"scroll","background-type":"","background-media":"","overlay-type":"","overlay-color":"","overlay-opacity":"","overlay-gradient":""},"tablet":{"background-color":"","background-image":"","background-repeat":"repeat","background-position":"center center","background-size":"auto","background-attachment":"scroll","background-type":"","background-media":"","overlay-type":"","overlay-color":"","overlay-opacity":"","overlay-gradient":""},"mobile":{"background-color":"","background-image":"","background-repeat":"repeat","background-position":"center center","background-size":"auto","background-attachment":"scroll","background-type":"","background-media":"","overlay-type":"","overlay-color":"","overlay-opacity":"","overlay-gradient":""}},"ast-content-background-meta":{"desktop":{"background-color":"var(--ast-global-color-5)","background-image":"","background-repeat":"repeat","background-position":"center center","background-size":"auto","background-attachment":"scroll","background-type":"","background-media":"","overlay-type":"","overlay-color":"","overlay-opacity":"","overlay-gradient":""},"tablet":{"background-color":"var(--ast-global-color-5)","background-image":"","background-repeat":"repeat","background-position":"center center","background-size":"auto","background-attachment":"scroll","background-type":"","background-media":"","overlay-type":"","overlay-color":"","overlay-opacity":"","overlay-gradient":""},"mobile":{"background-color":"var(--ast-global-color-5)","background-image":"","background-repeat":"repeat","background-position":"center center","background-size":"auto","background-attachment":"scroll","background-type":"","background-media":"","overlay-type":"","overlay-color":"","overlay-opacity":"","overlay-gradient":""}},"footnotes":""},"class_list":["post-303","page","type-page","status-publish","has-post-thumbnail","hentry"],"yoast_head":"<!-- This site is optimized with the Yoast SEO plugin v27.6 - https:\/\/yoast.com\/product\/yoast-seo-wordpress\/ -->\n<title>About CCsmart &#187; CCsmart<\/title>\n<meta name=\"description\" content=\"About Community College Smart A Student-Led Initiative to Support Community Colleges The Problem Declines in the college-going population is everyone&#039;s\" \/>\n<meta name=\"robots\" content=\"index, follow, max-snippet:-1, max-image-preview:large, max-video-preview:-1\" \/>\n<link rel=\"canonical\" href=\"https:\/\/ccsmart.org\/es\/acerca-de-ccsmart\/\" \/>\n<meta property=\"og:locale\" content=\"es_MX\" \/>\n<meta property=\"og:type\" content=\"article\" \/>\n<meta property=\"og:title\" content=\"About CCsmart &#187; CCsmart\" \/>\n<meta property=\"og:description\" content=\"About Community College Smart A Student-Led Initiative to Support Community Colleges The Problem Declines in the college-going population is everyone&#039;s\" \/>\n<meta property=\"og:url\" content=\"https:\/\/ccsmart.org\/es\/acerca-de-ccsmart\/\" \/>\n<meta property=\"og:site_name\" content=\"CCsmart powered by Phi Theta Kappa\" \/>\n<meta property=\"article:publisher\" content=\"https:\/\/www.facebook.com\/ccissmart\/\" \/>\n<meta property=\"article:modified_time\" content=\"2023-02-07T18:31:10+00:00\" \/>\n<meta property=\"og:image\" content=\"https:\/\/ccsmart.org\/wp-content\/uploads\/icon-cc-smart.png\" \/>\n\t<meta property=\"og:image:width\" content=\"754\" \/>\n\t<meta property=\"og:image:height\" content=\"673\" \/>\n\t<meta property=\"og:image:type\" content=\"image\/png\" \/>\n<meta name=\"twitter:card\" content=\"summary_large_image\" \/>\n<meta name=\"twitter:site\" content=\"@cc__smart\" \/>\n<meta name=\"twitter:label1\" content=\"Tiempo de lectura\" \/>\n\t<meta name=\"twitter:data1\" content=\"3 minutos\" \/>\n<script type=\"application\/ld+json\" class=\"yoast-schema-graph\">{\"@context\":\"https:\\\/\\\/schema.org\",\"@graph\":[{\"@type\":\"WebPage\",\"@id\":\"https:\\\/\\\/ccsmart.org\\\/about-ccsmart\\\/\",\"url\":\"https:\\\/\\\/ccsmart.org\\\/about-ccsmart\\\/\",\"name\":\"About CCsmart &#187; CCsmart\",\"isPartOf\":{\"@id\":\"https:\\\/\\\/ccsmart.org\\\/#website\"},\"primaryImageOfPage\":{\"@id\":\"https:\\\/\\\/ccsmart.org\\\/about-ccsmart\\\/#primaryimage\"},\"image\":{\"@id\":\"https:\\\/\\\/ccsmart.org\\\/about-ccsmart\\\/#primaryimage\"},\"thumbnailUrl\":\"https:\\\/\\\/ccsmart.org\\\/wp-content\\\/uploads\\\/icon-cc-smart.png\",\"datePublished\":\"2022-07-07T15:53:19+00:00\",\"dateModified\":\"2023-02-07T18:31:10+00:00\",\"description\":\"About Community College Smart A Student-Led Initiative to Support Community Colleges The Problem Declines in the college-going population is everyone's\",\"inLanguage\":\"es\",\"potentialAction\":[{\"@type\":\"ReadAction\",\"target\":[\"https:\\\/\\\/ccsmart.org\\\/about-ccsmart\\\/\"]}]},{\"@type\":\"ImageObject\",\"inLanguage\":\"es\",\"@id\":\"https:\\\/\\\/ccsmart.org\\\/about-ccsmart\\\/#primaryimage\",\"url\":\"https:\\\/\\\/ccsmart.org\\\/wp-content\\\/uploads\\\/icon-cc-smart.png\",\"contentUrl\":\"https:\\\/\\\/ccsmart.org\\\/wp-content\\\/uploads\\\/icon-cc-smart.png\",\"width\":754,\"height\":673,\"caption\":\"CC Smart\"},{\"@type\":\"WebSite\",\"@id\":\"https:\\\/\\\/ccsmart.org\\\/#website\",\"url\":\"https:\\\/\\\/ccsmart.org\\\/\",\"name\":\"CCsmart powered by Phi Theta Kappa\",\"description\":\"\",\"publisher\":{\"@id\":\"https:\\\/\\\/ccsmart.org\\\/#organization\"},\"potentialAction\":[{\"@type\":\"SearchAction\",\"target\":{\"@type\":\"EntryPoint\",\"urlTemplate\":\"https:\\\/\\\/ccsmart.org\\\/?s={search_term_string}\"},\"query-input\":{\"@type\":\"PropertyValueSpecification\",\"valueRequired\":true,\"valueName\":\"search_term_string\"}}],\"inLanguage\":\"es\"},{\"@type\":\"Organization\",\"@id\":\"https:\\\/\\\/ccsmart.org\\\/#organization\",\"name\":\"CCsmart powered by Phi Theta Kappa\",\"url\":\"https:\\\/\\\/ccsmart.org\\\/\",\"logo\":{\"@type\":\"ImageObject\",\"inLanguage\":\"es\",\"@id\":\"https:\\\/\\\/ccsmart.org\\\/#\\\/schema\\\/logo\\\/image\\\/\",\"url\":\"https:\\\/\\\/ccsmart.org\\\/wp-content\\\/uploads\\\/logo-cc-smart.png\",\"contentUrl\":\"https:\\\/\\\/ccsmart.org\\\/wp-content\\\/uploads\\\/logo-cc-smart.png\",\"width\":1819,\"height\":673,\"caption\":\"CCsmart powered by Phi Theta Kappa\"},\"image\":{\"@id\":\"https:\\\/\\\/ccsmart.org\\\/#\\\/schema\\\/logo\\\/image\\\/\"},\"sameAs\":[\"https:\\\/\\\/www.facebook.com\\\/ccissmart\\\/\",\"https:\\\/\\\/x.com\\\/cc__smart\",\"https:\\\/\\\/www.instagram.com\\\/cc__smart\\\/\"]}]}<\/script>\n<!-- \/ Yoast SEO plugin. -->","yoast_head_json":{"title":"Acerca de CCsmart \" CCsmart","description":"Acerca de Community College Smart Una iniciativa impulsada por los estudiantes para apoyar a las universidades comunitarias El problema El descenso de la poblaci\u00f3n universitaria es un problema de todos.","robots":{"index":"index","follow":"follow","max-snippet":"max-snippet:-1","max-image-preview":"max-image-preview:large","max-video-preview":"max-video-preview:-1"},"canonical":"https:\/\/ccsmart.org\/es\/acerca-de-ccsmart\/","og_locale":"es_MX","og_type":"article","og_title":"About CCsmart &#187; CCsmart","og_description":"About Community College Smart A Student-Led Initiative to Support Community Colleges The Problem Declines in the college-going population is everyone's","og_url":"https:\/\/ccsmart.org\/es\/acerca-de-ccsmart\/","og_site_name":"CCsmart powered by Phi Theta Kappa","article_publisher":"https:\/\/www.facebook.com\/ccissmart\/","article_modified_time":"2023-02-07T18:31:10+00:00","og_image":[{"width":754,"height":673,"url":"https:\/\/ccsmart.org\/wp-content\/uploads\/icon-cc-smart.png","type":"image\/png"}],"twitter_card":"summary_large_image","twitter_site":"@cc__smart","twitter_misc":{"Tiempo de lectura":"3 minutos"},"schema":{"@context":"https:\/\/schema.org","@graph":[{"@type":"WebPage","@id":"https:\/\/ccsmart.org\/about-ccsmart\/","url":"https:\/\/ccsmart.org\/about-ccsmart\/","name":"Acerca de CCsmart \" CCsmart","isPartOf":{"@id":"https:\/\/ccsmart.org\/#website"},"primaryImageOfPage":{"@id":"https:\/\/ccsmart.org\/about-ccsmart\/#primaryimage"},"image":{"@id":"https:\/\/ccsmart.org\/about-ccsmart\/#primaryimage"},"thumbnailUrl":"https:\/\/ccsmart.org\/wp-content\/uploads\/icon-cc-smart.png","datePublished":"2022-07-07T15:53:19+00:00","dateModified":"2023-02-07T18:31:10+00:00","description":"Acerca de Community College Smart Una iniciativa impulsada por los estudiantes para apoyar a las universidades comunitarias El problema El descenso de la poblaci\u00f3n universitaria es un problema de todos.","inLanguage":"es","potentialAction":[{"@type":"ReadAction","target":["https:\/\/ccsmart.org\/about-ccsmart\/"]}]},{"@type":"ImageObject","inLanguage":"es","@id":"https:\/\/ccsmart.org\/about-ccsmart\/#primaryimage","url":"https:\/\/ccsmart.org\/wp-content\/uploads\/icon-cc-smart.png","contentUrl":"https:\/\/ccsmart.org\/wp-content\/uploads\/icon-cc-smart.png","width":754,"height":673,"caption":"CC Smart"},{"@type":"WebSite","@id":"https:\/\/ccsmart.org\/#website","url":"https:\/\/ccsmart.org\/","name":"CCsmart powered by Phi Theta Kappa","description":"","publisher":{"@id":"https:\/\/ccsmart.org\/#organization"},"potentialAction":[{"@type":"SearchAction","target":{"@type":"EntryPoint","urlTemplate":"https:\/\/ccsmart.org\/?s={search_term_string}"},"query-input":{"@type":"PropertyValueSpecification","valueRequired":true,"valueName":"search_term_string"}}],"inLanguage":"es"},{"@type":"Organization","@id":"https:\/\/ccsmart.org\/#organization","name":"CCsmart powered by Phi Theta Kappa","url":"https:\/\/ccsmart.org\/","logo":{"@type":"ImageObject","inLanguage":"es","@id":"https:\/\/ccsmart.org\/#\/schema\/logo\/image\/","url":"https:\/\/ccsmart.org\/wp-content\/uploads\/logo-cc-smart.png","contentUrl":"https:\/\/ccsmart.org\/wp-content\/uploads\/logo-cc-smart.png","width":1819,"height":673,"caption":"CCsmart powered by Phi Theta Kappa"},"image":{"@id":"https:\/\/ccsmart.org\/#\/schema\/logo\/image\/"},"sameAs":["https:\/\/www.facebook.com\/ccissmart\/","https:\/\/x.com\/cc__smart","https:\/\/www.instagram.com\/cc__smart\/"]}]}},"_links":{"self":[{"href":"https:\/\/ccsmart.org\/es\/wp-json\/wp\/v2\/pages\/303","targetHints":{"allow":["GET"]}}],"collection":[{"href":"https:\/\/ccsmart.org\/es\/wp-json\/wp\/v2\/pages"}],"about":[{"href":"https:\/\/ccsmart.org\/es\/wp-json\/wp\/v2\/types\/page"}],"author":[{"embeddable":true,"href":"https:\/\/ccsmart.org\/es\/wp-json\/wp\/v2\/users\/14"}],"replies":[{"embeddable":true,"href":"https:\/\/ccsmart.org\/es\/wp-json\/wp\/v2\/comments?post=303"}],"version-history":[{"count":0,"href":"https:\/\/ccsmart.org\/es\/wp-json\/wp\/v2\/pages\/303\/revisions"}],"wp:featuredmedia":[{"embeddable":true,"href":"https:\/\/ccsmart.org\/es\/wp-json\/wp\/v2\/media\/11"}],"wp:attachment":[{"href":"https:\/\/ccsmart.org\/es\/wp-json\/wp\/v2\/media?parent=303"}],"curies":[{"name":"wp","href":"https:\/\/api.w.org\/{rel}","templated":true}]}}