{"id":3,"date":"2020-06-25T13:43:44","date_gmt":"2020-06-25T13:43:44","guid":{"rendered":"http:\/\/ccsmart.org\/?page_id=3"},"modified":"2022-09-09T11:02:50","modified_gmt":"2022-09-09T16:02:50","slug":"politica-de-privacidad","status":"publish","type":"page","link":"https:\/\/ccsmart.org\/es\/politica-de-privacidad\/","title":{"rendered":"Pol\u00edtica de privacidad"},"content":{"rendered":"<h1>\n\t\tPol\u00edtica de privacidad\n\t<\/h1>\n\t<h2>Visi\u00f3n general<\/h2>\n<p>CCsmart se compromete a hacer un uso responsable de la informaci\u00f3n personal y sensible recopilada de y sobre sus miembros, asesores, socios comerciales y otras personas que faciliten dicha informaci\u00f3n a la Sociedad. Este compromiso se ajusta a la normativa estatal y federal relativa al uso de informaci\u00f3n sensible. Dicha informaci\u00f3n sensible incluye informaci\u00f3n que podr\u00eda utilizarse para causar un perjuicio econ\u00f3mico o un da\u00f1o a la reputaci\u00f3n de cualquier persona. Esta pol\u00edtica se aplica a la informaci\u00f3n sensible identificable personalmente y a la forma en que se recopila.<\/p>\n<h2>Prop\u00f3sito<\/h2>\n<p>El objetivo de esta pol\u00edtica es proteger la privacidad de las personas que tienen informaci\u00f3n sensible almacenada (ya sea en formato electr\u00f3nico o en papel) en activos propiedad de CCsmart, al mismo tiempo que proporciona a la Sociedad la capacidad de compartir esta informaci\u00f3n con entidades autorizadas seg\u00fan lo requiera una necesidad acad\u00e9mica o empresarial leg\u00edtima o la ley.<\/p>\n<h2>Alcance<\/h2>\n<p>La pol\u00edtica de privacidad de CCsmart se aplica a todos los miembros, asesores, estudiantes elegibles, afiliados y proveedores de servicios externos.<\/p>\n<h2>Pol\u00edtica de privacidad<\/h2>\n<p>El uso responsable de la informaci\u00f3n sensible requiere que la Sociedad respete la privacidad individual, proteja contra el acceso o uso no autorizado de la informaci\u00f3n, y cumpla plenamente con todas las leyes y reglamentos gubernamentales en la recopilaci\u00f3n, uso, almacenamiento, visualizaci\u00f3n, distribuci\u00f3n y eliminaci\u00f3n de dicha informaci\u00f3n. Los usos autorizados de informaci\u00f3n sensible dentro de la Sociedad se limitan a los usos que a) sean necesarios para cumplir los requisitos legales y reglamentarios; b) faciliten el acceso a servicios, transacciones, instalaciones e informaci\u00f3n; o c) respalden procesos administrativos eficientes.<\/p>\n<p>El acceso a la informaci\u00f3n sensible est\u00e1 limitado a:<\/p>\n<ul>\n<li>la persona cuya informaci\u00f3n se produce o muestra;<\/li>\n<li>un miembro del personal de la Sociedad o un agente de la Sociedad con acceso autorizado basado en un inter\u00e9s leg\u00edtimo y una necesidad de conocer;<\/li>\n<li>una organizaci\u00f3n o persona autorizada por el individuo para recibir la informaci\u00f3n;<\/li>\n<li>u otras personas o entidades, seg\u00fan lo permita la ley, con fines que se consideren apropiados o necesarios para el desarrollo razonable de las actividades de la Sociedad.<\/li>\n<\/ul>\n<h2>D\u00f3nde obtiene la Sociedad los datos personales y sensibles<\/h2>\n<p>La Sociedad recibe datos personales y sensibles de m\u00faltiples fuentes. La mayor\u00eda de las veces, la Sociedad obtiene estos datos directamente del interesado o bajo la direcci\u00f3n del interesado que los ha facilitado a un tercero.<\/p>\n<h2>Uso de datos<\/h2>\n<p>En contraprestaci\u00f3n por los derechos otorgados a los Miembros de CCsmart en virtud de los T\u00e9rminos y Condiciones de Afiliaci\u00f3n, los Miembros de CCsmart nos conceden el derecho a:<\/p>\n<ul>\n<li>tramitar su afiliaci\u00f3n y proporcionarle acceso a sus ventajas como afiliado,<\/li>\n<li>promocionar las actividades de nuestra secci\u00f3n, los productos de la tienda, la publicidad y otra informaci\u00f3n,<\/li>\n<li>y permitir que nuestros socios universitarios y empresariales hagan lo mismo.<\/li>\n<\/ul>\n<p>Los miembros que no deseen ver nuestras comunicaciones o las de nuestros socios pueden acceder al perfil de su cuenta de miembro y ajustar las opciones de comunicaci\u00f3n.<\/p>\n<p>Haga clic en el enlace para ver el texto completo <a href=\"https:\/\/www.ptk.org\/policies\/membership-terms-conditions\/\">Condiciones de afiliaci\u00f3n<\/a>.<\/p>\n<h2>Cookies<\/h2>\n<p>Las cookies son archivos que muchos sitios web transfieren a los navegadores de los usuarios para permitir que el sitio ofrezca servicios personalizados o proporcione autenticaci\u00f3n persistente. La informaci\u00f3n contenida en una cookie suele incluir informaci\u00f3n recopilada autom\u00e1ticamente por el servidor web y\/o informaci\u00f3n proporcionada voluntariamente por el usuario. Nuestro sitio web utiliza cookies persistentes junto con un socio tecnol\u00f3gico externo para analizar el uso de los motores de b\u00fasqueda y los patrones de tr\u00e1fico web. Esta informaci\u00f3n se utiliza en conjunto para supervisar y mejorar nuestras p\u00e1ginas web. No se utiliza para rastrear los patrones de uso de usuarios individuales.<\/p>\n<h2>Comentarios<\/h2>\n<p>Al proporcionar retroalimentaci\u00f3n, ideas o sugerencias a Phi Theta Kappa en relaci\u00f3n con las becas CCsmart, beneficios para miembros, programas o servicios, uno reconoce que la Retroalimentaci\u00f3n no es confidencial, y autoriza a Phi Theta Kappa a utilizar la Retroalimentaci\u00f3n sin restricciones y sin pago al proveedor. Los comentarios se consideran un tipo de Contenido.<\/p>\n<p><em>Actualizado el 2 de noviembre de 2020<\/em><\/p>","protected":false},"excerpt":{"rendered":"<p>Pol\u00edtica de privacidad CCsmart se compromete a hacer un uso responsable de la informaci\u00f3n personal y sensible recopilada de y sobre sus miembros, asesores, socios comerciales y otras personas que faciliten dicha informaci\u00f3n a la Sociedad. Este compromiso se ajusta a la normativa estatal y federal relativa al uso de informaci\u00f3n sensible. Dicha informaci\u00f3n sensible incluye [...]<\/p>","protected":false},"author":2,"featured_media":0,"parent":0,"menu_order":0,"comment_status":"closed","ping_status":"open","template":"","meta":{"inline_featured_image":false,"site-sidebar-layout":"no-sidebar","site-content-layout":"page-builder","ast-site-content-layout":"","site-content-style":"default","site-sidebar-style":"default","ast-global-header-display":"","ast-banner-title-visibility":"","ast-main-header-display":"","ast-hfb-above-header-display":"","ast-hfb-below-header-display":"","ast-hfb-mobile-header-display":"","site-post-title":"disabled","ast-breadcrumbs-content":"","ast-featured-img":"disabled","footer-sml-layout":"","theme-transparent-header-meta":"","adv-header-id-meta":"","stick-header-meta":"","header-above-stick-meta":"","header-main-stick-meta":"","header-below-stick-meta":"","astra-migrate-meta-layouts":"default","ast-page-background-enabled":"default","ast-page-background-meta":{"desktop":{"background-color":"","background-image":"","background-repeat":"repeat","background-position":"center center","background-size":"auto","background-attachment":"scroll","background-type":"","background-media":"","overlay-type":"","overlay-color":"","overlay-opacity":"","overlay-gradient":""},"tablet":{"background-color":"","background-image":"","background-repeat":"repeat","background-position":"center center","background-size":"auto","background-attachment":"scroll","background-type":"","background-media":"","overlay-type":"","overlay-color":"","overlay-opacity":"","overlay-gradient":""},"mobile":{"background-color":"","background-image":"","background-repeat":"repeat","background-position":"center center","background-size":"auto","background-attachment":"scroll","background-type":"","background-media":"","overlay-type":"","overlay-color":"","overlay-opacity":"","overlay-gradient":""}},"ast-content-background-meta":{"desktop":{"background-color":"var(--ast-global-color-5)","background-image":"","background-repeat":"repeat","background-position":"center center","background-size":"auto","background-attachment":"scroll","background-type":"","background-media":"","overlay-type":"","overlay-color":"","overlay-opacity":"","overlay-gradient":""},"tablet":{"background-color":"var(--ast-global-color-5)","background-image":"","background-repeat":"repeat","background-position":"center center","background-size":"auto","background-attachment":"scroll","background-type":"","background-media":"","overlay-type":"","overlay-color":"","overlay-opacity":"","overlay-gradient":""},"mobile":{"background-color":"var(--ast-global-color-5)","background-image":"","background-repeat":"repeat","background-position":"center center","background-size":"auto","background-attachment":"scroll","background-type":"","background-media":"","overlay-type":"","overlay-color":"","overlay-opacity":"","overlay-gradient":""}},"footnotes":""},"class_list":["post-3","page","type-page","status-publish","hentry"],"yoast_head":"<!-- This site is optimized with the Yoast SEO plugin v27.4 - https:\/\/yoast.com\/product\/yoast-seo-wordpress\/ -->\n<title>Privacy Policy &#187; CCsmart powered by Phi Theta Kappa<\/title>\n<meta name=\"description\" content=\"Privacy Policy Overview CCsmart is committed to the responsible use of personal information and sensitive information collected from and about its\" \/>\n<meta name=\"robots\" content=\"index, follow, max-snippet:-1, max-image-preview:large, max-video-preview:-1\" \/>\n<link rel=\"canonical\" href=\"https:\/\/ccsmart.org\/es\/politica-de-privacidad\/\" \/>\n<meta property=\"og:locale\" content=\"es_MX\" \/>\n<meta property=\"og:type\" content=\"article\" \/>\n<meta property=\"og:title\" content=\"Privacy Policy &#187; CCsmart powered by Phi Theta Kappa\" \/>\n<meta property=\"og:description\" content=\"Privacy Policy Overview CCsmart is committed to the responsible use of personal information and sensitive information collected from and about its\" \/>\n<meta property=\"og:url\" content=\"https:\/\/ccsmart.org\/es\/politica-de-privacidad\/\" \/>\n<meta property=\"og:site_name\" content=\"CCsmart powered by Phi Theta Kappa\" \/>\n<meta property=\"article:publisher\" content=\"https:\/\/www.facebook.com\/ccissmart\/\" \/>\n<meta property=\"article:modified_time\" content=\"2022-09-09T16:02:50+00:00\" \/>\n<meta name=\"twitter:card\" content=\"summary_large_image\" \/>\n<meta name=\"twitter:site\" content=\"@cc__smart\" \/>\n<meta name=\"twitter:label1\" content=\"Tiempo de lectura\" \/>\n\t<meta name=\"twitter:data1\" content=\"3 minutos\" \/>\n<script type=\"application\/ld+json\" class=\"yoast-schema-graph\">{\"@context\":\"https:\\\/\\\/schema.org\",\"@graph\":[{\"@type\":\"WebPage\",\"@id\":\"https:\\\/\\\/ccsmart.org\\\/privacy-policy\\\/\",\"url\":\"https:\\\/\\\/ccsmart.org\\\/privacy-policy\\\/\",\"name\":\"Privacy Policy &#187; CCsmart powered by Phi Theta Kappa\",\"isPartOf\":{\"@id\":\"https:\\\/\\\/ccsmart.org\\\/#website\"},\"datePublished\":\"2020-06-25T13:43:44+00:00\",\"dateModified\":\"2022-09-09T16:02:50+00:00\",\"description\":\"Privacy Policy Overview CCsmart is committed to the responsible use of personal information and sensitive information collected from and about its\",\"inLanguage\":\"es\",\"potentialAction\":[{\"@type\":\"ReadAction\",\"target\":[\"https:\\\/\\\/ccsmart.org\\\/privacy-policy\\\/\"]}]},{\"@type\":\"WebSite\",\"@id\":\"https:\\\/\\\/ccsmart.org\\\/#website\",\"url\":\"https:\\\/\\\/ccsmart.org\\\/\",\"name\":\"CCsmart powered by Phi Theta Kappa\",\"description\":\"\",\"publisher\":{\"@id\":\"https:\\\/\\\/ccsmart.org\\\/#organization\"},\"potentialAction\":[{\"@type\":\"SearchAction\",\"target\":{\"@type\":\"EntryPoint\",\"urlTemplate\":\"https:\\\/\\\/ccsmart.org\\\/?s={search_term_string}\"},\"query-input\":{\"@type\":\"PropertyValueSpecification\",\"valueRequired\":true,\"valueName\":\"search_term_string\"}}],\"inLanguage\":\"es\"},{\"@type\":\"Organization\",\"@id\":\"https:\\\/\\\/ccsmart.org\\\/#organization\",\"name\":\"CCsmart powered by Phi Theta Kappa\",\"url\":\"https:\\\/\\\/ccsmart.org\\\/\",\"logo\":{\"@type\":\"ImageObject\",\"inLanguage\":\"es\",\"@id\":\"https:\\\/\\\/ccsmart.org\\\/#\\\/schema\\\/logo\\\/image\\\/\",\"url\":\"https:\\\/\\\/ccsmart.org\\\/wp-content\\\/uploads\\\/logo-cc-smart.png\",\"contentUrl\":\"https:\\\/\\\/ccsmart.org\\\/wp-content\\\/uploads\\\/logo-cc-smart.png\",\"width\":1819,\"height\":673,\"caption\":\"CCsmart powered by Phi Theta Kappa\"},\"image\":{\"@id\":\"https:\\\/\\\/ccsmart.org\\\/#\\\/schema\\\/logo\\\/image\\\/\"},\"sameAs\":[\"https:\\\/\\\/www.facebook.com\\\/ccissmart\\\/\",\"https:\\\/\\\/x.com\\\/cc__smart\",\"https:\\\/\\\/www.instagram.com\\\/cc__smart\\\/\"]}]}<\/script>\n<!-- \/ Yoast SEO plugin. -->","yoast_head_json":{"title":"Pol\u00edtica de privacidad \" CCsmart powered by Phi Theta Kappa","description":"Pol\u00edtica de privacidad CCsmart se compromete a hacer un uso responsable de la informaci\u00f3n personal y sensible recopilada de y sobre sus clientes.","robots":{"index":"index","follow":"follow","max-snippet":"max-snippet:-1","max-image-preview":"max-image-preview:large","max-video-preview":"max-video-preview:-1"},"canonical":"https:\/\/ccsmart.org\/es\/politica-de-privacidad\/","og_locale":"es_MX","og_type":"article","og_title":"Privacy Policy &#187; CCsmart powered by Phi Theta Kappa","og_description":"Privacy Policy Overview CCsmart is committed to the responsible use of personal information and sensitive information collected from and about its","og_url":"https:\/\/ccsmart.org\/es\/politica-de-privacidad\/","og_site_name":"CCsmart powered by Phi Theta Kappa","article_publisher":"https:\/\/www.facebook.com\/ccissmart\/","article_modified_time":"2022-09-09T16:02:50+00:00","twitter_card":"summary_large_image","twitter_site":"@cc__smart","twitter_misc":{"Tiempo de lectura":"3 minutos"},"schema":{"@context":"https:\/\/schema.org","@graph":[{"@type":"WebPage","@id":"https:\/\/ccsmart.org\/privacy-policy\/","url":"https:\/\/ccsmart.org\/privacy-policy\/","name":"Pol\u00edtica de privacidad \" CCsmart powered by Phi Theta Kappa","isPartOf":{"@id":"https:\/\/ccsmart.org\/#website"},"datePublished":"2020-06-25T13:43:44+00:00","dateModified":"2022-09-09T16:02:50+00:00","description":"Pol\u00edtica de privacidad CCsmart se compromete a hacer un uso responsable de la informaci\u00f3n personal y sensible recopilada de y sobre sus clientes.","inLanguage":"es","potentialAction":[{"@type":"ReadAction","target":["https:\/\/ccsmart.org\/privacy-policy\/"]}]},{"@type":"WebSite","@id":"https:\/\/ccsmart.org\/#website","url":"https:\/\/ccsmart.org\/","name":"CCsmart powered by Phi Theta Kappa","description":"","publisher":{"@id":"https:\/\/ccsmart.org\/#organization"},"potentialAction":[{"@type":"SearchAction","target":{"@type":"EntryPoint","urlTemplate":"https:\/\/ccsmart.org\/?s={search_term_string}"},"query-input":{"@type":"PropertyValueSpecification","valueRequired":true,"valueName":"search_term_string"}}],"inLanguage":"es"},{"@type":"Organization","@id":"https:\/\/ccsmart.org\/#organization","name":"CCsmart powered by Phi Theta Kappa","url":"https:\/\/ccsmart.org\/","logo":{"@type":"ImageObject","inLanguage":"es","@id":"https:\/\/ccsmart.org\/#\/schema\/logo\/image\/","url":"https:\/\/ccsmart.org\/wp-content\/uploads\/logo-cc-smart.png","contentUrl":"https:\/\/ccsmart.org\/wp-content\/uploads\/logo-cc-smart.png","width":1819,"height":673,"caption":"CCsmart powered by Phi Theta Kappa"},"image":{"@id":"https:\/\/ccsmart.org\/#\/schema\/logo\/image\/"},"sameAs":["https:\/\/www.facebook.com\/ccissmart\/","https:\/\/x.com\/cc__smart","https:\/\/www.instagram.com\/cc__smart\/"]}]}},"_links":{"self":[{"href":"https:\/\/ccsmart.org\/es\/wp-json\/wp\/v2\/pages\/3","targetHints":{"allow":["GET"]}}],"collection":[{"href":"https:\/\/ccsmart.org\/es\/wp-json\/wp\/v2\/pages"}],"about":[{"href":"https:\/\/ccsmart.org\/es\/wp-json\/wp\/v2\/types\/page"}],"author":[{"embeddable":true,"href":"https:\/\/ccsmart.org\/es\/wp-json\/wp\/v2\/users\/2"}],"replies":[{"embeddable":true,"href":"https:\/\/ccsmart.org\/es\/wp-json\/wp\/v2\/comments?post=3"}],"version-history":[{"count":0,"href":"https:\/\/ccsmart.org\/es\/wp-json\/wp\/v2\/pages\/3\/revisions"}],"wp:attachment":[{"href":"https:\/\/ccsmart.org\/es\/wp-json\/wp\/v2\/media?parent=3"}],"curies":[{"name":"wp","href":"https:\/\/api.w.org\/{rel}","templated":true}]}}