{"id":259,"date":"2022-07-07T08:54:27","date_gmt":"2022-07-07T13:54:27","guid":{"rendered":"https:\/\/ccsmart.org\/?page_id=259"},"modified":"2026-02-26T09:21:11","modified_gmt":"2026-02-26T15:21:11","slug":"kit-de-herramientas-ccsmart","status":"publish","type":"page","link":"https:\/\/ccsmart.org\/es\/kit-de-herramientas-ccsmart\/","title":{"rendered":"Kit de herramientas CCsmart"},"content":{"rendered":"<h1>\n\t\tKit de herramientas CCsmart\n\t<\/h1>\n\t<p>Para descargar activos:<\/p>\n<p>Haga clic en el activo deseado. A continuaci\u00f3n, en Windows, haz clic con el bot\u00f3n derecho del rat\u00f3n en la imagen y utiliza la opci\u00f3n de men\u00fa Guardar imagen. En Mac OS, mantenga pulsada la tecla Opci\u00f3n y haga clic en la imagen para encontrar la opci\u00f3n de men\u00fa Guardar como.<\/p>\n<h2>\n\t\tLogos\n\t<\/h2>\n<h2>\n\t\tIm\u00e1genes est\u00e1ticas\n\t<\/h2>\n<h2>\n\t\tCarruseles\n\t<\/h2>\n<h2>\n\t\tEstudiantes\n\t<\/h2>\n<h2>\n\t\tV\u00eddeos\n\t<\/h2>\n\t<meta itemprop=\"url\" content=\"https:\/\/ccsmart.org\/wp-content\/uploads\/WORK-BLUE.mp4\" \/><div style=\"width: 640px;\" class=\"wp-video\"><video class=\"wp-video-shortcode\" id=\"video-259-1\" width=\"640\" height=\"360\" preload=\"metadata\" controls=\"controls\"><source type=\"video\/mp4\" src=\"https:\/\/ccsmart.org\/wp-content\/uploads\/WORK-BLUE.mp4?_=1\" \/><a href=\"https:\/\/ccsmart.org\/wp-content\/uploads\/WORK-BLUE.mp4\">https:\/\/ccsmart.org\/wp-content\/uploads\/WORK-BLUE.mp4<\/a><\/video><\/div>\n\t<meta itemprop=\"url\" content=\"https:\/\/ccsmart.org\/wp-content\/uploads\/TOOLS-BLUE.mp4\" \/><div style=\"width: 640px;\" class=\"wp-video\"><video class=\"wp-video-shortcode\" id=\"video-259-2\" width=\"640\" height=\"360\" preload=\"metadata\" controls=\"controls\"><source type=\"video\/mp4\" src=\"https:\/\/ccsmart.org\/wp-content\/uploads\/TOOLS-BLUE.mp4?_=2\" \/><a href=\"https:\/\/ccsmart.org\/wp-content\/uploads\/TOOLS-BLUE.mp4\">https:\/\/ccsmart.org\/wp-content\/uploads\/TOOLS-BLUE.mp4<\/a><\/video><\/div>\n\t<meta itemprop=\"url\" content=\"https:\/\/ccsmart.org\/wp-content\/uploads\/SUPPORT-BLUE.mp4\" \/><div style=\"width: 640px;\" class=\"wp-video\"><video class=\"wp-video-shortcode\" id=\"video-259-3\" width=\"640\" height=\"360\" preload=\"metadata\" controls=\"controls\"><source type=\"video\/mp4\" src=\"https:\/\/ccsmart.org\/wp-content\/uploads\/SUPPORT-BLUE.mp4?_=3\" \/><a href=\"https:\/\/ccsmart.org\/wp-content\/uploads\/SUPPORT-BLUE.mp4\">https:\/\/ccsmart.org\/wp-content\/uploads\/SUPPORT-BLUE.mp4<\/a><\/video><\/div>\n\t<meta itemprop=\"url\" content=\"https:\/\/ccsmart.org\/wp-content\/uploads\/SPANISH-BLUE.mp4\" \/><div style=\"width: 640px;\" class=\"wp-video\"><video class=\"wp-video-shortcode\" id=\"video-259-4\" width=\"640\" height=\"360\" preload=\"metadata\" controls=\"controls\"><source type=\"video\/mp4\" src=\"https:\/\/ccsmart.org\/wp-content\/uploads\/SPANISH-BLUE.mp4?_=4\" \/><a href=\"https:\/\/ccsmart.org\/wp-content\/uploads\/SPANISH-BLUE.mp4\">https:\/\/ccsmart.org\/wp-content\/uploads\/SPANISH-BLUE.mp4<\/a><\/video><\/div>\n\t<meta itemprop=\"url\" content=\"https:\/\/ccsmart.org\/wp-content\/uploads\/MONEY-BLUE.mp4\" \/><div style=\"width: 640px;\" class=\"wp-video\"><video class=\"wp-video-shortcode\" id=\"video-259-5\" width=\"640\" height=\"360\" preload=\"metadata\" controls=\"controls\"><source type=\"video\/mp4\" src=\"https:\/\/ccsmart.org\/wp-content\/uploads\/MONEY-BLUE.mp4?_=5\" \/><a href=\"https:\/\/ccsmart.org\/wp-content\/uploads\/MONEY-BLUE.mp4\">https:\/\/ccsmart.org\/wp-content\/uploads\/MONEY-BLUE.mp4<\/a><\/video><\/div>\n\t<meta itemprop=\"url\" content=\"https:\/\/ccsmart.org\/wp-content\/uploads\/MILITARY-BLUE.mp4\" \/><div style=\"width: 640px;\" class=\"wp-video\"><video class=\"wp-video-shortcode\" id=\"video-259-6\" width=\"640\" height=\"360\" preload=\"metadata\" controls=\"controls\"><source type=\"video\/mp4\" src=\"https:\/\/ccsmart.org\/wp-content\/uploads\/MILITARY-BLUE.mp4?_=6\" \/><a href=\"https:\/\/ccsmart.org\/wp-content\/uploads\/MILITARY-BLUE.mp4\">https:\/\/ccsmart.org\/wp-content\/uploads\/MILITARY-BLUE.mp4<\/a><\/video><\/div>\n\t<meta itemprop=\"url\" content=\"https:\/\/ccsmart.org\/wp-content\/uploads\/INTERNATIONAL-BLUE.mp4\" \/><div style=\"width: 640px;\" class=\"wp-video\"><video class=\"wp-video-shortcode\" id=\"video-259-7\" width=\"640\" height=\"360\" preload=\"metadata\" controls=\"controls\"><source type=\"video\/mp4\" src=\"https:\/\/ccsmart.org\/wp-content\/uploads\/INTERNATIONAL-BLUE.mp4?_=7\" \/><a href=\"https:\/\/ccsmart.org\/wp-content\/uploads\/INTERNATIONAL-BLUE.mp4\">https:\/\/ccsmart.org\/wp-content\/uploads\/INTERNATIONAL-BLUE.mp4<\/a><\/video><\/div>\n\t<meta itemprop=\"url\" content=\"https:\/\/ccsmart.org\/wp-content\/uploads\/FLEXIBLE-ENROLLMENT-BLUE.mp4\" \/><div style=\"width: 640px;\" class=\"wp-video\"><video class=\"wp-video-shortcode\" id=\"video-259-8\" width=\"640\" height=\"360\" preload=\"metadata\" controls=\"controls\"><source type=\"video\/mp4\" src=\"https:\/\/ccsmart.org\/wp-content\/uploads\/FLEXIBLE-ENROLLMENT-BLUE.mp4?_=8\" \/><a href=\"https:\/\/ccsmart.org\/wp-content\/uploads\/FLEXIBLE-ENROLLMENT-BLUE.mp4\">https:\/\/ccsmart.org\/wp-content\/uploads\/FLEXIBLE-ENROLLMENT-BLUE.mp4<\/a><\/video><\/div>\n\t<meta itemprop=\"url\" content=\"https:\/\/ccsmart.org\/wp-content\/uploads\/FACULTY-BLUE.mp4\" \/><div style=\"width: 640px;\" class=\"wp-video\"><video class=\"wp-video-shortcode\" id=\"video-259-9\" width=\"640\" height=\"360\" preload=\"metadata\" controls=\"controls\"><source type=\"video\/mp4\" src=\"https:\/\/ccsmart.org\/wp-content\/uploads\/FACULTY-BLUE.mp4?_=9\" \/><a href=\"https:\/\/ccsmart.org\/wp-content\/uploads\/FACULTY-BLUE.mp4\">https:\/\/ccsmart.org\/wp-content\/uploads\/FACULTY-BLUE.mp4<\/a><\/video><\/div>\n\t<meta itemprop=\"url\" content=\"https:\/\/ccsmart.org\/wp-content\/uploads\/DUAL-ENROLL-BLUE.mp4\" \/><div style=\"width: 640px;\" class=\"wp-video\"><video class=\"wp-video-shortcode\" id=\"video-259-10\" width=\"640\" height=\"360\" preload=\"metadata\" controls=\"controls\"><source type=\"video\/mp4\" src=\"https:\/\/ccsmart.org\/wp-content\/uploads\/DUAL-ENROLL-BLUE.mp4?_=10\" \/><a href=\"https:\/\/ccsmart.org\/wp-content\/uploads\/DUAL-ENROLL-BLUE.mp4\">https:\/\/ccsmart.org\/wp-content\/uploads\/DUAL-ENROLL-BLUE.mp4<\/a><\/video><\/div>\n\t<meta itemprop=\"url\" content=\"https:\/\/ccsmart.org\/wp-content\/uploads\/APPLY-BLUE.mp4\" \/><div style=\"width: 640px;\" class=\"wp-video\"><video class=\"wp-video-shortcode\" id=\"video-259-11\" width=\"640\" height=\"360\" preload=\"metadata\" controls=\"controls\"><source type=\"video\/mp4\" src=\"https:\/\/ccsmart.org\/wp-content\/uploads\/APPLY-BLUE.mp4?_=11\" \/><a href=\"https:\/\/ccsmart.org\/wp-content\/uploads\/APPLY-BLUE.mp4\">https:\/\/ccsmart.org\/wp-content\/uploads\/APPLY-BLUE.mp4<\/a><\/video><\/div>\n\t<iframe src=\"https:\/\/player.vimeo.com\/video\/821773637?badge=0&amp;autopause=0&amp;player_id=0&amp;app_id=58479\" frameborder=\"0\" allow=\"autoplay; fullscreen; picture-in-picture\" title=\"CCsmart\"><\/iframe>\n\t<iframe loading=\"lazy\" src=\"https:\/\/player.vimeo.com\/video\/749659091?h=780a179647\" width=\"640\" height=\"360\" frameborder=\"0\" allow=\"autoplay; fullscreen; picture-in-picture\" allowfullscreen><\/iframe>\n<p><a href=\"https:\/\/vimeo.com\/749659091\">CCsmart 30 ESPN Alt<\/a> de <a href=\"https:\/\/vimeo.com\/godwingroup\">Godwin.<\/a> en <a href=\"https:\/\/vimeo.com\">Vimeo<\/a>.<\/p>\n\t<iframe loading=\"lazy\" src=\"https:\/\/player.vimeo.com\/video\/727146046?h=dc02cbe6c8\" width=\"640\" height=\"360\" frameborder=\"0\" allow=\"autoplay; fullscreen; picture-in-picture\" allowfullscreen><\/iframe>\n<p><a href=\"https:\/\/vimeo.com\/727146046\">CCsmart 15A.mp4<\/a> de <a href=\"https:\/\/vimeo.com\/godwingroup\">Godwin.<\/a> en <a href=\"https:\/\/vimeo.com\">Vimeo<\/a>.<\/p>\n\t<iframe loading=\"lazy\" src=\"https:\/\/player.vimeo.com\/video\/727165010?h=c90f28caa8\" width=\"640\" height=\"360\" frameborder=\"0\" allow=\"autoplay; fullscreen; picture-in-picture\" allowfullscreen><\/iframe>\n<p><a href=\"https:\/\/vimeo.com\/727165010\">CCsmart 15B.mp4<\/a> de <a href=\"https:\/\/vimeo.com\/godwingroup\">Godwin.<\/a> en <a href=\"https:\/\/vimeo.com\">Vimeo<\/a>.<\/p>\n\t<h3>Directrices de marca<\/h3>\n<p>Phi Theta Kappa (PTK) ha estandarizado el protocolo de uso de nuestros logotipos y wordmarks asociados para la marca CCsmart. CCsmart y sus logotipos y marcas denominativas asociados son marcas registradas de Phi Theta Kappa y no pueden utilizarse para ning\u00fan fin fuera de las directrices que se indican a continuaci\u00f3n sin el permiso por escrito del Departamento de marketing de PTK. Estos logotipos y wordmarks incluyen todo lo que aparece en la p\u00e1gina CCsmart Toolkit. P\u00f3ngase en contacto con <a href=\"mailto:marketing@ptk.org\">marketing@ptk.org<\/a> para cualquier duda sobre el uso aceptable.<\/p>\n<p><strong>Colegio, Administraci\u00f3n, Individual y, Cap\u00edtulo PTK Uso de las comunicaciones<\/strong><\/p>\n<p>Los logotipos y marcas denominativas de CCsmart pueden utilizarse tanto en formato digital como impreso para promocionar la marca CCsmart y con fines de marketing\/comunicaci\u00f3n.<\/p>\n<p>Todos los usos digitales de los contenidos e im\u00e1genes de CCsmart deben incluir al menos un enlace a ccsmart.org, y todos los usos digitales de los logotipos y marcas denominativas deben ser clicables y enlazar a ccsmart.org.<\/p>\n<p>Todos los usos impresos del contenido y las im\u00e1genes de CCsmart deben incluir al menos un aviso de copyright, que debe decir lo siguiente: CCsmart es una marca registrada de Phi Theta Kappa.<\/p>\n<p>Las delegaciones del PTK pueden utilizar logotipos y marcas denominativas para promocionar las comunicaciones regionales y de las delegaciones relacionadas con las marcas PTK y CCsmart.<\/p>\n<p><strong>Mercanc\u00eda en venta<\/strong><\/p>\n<p>Los logotipos y marcas denominativas de CCsmart (todas las im\u00e1genes que figuran en la p\u00e1gina de herramientas de CCsmart) no pueden utilizarse para la venta de productos por parte de las universidades y las secciones de PTK, a menos que se reciba un permiso expreso por escrito para cada uso.<\/p>\n<p>Los logotipos y marcas denominativas de CCsmart (todas las im\u00e1genes enumeradas en la p\u00e1gina de herramientas de CCsmart) no pueden ser utilizados por ninguna empresa o persona ajena que no est\u00e9 asociada activamente con Phi Theta Kappa y la marca CCsmart.<\/p>\n<p><strong>Uso de las redes sociales<\/strong><\/p>\n<p>Los logotipos y marcas de CCsmart no pueden utilizarse en las redes sociales ni en las im\u00e1genes de avatar.<\/p>\nLos logotipos y marcas de CCsmart pueden utilizarse en publicaciones en redes sociales para promocionar la marca, la participaci\u00f3n universitaria y las actividades de la secci\u00f3n PTK, siempre y cuando se etiquete la cuenta oficial de CCsmart en la respectiva plataforma de redes sociales.<br \/>\n<a href=\"https:\/\/twitter.com\/cc__smart\">Twitter<\/a><br \/>\n<a href=\"https:\/\/www.instagram.com\/cc__smart\/\">Instagram<\/a><br \/>\n<a href=\"https:\/\/www.facebook.com\/ccissmart\/\">Facebook<\/a><br \/>\n<a href=\"https:\/\/www.tiktok.com\/@cc__smart\">TikTok<\/a><br \/>\n<a href=\"https:\/\/www.youtube.com\/channel\/UC5sHqunpDxesmdtxQF1S8Vg\">YouTube<\/a>","protected":false},"excerpt":{"rendered":"<p>CCsmart Toolkit Para descargar activos: Haga clic en el activo deseado. En Windows, haga clic con el bot\u00f3n derecho del rat\u00f3n en la imagen y utilice la opci\u00f3n de men\u00fa Guardar imagen. En Mac OS, mantenga pulsada la tecla Opci\u00f3n y haga clic en la imagen para encontrar la opci\u00f3n de men\u00fa Guardar como. Logotipos Im\u00e1genes est\u00e1ticas Carruseles Estudiantes V\u00eddeos CCsmart 30 ESPN Alt de [...]<\/p>","protected":false},"author":5,"featured_media":0,"parent":0,"menu_order":0,"comment_status":"closed","ping_status":"closed","template":"","meta":{"inline_featured_image":false,"site-sidebar-layout":"default","site-content-layout":"","ast-site-content-layout":"default","site-content-style":"default","site-sidebar-style":"default","ast-global-header-display":"","ast-banner-title-visibility":"","ast-main-header-display":"","ast-hfb-above-header-display":"","ast-hfb-below-header-display":"","ast-hfb-mobile-header-display":"","site-post-title":"disabled","ast-breadcrumbs-content":"","ast-featured-img":"","footer-sml-layout":"","theme-transparent-header-meta":"","adv-header-id-meta":"","stick-header-meta":"","header-above-stick-meta":"","header-main-stick-meta":"","header-below-stick-meta":"","astra-migrate-meta-layouts":"set","ast-page-background-enabled":"default","ast-page-background-meta":{"desktop":{"background-color":"","background-image":"","background-repeat":"repeat","background-position":"center center","background-size":"auto","background-attachment":"scroll","background-type":"","background-media":"","overlay-type":"","overlay-color":"","overlay-opacity":"","overlay-gradient":""},"tablet":{"background-color":"","background-image":"","background-repeat":"repeat","background-position":"center center","background-size":"auto","background-attachment":"scroll","background-type":"","background-media":"","overlay-type":"","overlay-color":"","overlay-opacity":"","overlay-gradient":""},"mobile":{"background-color":"","background-image":"","background-repeat":"repeat","background-position":"center center","background-size":"auto","background-attachment":"scroll","background-type":"","background-media":"","overlay-type":"","overlay-color":"","overlay-opacity":"","overlay-gradient":""}},"ast-content-background-meta":{"desktop":{"background-color":"var(--ast-global-color-5)","background-image":"","background-repeat":"repeat","background-position":"center center","background-size":"auto","background-attachment":"scroll","background-type":"","background-media":"","overlay-type":"","overlay-color":"","overlay-opacity":"","overlay-gradient":""},"tablet":{"background-color":"var(--ast-global-color-5)","background-image":"","background-repeat":"repeat","background-position":"center center","background-size":"auto","background-attachment":"scroll","background-type":"","background-media":"","overlay-type":"","overlay-color":"","overlay-opacity":"","overlay-gradient":""},"mobile":{"background-color":"var(--ast-global-color-5)","background-image":"","background-repeat":"repeat","background-position":"center center","background-size":"auto","background-attachment":"scroll","background-type":"","background-media":"","overlay-type":"","overlay-color":"","overlay-opacity":"","overlay-gradient":""}},"footnotes":""},"class_list":["post-259","page","type-page","status-publish","hentry"],"yoast_head":"<!-- This site is optimized with the Yoast SEO plugin v27.4 - https:\/\/yoast.com\/product\/yoast-seo-wordpress\/ -->\n<title>CCsmart Toolkit<\/title>\n<meta name=\"description\" content=\"Colleges, Partners and Individuals can use the graphics in this page to promote the benefits of community colleges and the CCsmart brand.\" \/>\n<meta name=\"robots\" content=\"index, follow, max-snippet:-1, max-image-preview:large, max-video-preview:-1\" \/>\n<link rel=\"canonical\" href=\"https:\/\/ccsmart.org\/es\/kit-de-herramientas-ccsmart\/\" \/>\n<meta property=\"og:locale\" content=\"es_MX\" \/>\n<meta property=\"og:type\" content=\"article\" \/>\n<meta property=\"og:title\" content=\"CCsmart Toolkit\" \/>\n<meta property=\"og:description\" content=\"Colleges, Partners and Individuals can use the graphics in this page to promote the benefits of community colleges and the CCsmart brand.\" \/>\n<meta property=\"og:url\" content=\"https:\/\/ccsmart.org\/es\/kit-de-herramientas-ccsmart\/\" \/>\n<meta property=\"og:site_name\" content=\"CCsmart powered by Phi Theta Kappa\" \/>\n<meta property=\"article:publisher\" content=\"https:\/\/www.facebook.com\/ccissmart\/\" \/>\n<meta property=\"article:modified_time\" content=\"2026-02-26T15:21:11+00:00\" \/>\n<meta name=\"twitter:card\" content=\"summary_large_image\" \/>\n<meta name=\"twitter:site\" content=\"@cc__smart\" \/>\n<meta name=\"twitter:label1\" content=\"Tiempo de lectura\" \/>\n\t<meta name=\"twitter:data1\" content=\"2 minutos\" \/>\n<script type=\"application\/ld+json\" class=\"yoast-schema-graph\">{\"@context\":\"https:\\\/\\\/schema.org\",\"@graph\":[{\"@type\":\"WebPage\",\"@id\":\"https:\\\/\\\/ccsmart.org\\\/ccsmart-toolkit\\\/\",\"url\":\"https:\\\/\\\/ccsmart.org\\\/ccsmart-toolkit\\\/\",\"name\":\"CCsmart Toolkit\",\"isPartOf\":{\"@id\":\"https:\\\/\\\/ccsmart.org\\\/#website\"},\"datePublished\":\"2022-07-07T13:54:27+00:00\",\"dateModified\":\"2026-02-26T15:21:11+00:00\",\"description\":\"Colleges, Partners and Individuals can use the graphics in this page to promote the benefits of community colleges and the CCsmart brand.\",\"inLanguage\":\"es\",\"potentialAction\":[{\"@type\":\"ReadAction\",\"target\":[\"https:\\\/\\\/ccsmart.org\\\/ccsmart-toolkit\\\/\"]}]},{\"@type\":\"WebSite\",\"@id\":\"https:\\\/\\\/ccsmart.org\\\/#website\",\"url\":\"https:\\\/\\\/ccsmart.org\\\/\",\"name\":\"CCsmart powered by Phi Theta Kappa\",\"description\":\"\",\"publisher\":{\"@id\":\"https:\\\/\\\/ccsmart.org\\\/#organization\"},\"potentialAction\":[{\"@type\":\"SearchAction\",\"target\":{\"@type\":\"EntryPoint\",\"urlTemplate\":\"https:\\\/\\\/ccsmart.org\\\/?s={search_term_string}\"},\"query-input\":{\"@type\":\"PropertyValueSpecification\",\"valueRequired\":true,\"valueName\":\"search_term_string\"}}],\"inLanguage\":\"es\"},{\"@type\":\"Organization\",\"@id\":\"https:\\\/\\\/ccsmart.org\\\/#organization\",\"name\":\"CCsmart powered by Phi Theta Kappa\",\"url\":\"https:\\\/\\\/ccsmart.org\\\/\",\"logo\":{\"@type\":\"ImageObject\",\"inLanguage\":\"es\",\"@id\":\"https:\\\/\\\/ccsmart.org\\\/#\\\/schema\\\/logo\\\/image\\\/\",\"url\":\"https:\\\/\\\/ccsmart.org\\\/wp-content\\\/uploads\\\/logo-cc-smart.png\",\"contentUrl\":\"https:\\\/\\\/ccsmart.org\\\/wp-content\\\/uploads\\\/logo-cc-smart.png\",\"width\":1819,\"height\":673,\"caption\":\"CCsmart powered by Phi Theta Kappa\"},\"image\":{\"@id\":\"https:\\\/\\\/ccsmart.org\\\/#\\\/schema\\\/logo\\\/image\\\/\"},\"sameAs\":[\"https:\\\/\\\/www.facebook.com\\\/ccissmart\\\/\",\"https:\\\/\\\/x.com\\\/cc__smart\",\"https:\\\/\\\/www.instagram.com\\\/cc__smart\\\/\"]}]}<\/script>\n<!-- \/ Yoast SEO plugin. -->","yoast_head_json":{"title":"Kit de herramientas CCsmart","description":"Las universidades, los socios y los particulares pueden utilizar los gr\u00e1ficos de esta p\u00e1gina para promocionar las ventajas de las universidades comunitarias y la marca CCsmart.","robots":{"index":"index","follow":"follow","max-snippet":"max-snippet:-1","max-image-preview":"max-image-preview:large","max-video-preview":"max-video-preview:-1"},"canonical":"https:\/\/ccsmart.org\/es\/kit-de-herramientas-ccsmart\/","og_locale":"es_MX","og_type":"article","og_title":"CCsmart Toolkit","og_description":"Colleges, Partners and Individuals can use the graphics in this page to promote the benefits of community colleges and the CCsmart brand.","og_url":"https:\/\/ccsmart.org\/es\/kit-de-herramientas-ccsmart\/","og_site_name":"CCsmart powered by Phi Theta Kappa","article_publisher":"https:\/\/www.facebook.com\/ccissmart\/","article_modified_time":"2026-02-26T15:21:11+00:00","twitter_card":"summary_large_image","twitter_site":"@cc__smart","twitter_misc":{"Tiempo de lectura":"2 minutos"},"schema":{"@context":"https:\/\/schema.org","@graph":[{"@type":"WebPage","@id":"https:\/\/ccsmart.org\/ccsmart-toolkit\/","url":"https:\/\/ccsmart.org\/ccsmart-toolkit\/","name":"Kit de herramientas CCsmart","isPartOf":{"@id":"https:\/\/ccsmart.org\/#website"},"datePublished":"2022-07-07T13:54:27+00:00","dateModified":"2026-02-26T15:21:11+00:00","description":"Las universidades, los socios y los particulares pueden utilizar los gr\u00e1ficos de esta p\u00e1gina para promocionar las ventajas de las universidades comunitarias y la marca CCsmart.","inLanguage":"es","potentialAction":[{"@type":"ReadAction","target":["https:\/\/ccsmart.org\/ccsmart-toolkit\/"]}]},{"@type":"WebSite","@id":"https:\/\/ccsmart.org\/#website","url":"https:\/\/ccsmart.org\/","name":"CCsmart powered by Phi Theta Kappa","description":"","publisher":{"@id":"https:\/\/ccsmart.org\/#organization"},"potentialAction":[{"@type":"SearchAction","target":{"@type":"EntryPoint","urlTemplate":"https:\/\/ccsmart.org\/?s={search_term_string}"},"query-input":{"@type":"PropertyValueSpecification","valueRequired":true,"valueName":"search_term_string"}}],"inLanguage":"es"},{"@type":"Organization","@id":"https:\/\/ccsmart.org\/#organization","name":"CCsmart powered by Phi Theta Kappa","url":"https:\/\/ccsmart.org\/","logo":{"@type":"ImageObject","inLanguage":"es","@id":"https:\/\/ccsmart.org\/#\/schema\/logo\/image\/","url":"https:\/\/ccsmart.org\/wp-content\/uploads\/logo-cc-smart.png","contentUrl":"https:\/\/ccsmart.org\/wp-content\/uploads\/logo-cc-smart.png","width":1819,"height":673,"caption":"CCsmart powered by Phi Theta Kappa"},"image":{"@id":"https:\/\/ccsmart.org\/#\/schema\/logo\/image\/"},"sameAs":["https:\/\/www.facebook.com\/ccissmart\/","https:\/\/x.com\/cc__smart","https:\/\/www.instagram.com\/cc__smart\/"]}]}},"_links":{"self":[{"href":"https:\/\/ccsmart.org\/es\/wp-json\/wp\/v2\/pages\/259","targetHints":{"allow":["GET"]}}],"collection":[{"href":"https:\/\/ccsmart.org\/es\/wp-json\/wp\/v2\/pages"}],"about":[{"href":"https:\/\/ccsmart.org\/es\/wp-json\/wp\/v2\/types\/page"}],"author":[{"embeddable":true,"href":"https:\/\/ccsmart.org\/es\/wp-json\/wp\/v2\/users\/5"}],"replies":[{"embeddable":true,"href":"https:\/\/ccsmart.org\/es\/wp-json\/wp\/v2\/comments?post=259"}],"version-history":[{"count":0,"href":"https:\/\/ccsmart.org\/es\/wp-json\/wp\/v2\/pages\/259\/revisions"}],"wp:attachment":[{"href":"https:\/\/ccsmart.org\/es\/wp-json\/wp\/v2\/media?parent=259"}],"curies":[{"name":"wp","href":"https:\/\/api.w.org\/{rel}","templated":true}]}}