{"id":250,"date":"2022-07-07T14:33:05","date_gmt":"2022-07-07T19:33:05","guid":{"rendered":"https:\/\/ccsmart.org\/?page_id=250"},"modified":"2022-07-15T09:54:18","modified_gmt":"2022-07-15T14:54:18","slug":"el-valor-del-colegio-comunitario","status":"publish","type":"page","link":"https:\/\/ccsmart.org\/es\/el-valor-del-colegio-comunitario\/","title":{"rendered":"El valor de la universidad comunitaria"},"content":{"rendered":"<h1>\n\t\tEl valor de la universidad comunitaria\n\t<\/h1>\n\t<p>Las universidades comunitarias ofrecen la flexibilidad, la asequibilidad y la educaci\u00f3n de alta calidad necesarias para ayudarte a alcanzar tus objetivos, sean cuales sean.<\/p>\n\t\t\t\t<img decoding=\"async\" src=\"https:\/\/ccsmart.org\/wp-content\/uploads\/ccsmart-testimonials-16.png\" alt=\"ccsmart-testimonios (16)\" itemprop=\"image\" title=\"ccsmart-testimonios (16)\" onerror=\"this.style.display='none'\"  \/>\n\t\t\t\t<img decoding=\"async\" src=\"https:\/\/ccsmart.org\/wp-content\/uploads\/Target-Arrow.png\" alt=\"Objetivo-Flecha\" itemprop=\"image\" title=\"Objetivo-Flecha\" onerror=\"this.style.display='none'\"  \/>\n<h2>\n\t\tAlta calidad\n\t<\/h2>\n\t<p>La misi\u00f3n de todos los colegios comunitarios gira en torno al aprendizaje de los estudiantes. Es lo \u00fanico que hacen. Para los programas de cr\u00e9ditos, los colegios comunitarios est\u00e1n acreditados por los mismos acreditadores regionales que los colegios y universidades de cuatro a\u00f1os. Sus programas de habilidades t\u00e9cnicas, tecnolog\u00eda y atenci\u00f3n sanitaria tambi\u00e9n tienen normas de acreditaci\u00f3n especializadas adicionales que se alinean a\u00fan m\u00e1s con las normas de la industria de garant\u00eda de calidad. M\u00e1s informaci\u00f3n sobre c\u00f3mo los colegios comunitarios cambian vidas <a href=\"https:\/\/www.forbes.com\/sites\/civicnation\/2018\/08\/22\/five-students-that-show-why-community-colleges-make-the-grade\/?sh=c60861b1ed07\">aqu\u00ed<\/a>.<\/p>\n<h2>\n\t\tAsequible\n\t<\/h2>\n\t<p>Los estudiantes de los colegios comunitarios son consumidores expertos de ense\u00f1anza superior. Las clases en los colegios comunitarios cuestan 40% menos que en las universidades p\u00fablicas de cuatro a\u00f1os, suelen ser m\u00e1s reducidas y los entornos de aprendizaje est\u00e1n estructurados para maximizar las interacciones entre profesores y estudiantes.<\/p>\n\t\t\t\t<img decoding=\"async\" src=\"https:\/\/ccsmart.org\/wp-content\/uploads\/Target-Arrow.png\" alt=\"Objetivo-Flecha\" itemprop=\"image\" title=\"Objetivo-Flecha\" onerror=\"this.style.display='none'\"  \/>\n\t\t\t\t<img decoding=\"async\" src=\"https:\/\/ccsmart.org\/wp-content\/uploads\/Target-Arrow.png\" alt=\"Objetivo-Flecha\" itemprop=\"image\" title=\"Objetivo-Flecha\" onerror=\"this.style.display='none'\"  \/>\n<h2>\n\t\tAprendizaje flexible\n\t<\/h2>\n\t<p>Obtener los cursos y la formaci\u00f3n que necesita cuando los necesita es muy importante para los alumnos de hoy en d\u00eda. Presenciales, h\u00edbridos, de verano, de corta duraci\u00f3n, en l\u00ednea, con fechas de inicio y finalizaci\u00f3n flexibles... lo que sea. Tambi\u00e9n hay que saber que los community colleges fueron de los primeros en el panorama de la educaci\u00f3n superior en ense\u00f1ar en l\u00ednea.  Llevan mucho tiempo ense\u00f1ando en distintos entornos y pueden ofrecerte experiencias de aprendizaje s\u00f3lidas independientemente del formato que elijas.<\/p>","protected":false},"excerpt":{"rendered":"<p>El valor de los colegios comunitarios Los colegios comunitarios tienen la flexibilidad, la asequibilidad y la educaci\u00f3n de alta calidad para ayudarte a alcanzar tus objetivos, sean cuales sean. Alta calidad La misi\u00f3n de todos los colegios comunitarios se centra en el aprendizaje de los estudiantes. Es lo \u00fanico que hacen. Para los programas de cr\u00e9ditos, los colegios comunitarios est\u00e1n acreditados por los mismos acreditadores regionales que las universidades de cuatro a\u00f1os [...]<\/p>","protected":false},"author":14,"featured_media":0,"parent":0,"menu_order":0,"comment_status":"closed","ping_status":"closed","template":"","meta":{"inline_featured_image":false,"site-sidebar-layout":"default","site-content-layout":"","ast-site-content-layout":"","site-content-style":"default","site-sidebar-style":"default","ast-global-header-display":"","ast-banner-title-visibility":"","ast-main-header-display":"","ast-hfb-above-header-display":"","ast-hfb-below-header-display":"","ast-hfb-mobile-header-display":"","site-post-title":"disabled","ast-breadcrumbs-content":"","ast-featured-img":"","footer-sml-layout":"","theme-transparent-header-meta":"","adv-header-id-meta":"","stick-header-meta":"","header-above-stick-meta":"","header-main-stick-meta":"","header-below-stick-meta":"","astra-migrate-meta-layouts":"default","ast-page-background-enabled":"default","ast-page-background-meta":{"desktop":{"background-color":"","background-image":"","background-repeat":"repeat","background-position":"center center","background-size":"auto","background-attachment":"scroll","background-type":"","background-media":"","overlay-type":"","overlay-color":"","overlay-opacity":"","overlay-gradient":""},"tablet":{"background-color":"","background-image":"","background-repeat":"repeat","background-position":"center center","background-size":"auto","background-attachment":"scroll","background-type":"","background-media":"","overlay-type":"","overlay-color":"","overlay-opacity":"","overlay-gradient":""},"mobile":{"background-color":"","background-image":"","background-repeat":"repeat","background-position":"center center","background-size":"auto","background-attachment":"scroll","background-type":"","background-media":"","overlay-type":"","overlay-color":"","overlay-opacity":"","overlay-gradient":""}},"ast-content-background-meta":{"desktop":{"background-color":"var(--ast-global-color-5)","background-image":"","background-repeat":"repeat","background-position":"center center","background-size":"auto","background-attachment":"scroll","background-type":"","background-media":"","overlay-type":"","overlay-color":"","overlay-opacity":"","overlay-gradient":""},"tablet":{"background-color":"var(--ast-global-color-5)","background-image":"","background-repeat":"repeat","background-position":"center center","background-size":"auto","background-attachment":"scroll","background-type":"","background-media":"","overlay-type":"","overlay-color":"","overlay-opacity":"","overlay-gradient":""},"mobile":{"background-color":"var(--ast-global-color-5)","background-image":"","background-repeat":"repeat","background-position":"center center","background-size":"auto","background-attachment":"scroll","background-type":"","background-media":"","overlay-type":"","overlay-color":"","overlay-opacity":"","overlay-gradient":""}},"footnotes":""},"class_list":["post-250","page","type-page","status-publish","hentry"],"yoast_head":"<!-- This site is optimized with the Yoast SEO plugin v27.3 - https:\/\/yoast.com\/product\/yoast-seo-wordpress\/ -->\n<title>The Value of Community College &#187; CCsmart<\/title>\n<meta name=\"description\" content=\"The Value of Community College Community colleges have the flexibility, affordability, and high-quality education to help you reach your goals whatever\" \/>\n<meta name=\"robots\" content=\"index, follow, max-snippet:-1, max-image-preview:large, max-video-preview:-1\" \/>\n<link rel=\"canonical\" href=\"https:\/\/ccsmart.org\/es\/el-valor-del-colegio-comunitario\/\" \/>\n<meta property=\"og:locale\" content=\"es_MX\" \/>\n<meta property=\"og:type\" content=\"article\" \/>\n<meta property=\"og:title\" content=\"The Value of Community College &#187; CCsmart\" \/>\n<meta property=\"og:description\" content=\"The Value of Community College Community colleges have the flexibility, affordability, and high-quality education to help you reach your goals whatever\" \/>\n<meta property=\"og:url\" content=\"https:\/\/ccsmart.org\/es\/el-valor-del-colegio-comunitario\/\" \/>\n<meta property=\"og:site_name\" content=\"CCsmart powered by Phi Theta Kappa\" \/>\n<meta property=\"article:publisher\" content=\"https:\/\/www.facebook.com\/ccissmart\/\" \/>\n<meta property=\"article:modified_time\" content=\"2022-07-15T14:54:18+00:00\" \/>\n<meta property=\"og:image\" content=\"https:\/\/ccsmart.org\/wp-content\/uploads\/ccsmart-testimonials-16.png\" \/>\n<meta name=\"twitter:card\" content=\"summary_large_image\" \/>\n<meta name=\"twitter:site\" content=\"@cc__smart\" \/>\n<meta name=\"twitter:label1\" content=\"Tiempo de lectura\" \/>\n\t<meta name=\"twitter:data1\" content=\"2 minutos\" \/>\n<script type=\"application\/ld+json\" class=\"yoast-schema-graph\">{\"@context\":\"https:\\\/\\\/schema.org\",\"@graph\":[{\"@type\":\"WebPage\",\"@id\":\"https:\\\/\\\/ccsmart.org\\\/the-value-of-community-college\\\/\",\"url\":\"https:\\\/\\\/ccsmart.org\\\/the-value-of-community-college\\\/\",\"name\":\"The Value of Community College &#187; CCsmart\",\"isPartOf\":{\"@id\":\"https:\\\/\\\/ccsmart.org\\\/#website\"},\"primaryImageOfPage\":{\"@id\":\"https:\\\/\\\/ccsmart.org\\\/the-value-of-community-college\\\/#primaryimage\"},\"image\":{\"@id\":\"https:\\\/\\\/ccsmart.org\\\/the-value-of-community-college\\\/#primaryimage\"},\"thumbnailUrl\":\"https:\\\/\\\/ccsmart.org\\\/wp-content\\\/uploads\\\/ccsmart-testimonials-16.png\",\"datePublished\":\"2022-07-07T19:33:05+00:00\",\"dateModified\":\"2022-07-15T14:54:18+00:00\",\"description\":\"The Value of Community College Community colleges have the flexibility, affordability, and high-quality education to help you reach your goals whatever\",\"inLanguage\":\"es\",\"potentialAction\":[{\"@type\":\"ReadAction\",\"target\":[\"https:\\\/\\\/ccsmart.org\\\/the-value-of-community-college\\\/\"]}]},{\"@type\":\"ImageObject\",\"inLanguage\":\"es\",\"@id\":\"https:\\\/\\\/ccsmart.org\\\/the-value-of-community-college\\\/#primaryimage\",\"url\":\"https:\\\/\\\/ccsmart.org\\\/wp-content\\\/uploads\\\/ccsmart-testimonials-16.png\",\"contentUrl\":\"https:\\\/\\\/ccsmart.org\\\/wp-content\\\/uploads\\\/ccsmart-testimonials-16.png\"},{\"@type\":\"WebSite\",\"@id\":\"https:\\\/\\\/ccsmart.org\\\/#website\",\"url\":\"https:\\\/\\\/ccsmart.org\\\/\",\"name\":\"CCsmart powered by Phi Theta Kappa\",\"description\":\"\",\"publisher\":{\"@id\":\"https:\\\/\\\/ccsmart.org\\\/#organization\"},\"potentialAction\":[{\"@type\":\"SearchAction\",\"target\":{\"@type\":\"EntryPoint\",\"urlTemplate\":\"https:\\\/\\\/ccsmart.org\\\/?s={search_term_string}\"},\"query-input\":{\"@type\":\"PropertyValueSpecification\",\"valueRequired\":true,\"valueName\":\"search_term_string\"}}],\"inLanguage\":\"es\"},{\"@type\":\"Organization\",\"@id\":\"https:\\\/\\\/ccsmart.org\\\/#organization\",\"name\":\"CCsmart powered by Phi Theta Kappa\",\"url\":\"https:\\\/\\\/ccsmart.org\\\/\",\"logo\":{\"@type\":\"ImageObject\",\"inLanguage\":\"es\",\"@id\":\"https:\\\/\\\/ccsmart.org\\\/#\\\/schema\\\/logo\\\/image\\\/\",\"url\":\"https:\\\/\\\/ccsmart.org\\\/wp-content\\\/uploads\\\/logo-cc-smart.png\",\"contentUrl\":\"https:\\\/\\\/ccsmart.org\\\/wp-content\\\/uploads\\\/logo-cc-smart.png\",\"width\":1819,\"height\":673,\"caption\":\"CCsmart powered by Phi Theta Kappa\"},\"image\":{\"@id\":\"https:\\\/\\\/ccsmart.org\\\/#\\\/schema\\\/logo\\\/image\\\/\"},\"sameAs\":[\"https:\\\/\\\/www.facebook.com\\\/ccissmart\\\/\",\"https:\\\/\\\/x.com\\\/cc__smart\",\"https:\\\/\\\/www.instagram.com\\\/cc__smart\\\/\"]}]}<\/script>\n<!-- \/ Yoast SEO plugin. -->","yoast_head_json":{"title":"El valor de la universidad comunitaria \" CCsmart","description":"El valor de la universidad comunitaria Las universidades comunitarias cuentan con la flexibilidad, la asequibilidad y la educaci\u00f3n de alta calidad necesarias para ayudarte a alcanzar tus objetivos, sea cual sea.","robots":{"index":"index","follow":"follow","max-snippet":"max-snippet:-1","max-image-preview":"max-image-preview:large","max-video-preview":"max-video-preview:-1"},"canonical":"https:\/\/ccsmart.org\/es\/el-valor-del-colegio-comunitario\/","og_locale":"es_MX","og_type":"article","og_title":"The Value of Community College &#187; CCsmart","og_description":"The Value of Community College Community colleges have the flexibility, affordability, and high-quality education to help you reach your goals whatever","og_url":"https:\/\/ccsmart.org\/es\/el-valor-del-colegio-comunitario\/","og_site_name":"CCsmart powered by Phi Theta Kappa","article_publisher":"https:\/\/www.facebook.com\/ccissmart\/","article_modified_time":"2022-07-15T14:54:18+00:00","og_image":[{"url":"https:\/\/ccsmart.org\/wp-content\/uploads\/ccsmart-testimonials-16.png","type":"","width":"","height":""}],"twitter_card":"summary_large_image","twitter_site":"@cc__smart","twitter_misc":{"Tiempo de lectura":"2 minutos"},"schema":{"@context":"https:\/\/schema.org","@graph":[{"@type":"WebPage","@id":"https:\/\/ccsmart.org\/the-value-of-community-college\/","url":"https:\/\/ccsmart.org\/the-value-of-community-college\/","name":"El valor de la universidad comunitaria \" CCsmart","isPartOf":{"@id":"https:\/\/ccsmart.org\/#website"},"primaryImageOfPage":{"@id":"https:\/\/ccsmart.org\/the-value-of-community-college\/#primaryimage"},"image":{"@id":"https:\/\/ccsmart.org\/the-value-of-community-college\/#primaryimage"},"thumbnailUrl":"https:\/\/ccsmart.org\/wp-content\/uploads\/ccsmart-testimonials-16.png","datePublished":"2022-07-07T19:33:05+00:00","dateModified":"2022-07-15T14:54:18+00:00","description":"El valor de la universidad comunitaria Las universidades comunitarias cuentan con la flexibilidad, la asequibilidad y la educaci\u00f3n de alta calidad necesarias para ayudarte a alcanzar tus objetivos, sea cual sea.","inLanguage":"es","potentialAction":[{"@type":"ReadAction","target":["https:\/\/ccsmart.org\/the-value-of-community-college\/"]}]},{"@type":"ImageObject","inLanguage":"es","@id":"https:\/\/ccsmart.org\/the-value-of-community-college\/#primaryimage","url":"https:\/\/ccsmart.org\/wp-content\/uploads\/ccsmart-testimonials-16.png","contentUrl":"https:\/\/ccsmart.org\/wp-content\/uploads\/ccsmart-testimonials-16.png"},{"@type":"WebSite","@id":"https:\/\/ccsmart.org\/#website","url":"https:\/\/ccsmart.org\/","name":"CCsmart powered by Phi Theta Kappa","description":"","publisher":{"@id":"https:\/\/ccsmart.org\/#organization"},"potentialAction":[{"@type":"SearchAction","target":{"@type":"EntryPoint","urlTemplate":"https:\/\/ccsmart.org\/?s={search_term_string}"},"query-input":{"@type":"PropertyValueSpecification","valueRequired":true,"valueName":"search_term_string"}}],"inLanguage":"es"},{"@type":"Organization","@id":"https:\/\/ccsmart.org\/#organization","name":"CCsmart powered by Phi Theta Kappa","url":"https:\/\/ccsmart.org\/","logo":{"@type":"ImageObject","inLanguage":"es","@id":"https:\/\/ccsmart.org\/#\/schema\/logo\/image\/","url":"https:\/\/ccsmart.org\/wp-content\/uploads\/logo-cc-smart.png","contentUrl":"https:\/\/ccsmart.org\/wp-content\/uploads\/logo-cc-smart.png","width":1819,"height":673,"caption":"CCsmart powered by Phi Theta Kappa"},"image":{"@id":"https:\/\/ccsmart.org\/#\/schema\/logo\/image\/"},"sameAs":["https:\/\/www.facebook.com\/ccissmart\/","https:\/\/x.com\/cc__smart","https:\/\/www.instagram.com\/cc__smart\/"]}]}},"_links":{"self":[{"href":"https:\/\/ccsmart.org\/es\/wp-json\/wp\/v2\/pages\/250","targetHints":{"allow":["GET"]}}],"collection":[{"href":"https:\/\/ccsmart.org\/es\/wp-json\/wp\/v2\/pages"}],"about":[{"href":"https:\/\/ccsmart.org\/es\/wp-json\/wp\/v2\/types\/page"}],"author":[{"embeddable":true,"href":"https:\/\/ccsmart.org\/es\/wp-json\/wp\/v2\/users\/14"}],"replies":[{"embeddable":true,"href":"https:\/\/ccsmart.org\/es\/wp-json\/wp\/v2\/comments?post=250"}],"version-history":[{"count":0,"href":"https:\/\/ccsmart.org\/es\/wp-json\/wp\/v2\/pages\/250\/revisions"}],"wp:attachment":[{"href":"https:\/\/ccsmart.org\/es\/wp-json\/wp\/v2\/media?parent=250"}],"curies":[{"name":"wp","href":"https:\/\/api.w.org\/{rel}","templated":true}]}}