{"id":174,"date":"2022-06-07T16:39:14","date_gmt":"2022-06-07T21:39:14","guid":{"rendered":"https:\/\/ccsmart.org\/?page_id=174"},"modified":"2024-07-01T10:11:44","modified_gmt":"2024-07-01T15:11:44","slug":"ideas-de-cc","status":"publish","type":"page","link":"https:\/\/ccsmart.org\/es\/ideas-de-cc\/","title":{"rendered":"Perspectivas CC"},"content":{"rendered":"<h1>\n\t\tHistorias de estudiantes de colegios comunitarios\n\t<\/h1>\n\t<p>Estudiantes de todo el pa\u00eds compartieron con nosotros el impacto que tuvieron los colegios comunitarios en su trayectoria educativa.<\/p>\n\t\t\t\t<img decoding=\"async\" src=\"https:\/\/ccsmart.org\/wp-content\/uploads\/ccsmart-testimonials-1.png\" alt=\"ccsmart-testimonios (1)\" itemprop=\"image\" title=\"ccsmart-testimonios (1)\" onerror=\"this.style.display='none'\">\n\t\t\t\t<img decoding=\"async\" src=\"https:\/\/ccsmart.org\/wp-content\/uploads\/ccsmart-testimonials-21.png\" alt=\"ccsmart-testimonios (21)\" itemprop=\"image\" title=\"ccsmart-testimonios (21)\" onerror=\"this.style.display='none'\">\n<h2>\n\t\t\"Mi colegio comunitario fue el primero en abrir puertas que tan a menudo se cierran a los ciudadanos que regresan\".\n\t<\/h2>\n\t<p><strong>James Harvey Elliot, Delaware Technical Community College - Delaware<\/strong><\/p>\n<p>Tras mi encarcelamiento, no se esperaba que aspirara a la excelencia en ning\u00fan aspecto de mi vida: se esperaba que hiciera las paces con la mediocracia. Desafiante, tom\u00e9 la sabia decisi\u00f3n econ\u00f3mica de matricularme en mi colegio comunitario local porque ofrec\u00eda el entorno de aprendizaje diverso que necesitaba para prosperar y perseguir mis intereses intelectuales.<\/p>\n<p>Esa decisi\u00f3n me ayud\u00f3 a alcanzar la excelencia acad\u00e9mica -a pesar de la puerta giratoria de la prisi\u00f3n en Estados Unidos- y fui elegido para servir en el m\u00e1s alto nivel de liderazgo del pa\u00eds para estudiantes de colegios comunitarios. Gracias al colegio comunitario, encontr\u00e9 mi voz activista y mi prop\u00f3sito en el compromiso c\u00edvico y super\u00e9 la mediocracia hace a\u00f1os. Mi colegio comunitario fue el primero en abrir puertas que tan a menudo se cierran a los ciudadanos que regresan, y me proporcion\u00f3 las habilidades que necesitaba para convertirme en la persona que soy hoy.<\/p>\n<p>Ahora, como becaria Truman 2022 en la Universidad de Columbia y pasante en el Instituto Vera de Justicia de Washington D.C., me he situado en el centro del desmantelamiento del encarcelamiento masivo a trav\u00e9s de mi trabajo, facilitando una expansi\u00f3n significativa de la educaci\u00f3n postsecundaria de alta calidad en el sistema penitenciario estadounidense.<\/p>\n<h2>\n\t\t\"Asistir a un colegio comunitario hizo que mis experiencias de aprendizaje fueran m\u00e1s personales, lo que me ayud\u00f3 a enamorarme de lo que hago\".\n\t<\/h2>\n\t<p><strong>Kelsey Maneau, Nunez Community College - Luisiana&nbsp;<\/strong><\/p>\n<p>Acab\u00e9 en el Nunez Community College arriesg\u00e1ndome. Me matricul\u00e9 en su programa de tecnolog\u00eda de fabricaci\u00f3n aeroespacial y me present\u00e9 cada d\u00eda con mi mejor cara. Me ayudaron a sentar las bases de mi carrera y me ense\u00f1aron todo lo que necesitaba para conseguir unas pr\u00e1cticas en el Michoud Assembly Facility de la NASA.<\/p>\n<p>A los tres meses de hacer las pr\u00e1cticas, acept\u00e9 un puesto a tiempo completo como t\u00e9cnica aeroespacial en Boeing, en su divisi\u00f3n de Defensa, Espacio y Seguridad. Como primera mujer que trabaja en este equipo, puedo formar parte de la historia y ayudar a construir el cohete m\u00e1s potente jam\u00e1s construido: el Sistema de Lanzamiento Espacial.<\/p>\n<p>No tuve que ir a una gran universidad o a un colegio de cuatro a\u00f1os para tener \u00e9xito. Para m\u00ed, se trataba de aplicarme y aprovechar los recursos que ten\u00eda a mi disposici\u00f3n en N\u00fa\u00f1ez. Asistir a un colegio comunitario hizo que mis experiencias de aprendizaje fueran m\u00e1s personales, lo que me ayud\u00f3 a enamorarme de lo que hago. Asistir a un colegio comunitario es una oportunidad tan buena como ir a la universidad. No seas esc\u00e9ptico, arri\u00e9sgate.<\/p>\n\t\t\t\t<img loading=\"lazy\" decoding=\"async\" src=\"https:\/\/ccsmart.org\/wp-content\/uploads\/cc1012-1.png\" alt=\"cc101(2) (1)\" itemprop=\"image\" height=\"1080\" width=\"1080\" title=\"cc101(2) (1)\" onerror=\"this.style.display='none'\">\n\t\t\t\t<img loading=\"lazy\" decoding=\"async\" src=\"https:\/\/ccsmart.org\/wp-content\/uploads\/ccsmart-testimonials-12-1024x1024.png\" alt=\"ccsmart-testimonios (12)\" itemprop=\"image\" height=\"1024\" width=\"1024\" title=\"ccsmart-testimonios (12)\" onerror=\"this.style.display='none'\">\n<h2>\n\t\t\"La universidad comunitaria me ayud\u00f3 a reescribir mi trayectoria, crear nuevas oportunidades acad\u00e9micas y aprovechar mi \u00e9xito acad\u00e9mico para financiar estudios superiores\".\n\t<\/h2>\n\t<p><strong>Rob Keel, Motlow State Community College - Tennessee<\/strong><\/p>\n<p>Volv\u00ed a la escuela en 2013 despu\u00e9s de haber fracasado previamente fuera de la universidad durante las secuelas de un desastre natural en Florida. Durante los estudios, pude encontrar un trabajo a tiempo parcial por $10\/hora. Tambi\u00e9n ten\u00eda que pagar de mi bolsillo todas las clases, el seguro m\u00e9dico y no pod\u00eda permitirme una vivienda.<\/p>\n<p>Mi trabajo acad\u00e9mico en el colegio comunitario me brind\u00f3 la oportunidad de obtener una beca de matr\u00edcula de honor que me ayud\u00f3 a financiar mis clases. Mi empleo en el colegio comunitario me ofreci\u00f3 un programa de asistencia para la matr\u00edcula (1 clase por semestre) que me ayud\u00f3 a costear los estudios sin dejar de poder pagar cosas como los medicamentos. En 2015, me gradu\u00e9 de Motlow State Community College con dos t\u00edtulos y obtuve la beca Hites de Phi Theta Kappa ($5,000), que me ayud\u00f3 a costear mi programa de licenciatura y ahorrar dinero para mi programa de maestr\u00eda.<\/p>\n<p>El colegio comunitario me ayud\u00f3 a reescribir mi trayectoria, a crear nuevas oportunidades acad\u00e9micas, a aprovechar mi \u00e9xito acad\u00e9mico para financiar estudios superiores, y ahora trabajo como administradora a tiempo completo en un colegio comunitario.<\/p>\n<p>He pasado de trabajar una media de 27 horas semanales en un puesto temporal sin prestaciones a ocupar un puesto administrativo a tiempo completo con todas las prestaciones (incluida la ayuda para la matr\u00edcula) y ganar $53.571 como salario base anual, todo ello a menos de un a\u00f1o de adquirir los derechos de jubilaci\u00f3n. Adem\u00e1s, complemento estos ingresos con la docencia adjunta y subvenciones para desarrollar planes de estudios.<\/p>\n<p>A mis 40 a\u00f1os, por primera vez en mi vida, puedo permitirme una vivienda propia al tiempo que mantengo mis gastos m\u00e9dicos relacionados con mis discapacidades. Adem\u00e1s, estoy en las etapas finales de la obtenci\u00f3n de mi doctorado en Administraci\u00f3n de Educaci\u00f3n Superior con un 4,0 y mientras sirvo a mi ciudad como Comisionado de la Autoridad de Vivienda, que est\u00e1 muy lejos de mi historia de falta de vivienda antes de volver al trabajo y la escuela.<\/p>\n<h2>\n\t\t\"El sentido de comunidad que obtuve de mis compa\u00f1eros en los grupos de estudio y el reducido tama\u00f1o de las clases me hicieron sentir que todo el mundo estaba ah\u00ed para ayudarme y que trabaj\u00e1bamos juntos para alcanzar nuestros objetivos.\"\n\t<\/h2>\n\t<p><strong>Kelly Givens, John Tyler Community College - Virginia<\/strong><\/p>\n<p>Mi decisi\u00f3n de estudiar en un colegio comunitario no fue f\u00e1cil. Hac\u00eda m\u00e1s de 20 a\u00f1os que no iba a la escuela desde que dej\u00e9 el instituto. Despu\u00e9s de criar a dos hijos y cuidar de ellos en mi casa durante los \u00faltimos 19 a\u00f1os, decid\u00ed que era hora de hacer algo por m\u00ed misma y encontrar una carrera que pudiera disfrutar y a la que pudiera dedicar mi tiempo.<\/p>\n<p>Hab\u00eda sido asistente dental antes de tener hijos y hacer radiograf\u00edas era una parte del trabajo que me gustaba. Decid\u00ed obtener mi t\u00edtulo asociado en Ciencias de la Salud y solicitar plaza en programas locales de radiolog\u00eda para trabajar como tecn\u00f3loga radiol\u00f3gica. Mi trabajo como madre y mi jornada completa en la guarder\u00eda de mi casa no me permit\u00edan el lujo de disponer de tiempo ni de muchos ingresos extra. Sab\u00eda que mi mejor opci\u00f3n era matricularme en el John Tyler Community College. Obtuve la ayuda financiera que necesitaba y comenc\u00e9 las clases en enero de 2020.<\/p>\n<p>Empec\u00e9 en persona, y no pas\u00f3 mucho tiempo antes de que tuvi\u00e9ramos que cambiar a clases a distancia debido a la pandemia. Mi universidad y mis profesores gestionaron la transici\u00f3n sin problemas y super\u00e9 el primer semestre con todos sobresalientes y una nueva confianza en que pod\u00eda hacerlo. Despu\u00e9s me matricul\u00e9 en cada semestre virtual con la orientaci\u00f3n de mi asesor y el apoyo de todo el personal de mi universidad. Nunca me sent\u00ed sola en esta nueva aventura. La sensaci\u00f3n de comunidad que me transmitieron mis compa\u00f1eros de clase en los grupos de estudio y las clases reducidas me hicieron sentir que todo el mundo estaba ah\u00ed para ayudarme y que trabaj\u00e1bamos juntos para alcanzar nuestros objetivos.<\/p>\n<p>A cualquiera que me pida consejo sobre estudios le dir\u00eda que empiece por el colegio comunitario de su localidad. Es un recurso comunitario muy valioso. Si necesitas un certificado t\u00e9cnico o unas pocas clases, o quieres empezar una carrera universitaria m\u00e1s larga, creo que es el lugar donde empezar. Hicieron que el proceso fuera menos abrumador, y te sent\u00edas parte de una comunidad local. Estoy un poco triste de dejar John Tyler y la gente que he conocido, pero se que me han preparado bien para cualquier cosa que pueda enfrentar en el futuro.<\/p>\n\t\t\t\t<img decoding=\"async\" src=\"https:\/\/ccsmart.org\/wp-content\/uploads\/ccsmart-testimonials-22-1024x1024.png\" alt=\"ccsmart-testimonios (22)\" itemprop=\"image\" title=\"ccsmart-testimonios (22)\" onerror=\"this.style.display='none'\">","protected":false},"excerpt":{"rendered":"<p>Historias de estudiantes de colegios comunitarios Estudiantes de todo el pa\u00eds compartieron con nosotros el impacto que tuvieron los colegios comunitarios en su trayectoria educativa. \"Mi colegio comunitario fue el primero en abrir las puertas que tan a menudo se cierran a los ciudadanos que regresan\". James Harvey Elliot, Delaware Technical Community College - Delaware Tras mi encarcelamiento, no se esperaba que [...]<\/p>","protected":false},"author":14,"featured_media":0,"parent":0,"menu_order":0,"comment_status":"closed","ping_status":"closed","template":"","meta":{"inline_featured_image":false,"site-sidebar-layout":"default","site-content-layout":"","ast-site-content-layout":"default","site-content-style":"default","site-sidebar-style":"default","ast-global-header-display":"","ast-banner-title-visibility":"","ast-main-header-display":"","ast-hfb-above-header-display":"","ast-hfb-below-header-display":"","ast-hfb-mobile-header-display":"","site-post-title":"disabled","ast-breadcrumbs-content":"","ast-featured-img":"","footer-sml-layout":"","theme-transparent-header-meta":"","adv-header-id-meta":"","stick-header-meta":"","header-above-stick-meta":"","header-main-stick-meta":"","header-below-stick-meta":"","astra-migrate-meta-layouts":"set","ast-page-background-enabled":"default","ast-page-background-meta":{"desktop":{"background-color":"","background-image":"","background-repeat":"repeat","background-position":"center center","background-size":"auto","background-attachment":"scroll","background-type":"","background-media":"","overlay-type":"","overlay-color":"","overlay-opacity":"","overlay-gradient":""},"tablet":{"background-color":"","background-image":"","background-repeat":"repeat","background-position":"center center","background-size":"auto","background-attachment":"scroll","background-type":"","background-media":"","overlay-type":"","overlay-color":"","overlay-opacity":"","overlay-gradient":""},"mobile":{"background-color":"","background-image":"","background-repeat":"repeat","background-position":"center center","background-size":"auto","background-attachment":"scroll","background-type":"","background-media":"","overlay-type":"","overlay-color":"","overlay-opacity":"","overlay-gradient":""}},"ast-content-background-meta":{"desktop":{"background-color":"var(--ast-global-color-5)","background-image":"","background-repeat":"repeat","background-position":"center center","background-size":"auto","background-attachment":"scroll","background-type":"","background-media":"","overlay-type":"","overlay-color":"","overlay-opacity":"","overlay-gradient":""},"tablet":{"background-color":"var(--ast-global-color-5)","background-image":"","background-repeat":"repeat","background-position":"center center","background-size":"auto","background-attachment":"scroll","background-type":"","background-media":"","overlay-type":"","overlay-color":"","overlay-opacity":"","overlay-gradient":""},"mobile":{"background-color":"var(--ast-global-color-5)","background-image":"","background-repeat":"repeat","background-position":"center center","background-size":"auto","background-attachment":"scroll","background-type":"","background-media":"","overlay-type":"","overlay-color":"","overlay-opacity":"","overlay-gradient":""}},"footnotes":""},"class_list":["post-174","page","type-page","status-publish","hentry"],"yoast_head":"<!-- This site is optimized with the Yoast SEO plugin v27.3 - https:\/\/yoast.com\/product\/yoast-seo-wordpress\/ -->\n<title>Community College Insights &#187; College Life &#187; CCSmart<\/title>\n<meta name=\"description\" content=\"Stories from students across the country sharing the impact community college had on their educational journey.\" \/>\n<meta name=\"robots\" content=\"index, follow, max-snippet:-1, max-image-preview:large, max-video-preview:-1\" \/>\n<link rel=\"canonical\" href=\"https:\/\/ccsmart.org\/es\/ideas-de-cc\/\" \/>\n<meta property=\"og:locale\" content=\"es_MX\" \/>\n<meta property=\"og:type\" content=\"article\" \/>\n<meta property=\"og:title\" content=\"Community College Insights &#187; College Life &#187; CCSmart\" \/>\n<meta property=\"og:description\" content=\"Stories from students across the country sharing the impact community college had on their educational journey.\" \/>\n<meta property=\"og:url\" content=\"https:\/\/ccsmart.org\/es\/ideas-de-cc\/\" \/>\n<meta property=\"og:site_name\" content=\"CCsmart powered by Phi Theta Kappa\" \/>\n<meta property=\"article:publisher\" content=\"https:\/\/www.facebook.com\/ccissmart\/\" \/>\n<meta property=\"article:modified_time\" content=\"2024-07-01T15:11:44+00:00\" \/>\n<meta property=\"og:image\" content=\"https:\/\/ccsmart.org\/wp-content\/uploads\/ccsmart-testimonials-1.png\" \/>\n<meta name=\"twitter:card\" content=\"summary_large_image\" \/>\n<meta name=\"twitter:site\" content=\"@cc__smart\" \/>\n<meta name=\"twitter:label1\" content=\"Tiempo de lectura\" \/>\n\t<meta name=\"twitter:data1\" content=\"7 minutos\" \/>\n<script type=\"application\/ld+json\" class=\"yoast-schema-graph\">{\"@context\":\"https:\\\/\\\/schema.org\",\"@graph\":[{\"@type\":\"WebPage\",\"@id\":\"https:\\\/\\\/ccsmart.org\\\/cc-insights\\\/\",\"url\":\"https:\\\/\\\/ccsmart.org\\\/cc-insights\\\/\",\"name\":\"Community College Insights &#187; College Life &#187; CCSmart\",\"isPartOf\":{\"@id\":\"https:\\\/\\\/ccsmart.org\\\/#website\"},\"primaryImageOfPage\":{\"@id\":\"https:\\\/\\\/ccsmart.org\\\/cc-insights\\\/#primaryimage\"},\"image\":{\"@id\":\"https:\\\/\\\/ccsmart.org\\\/cc-insights\\\/#primaryimage\"},\"thumbnailUrl\":\"https:\\\/\\\/ccsmart.org\\\/wp-content\\\/uploads\\\/ccsmart-testimonials-1.png\",\"datePublished\":\"2022-06-07T21:39:14+00:00\",\"dateModified\":\"2024-07-01T15:11:44+00:00\",\"description\":\"Stories from students across the country sharing the impact community college had on their educational journey.\",\"inLanguage\":\"es\",\"potentialAction\":[{\"@type\":\"ReadAction\",\"target\":[\"https:\\\/\\\/ccsmart.org\\\/cc-insights\\\/\"]}]},{\"@type\":\"ImageObject\",\"inLanguage\":\"es\",\"@id\":\"https:\\\/\\\/ccsmart.org\\\/cc-insights\\\/#primaryimage\",\"url\":\"https:\\\/\\\/ccsmart.org\\\/wp-content\\\/uploads\\\/ccsmart-testimonials-1.png\",\"contentUrl\":\"https:\\\/\\\/ccsmart.org\\\/wp-content\\\/uploads\\\/ccsmart-testimonials-1.png\"},{\"@type\":\"WebSite\",\"@id\":\"https:\\\/\\\/ccsmart.org\\\/#website\",\"url\":\"https:\\\/\\\/ccsmart.org\\\/\",\"name\":\"CCsmart powered by Phi Theta Kappa\",\"description\":\"\",\"publisher\":{\"@id\":\"https:\\\/\\\/ccsmart.org\\\/#organization\"},\"potentialAction\":[{\"@type\":\"SearchAction\",\"target\":{\"@type\":\"EntryPoint\",\"urlTemplate\":\"https:\\\/\\\/ccsmart.org\\\/?s={search_term_string}\"},\"query-input\":{\"@type\":\"PropertyValueSpecification\",\"valueRequired\":true,\"valueName\":\"search_term_string\"}}],\"inLanguage\":\"es\"},{\"@type\":\"Organization\",\"@id\":\"https:\\\/\\\/ccsmart.org\\\/#organization\",\"name\":\"CCsmart powered by Phi Theta Kappa\",\"url\":\"https:\\\/\\\/ccsmart.org\\\/\",\"logo\":{\"@type\":\"ImageObject\",\"inLanguage\":\"es\",\"@id\":\"https:\\\/\\\/ccsmart.org\\\/#\\\/schema\\\/logo\\\/image\\\/\",\"url\":\"https:\\\/\\\/ccsmart.org\\\/wp-content\\\/uploads\\\/logo-cc-smart.png\",\"contentUrl\":\"https:\\\/\\\/ccsmart.org\\\/wp-content\\\/uploads\\\/logo-cc-smart.png\",\"width\":1819,\"height\":673,\"caption\":\"CCsmart powered by Phi Theta Kappa\"},\"image\":{\"@id\":\"https:\\\/\\\/ccsmart.org\\\/#\\\/schema\\\/logo\\\/image\\\/\"},\"sameAs\":[\"https:\\\/\\\/www.facebook.com\\\/ccissmart\\\/\",\"https:\\\/\\\/x.com\\\/cc__smart\",\"https:\\\/\\\/www.instagram.com\\\/cc__smart\\\/\"]}]}<\/script>\n<!-- \/ Yoast SEO plugin. -->","yoast_head_json":{"title":"Community College Insights \" Vida universitaria \" CCSmart","description":"Historias de estudiantes de todo el pa\u00eds que comparten el impacto que tuvo el colegio comunitario en su trayectoria educativa.","robots":{"index":"index","follow":"follow","max-snippet":"max-snippet:-1","max-image-preview":"max-image-preview:large","max-video-preview":"max-video-preview:-1"},"canonical":"https:\/\/ccsmart.org\/es\/ideas-de-cc\/","og_locale":"es_MX","og_type":"article","og_title":"Community College Insights &#187; College Life &#187; CCSmart","og_description":"Stories from students across the country sharing the impact community college had on their educational journey.","og_url":"https:\/\/ccsmart.org\/es\/ideas-de-cc\/","og_site_name":"CCsmart powered by Phi Theta Kappa","article_publisher":"https:\/\/www.facebook.com\/ccissmart\/","article_modified_time":"2024-07-01T15:11:44+00:00","og_image":[{"url":"https:\/\/ccsmart.org\/wp-content\/uploads\/ccsmart-testimonials-1.png","type":"","width":"","height":""}],"twitter_card":"summary_large_image","twitter_site":"@cc__smart","twitter_misc":{"Tiempo de lectura":"7 minutos"},"schema":{"@context":"https:\/\/schema.org","@graph":[{"@type":"WebPage","@id":"https:\/\/ccsmart.org\/cc-insights\/","url":"https:\/\/ccsmart.org\/cc-insights\/","name":"Community College Insights \" Vida universitaria \" CCSmart","isPartOf":{"@id":"https:\/\/ccsmart.org\/#website"},"primaryImageOfPage":{"@id":"https:\/\/ccsmart.org\/cc-insights\/#primaryimage"},"image":{"@id":"https:\/\/ccsmart.org\/cc-insights\/#primaryimage"},"thumbnailUrl":"https:\/\/ccsmart.org\/wp-content\/uploads\/ccsmart-testimonials-1.png","datePublished":"2022-06-07T21:39:14+00:00","dateModified":"2024-07-01T15:11:44+00:00","description":"Historias de estudiantes de todo el pa\u00eds que comparten el impacto que tuvo el colegio comunitario en su trayectoria educativa.","inLanguage":"es","potentialAction":[{"@type":"ReadAction","target":["https:\/\/ccsmart.org\/cc-insights\/"]}]},{"@type":"ImageObject","inLanguage":"es","@id":"https:\/\/ccsmart.org\/cc-insights\/#primaryimage","url":"https:\/\/ccsmart.org\/wp-content\/uploads\/ccsmart-testimonials-1.png","contentUrl":"https:\/\/ccsmart.org\/wp-content\/uploads\/ccsmart-testimonials-1.png"},{"@type":"WebSite","@id":"https:\/\/ccsmart.org\/#website","url":"https:\/\/ccsmart.org\/","name":"CCsmart powered by Phi Theta Kappa","description":"","publisher":{"@id":"https:\/\/ccsmart.org\/#organization"},"potentialAction":[{"@type":"SearchAction","target":{"@type":"EntryPoint","urlTemplate":"https:\/\/ccsmart.org\/?s={search_term_string}"},"query-input":{"@type":"PropertyValueSpecification","valueRequired":true,"valueName":"search_term_string"}}],"inLanguage":"es"},{"@type":"Organization","@id":"https:\/\/ccsmart.org\/#organization","name":"CCsmart powered by Phi Theta Kappa","url":"https:\/\/ccsmart.org\/","logo":{"@type":"ImageObject","inLanguage":"es","@id":"https:\/\/ccsmart.org\/#\/schema\/logo\/image\/","url":"https:\/\/ccsmart.org\/wp-content\/uploads\/logo-cc-smart.png","contentUrl":"https:\/\/ccsmart.org\/wp-content\/uploads\/logo-cc-smart.png","width":1819,"height":673,"caption":"CCsmart powered by Phi Theta Kappa"},"image":{"@id":"https:\/\/ccsmart.org\/#\/schema\/logo\/image\/"},"sameAs":["https:\/\/www.facebook.com\/ccissmart\/","https:\/\/x.com\/cc__smart","https:\/\/www.instagram.com\/cc__smart\/"]}]}},"_links":{"self":[{"href":"https:\/\/ccsmart.org\/es\/wp-json\/wp\/v2\/pages\/174","targetHints":{"allow":["GET"]}}],"collection":[{"href":"https:\/\/ccsmart.org\/es\/wp-json\/wp\/v2\/pages"}],"about":[{"href":"https:\/\/ccsmart.org\/es\/wp-json\/wp\/v2\/types\/page"}],"author":[{"embeddable":true,"href":"https:\/\/ccsmart.org\/es\/wp-json\/wp\/v2\/users\/14"}],"replies":[{"embeddable":true,"href":"https:\/\/ccsmart.org\/es\/wp-json\/wp\/v2\/comments?post=174"}],"version-history":[{"count":0,"href":"https:\/\/ccsmart.org\/es\/wp-json\/wp\/v2\/pages\/174\/revisions"}],"wp:attachment":[{"href":"https:\/\/ccsmart.org\/es\/wp-json\/wp\/v2\/media?parent=174"}],"curies":[{"name":"wp","href":"https:\/\/api.w.org\/{rel}","templated":true}]}}