{"id":148,"date":"2022-06-06T12:11:45","date_gmt":"2022-06-06T17:11:45","guid":{"rendered":"https:\/\/ccsmart.org\/?page_id=148"},"modified":"2023-09-22T08:50:33","modified_gmt":"2023-09-22T13:50:33","slug":"transferir-recursos","status":"publish","type":"page","link":"https:\/\/ccsmart.org\/es\/transferir-recursos\/","title":{"rendered":"Recursos de transferencia"},"content":{"rendered":"<h1>\n\t\tTransferencia\n\t<\/h1>\n\t<p>\u00bfVas a matricularte en un colegio comunitario para trasladarte a una universidad de cuatro a\u00f1os? Aqu\u00ed encontrar\u00e1s recursos sobre c\u00f3mo transferirte con \u00e9xito, qu\u00e9 esperar y c\u00f3mo aprovechar al m\u00e1ximo tu experiencia en un colegio comunitario.<\/p>\n\t\t\t\t<img loading=\"lazy\" decoding=\"async\" src=\"https:\/\/ccsmart.org\/wp-content\/uploads\/ccsmart-testimonials-20.png\" alt=\"ccsmart-testimonios (20)\" itemprop=\"image\" height=\"1080\" width=\"1080\" title=\"ccsmart-testimonios (20)\" onerror=\"this.style.display='none'\"  \/>\n\t\t\t\t<img loading=\"lazy\" decoding=\"async\" src=\"https:\/\/ccsmart.org\/wp-content\/uploads\/transferbanner01.svg\" alt=\"US Map Community College amarillo\" itemprop=\"image\" height=\"1280\" width=\"1920\" title=\"transferbanner01\" onerror=\"this.style.display='none'\"  \/>\n\tUna idea err\u00f3nea muy extendida sobre los colegios comunitarios es que perjudican tus posibilidades de acceder a una universidad competitiva de cuatro a\u00f1os.<br \/>\n<strong>#FactCheck:<\/strong> Ir a un colegio comunitario puede ayudarte a construir una s\u00f3lida cartera de transferencia por una fracci\u00f3n del coste. Esto es lo que tienes que saber:\n\t<ul>\n\t\t<li>\t\t\n\t\t\t\t<img decoding=\"async\" src=\"https:\/\/ccsmart.org\/wp-content\/uploads\/Untitled-design-23.png\" alt=\"Dise\u00f1o sin t\u00edtulo (23)\" title=\"Dise\u00f1o sin t\u00edtulo (23)\" itemprop=\"image\"\/>\n\t\t<h4>Los dos primeros a\u00f1os en 40% El coste<\/h4><p>Todos sabemos que la universidad comunitaria es menos cara que las universidades de cuatro a\u00f1os, pero el ahorro es considerable. Puedes obtener los dos primeros a\u00f1os de casi cualquier licenciatura en un colegio comunitario y, de media, la matr\u00edcula de un colegio comunitario es 40% de la matr\u00edcula de un colegio p\u00fablico de cuatro a\u00f1os. Conc\u00e9dete una beca yendo a un community college.<\/p><\/li><li>\t\t\n\t\t\t\t<img decoding=\"async\" src=\"https:\/\/ccsmart.org\/wp-content\/uploads\/Untitled-design-20.png\" alt=\"Dise\u00f1o sin t\u00edtulo (20)\" title=\"Dise\u00f1o sin t\u00edtulo (20)\" itemprop=\"image\"\/>\n\t\t<h4>Estar\u00e1 superpreparado <\/h4><p>Los estudios demuestran que los estudiantes que se trasladan a un colegio comunitario obtienen resultados tan buenos o mejores que los estudiantes nativos de colegios y universidades de cuatro a\u00f1os. As\u00ed es: tus probabilidades de \u00e9xito en la obtenci\u00f3n de un t\u00edtulo universitario de cuatro a\u00f1os no var\u00edan si vas a un colegio comunitario, y la mayor\u00eda de las veces son incluso mejores.<\/p><\/li><li>\t\t\n\t\t\t\t<img decoding=\"async\" src=\"https:\/\/ccsmart.org\/wp-content\/uploads\/Untitled-design-24.png\" alt=\"Dise\u00f1o sin t\u00edtulo (24)\" title=\"Dise\u00f1o sin t\u00edtulo (24)\" itemprop=\"image\"\/>\n\t\t<h4>Los mismos est\u00e1ndares de calidad <\/h4><p>\u00bfPiensa que los colegios comunitarios tienen est\u00e1ndares de calidad m\u00e1s bajos? Pi\u00e9nselo otra vez. Los community colleges est\u00e1n acreditados exactamente por las mismas agencias regionales de acreditaci\u00f3n que las universidades de cuatro a\u00f1os. As\u00ed es como y por qu\u00e9 tus cr\u00e9ditos se transfieren a las universidades de cuatro a\u00f1os: la misma calidad.<\/p><\/li><li>\t\t\n\t\t\t\t<img decoding=\"async\" src=\"https:\/\/ccsmart.org\/wp-content\/uploads\/Untitled-design-25.png\" alt=\"Dise\u00f1o sin t\u00edtulo (25)\" title=\"Dise\u00f1o sin t\u00edtulo (25)\" itemprop=\"image\"\/>\n\t\t<h4>Becas de transferencia <\/h4><p>La mayor\u00eda de las universidades de cuatro a\u00f1os ofrecen becas basadas en el m\u00e9rito a los estudiantes de alto rendimiento de los colegios comunitarios, y no hace falta estar reci\u00e9n salido del instituto para conseguir una: basta con tener buenas notas. Estudiantes de todas las edades y procedencias han utilizado el colegio comunitario para construirse o reconstruirse a s\u00ed mismos. \u00bfQuieres m\u00e1s? Hacer un esfuerzo extra para ser un l\u00edder estudiantil y realizar actividades de servicio hace mucho bien en tu comunidad Y puede ayudarte a conseguir a\u00fan m\u00e1s becas, poni\u00e9ndote en el camino hacia una licenciatura sin deudas.<\/p><\/li>\t<\/ul>\n\t<h3>Acuerdos de transferencia<\/h3>\n<p>Asistir a un colegio comunitario puede ser una buena manera de ahorrar dinero antes de trasladarse a una escuela de cuatro a\u00f1os. En el pasado, <strong>acuerdos de articulaci\u00f3n<\/strong>Los acuerdos formales entre centros de dos y cuatro a\u00f1os, que garantizan la transferencia de cr\u00e9ditos, eran poco frecuentes, pero eso ha cambiado.<\/p>\n<p>Ahora, <strong>cada estado<\/strong> tiene alg\u00fan tipo de acuerdo de articulaci\u00f3n o programa de transferencia, por lo que asistir a un colegio comunitario es la mejor opci\u00f3n para obtener los dos primeros a\u00f1os de la licenciatura por una fracci\u00f3n del precio.<\/p>\n<h3>Becas de transferencia<\/h3>\n<p>La transferencia de cr\u00e9ditos no es lo \u00fanico que hay que tener en cuenta a la hora de trasladarse a una universidad de cuatro a\u00f1os. La mayor\u00eda de las universidades de cuatro a\u00f1os ofrecen <strong>becas al m\u00e9rito<\/strong> a estudiantes de alto rendimiento de colegios comunitarios, y no hace falta que acabes de terminar el bachillerato para conseguirlo.<strong>s\u00f3lo necesitas buenas notas<\/strong>.<\/p>\n<p>Participar en actividades extracurriculares puede ayudarte a conseguir a\u00fan m\u00e1s becas haciendo que tus solicitudes sean m\u00e1s competitivas, lo que te pondr\u00e1 en el camino hacia una licenciatura m\u00e1s asequible. Organizaciones como <strong>Sociedad de Honor Phi Theta Kappa (PTK)<\/strong>\u00a0tienen acuerdos con instituciones de cuatro a\u00f1os para ofrecer becas a sus afiliados.<\/p>\n<p>CCsmart est\u00e1 impulsado por Phi Theta Kappa. \u00bfQuieres saber m\u00e1s sobre PTK? Haz clic en <a href=\"https:\/\/ccsmart.org\/phi-theta-kappa\/\">aqu\u00ed<\/a>.<\/p>\n\t<iframe loading=\"lazy\" src=\"https:\/\/www.google.com\/maps\/d\/embed?mid=1fatZ5qi1nbPvIxEUDbgXDmKy5wTA5EY&#038;ehbc=2E312F\" width=\"640\" height=\"480\"><\/iframe>\n<h2>\n\t\tTasas de graduaci\u00f3n en centros p\u00fablicos de cuatro a\u00f1os\n\t<\/h2>\n\t<ul>\n\t\t\t\t<li>\n                        <h2>Estudiantes de primer a\u00f1o<\/h2>\n                            0%\n\t\t<\/li>\n\t\t\t\t\t\t\t<li>\n                        <h2>Transferencias de colegios comunitarios<\/h2>\n                            0%\n\t\t<\/li>\n\t\t\t\t\t\t\t<\/ul>\n<h4>\n\t\tContenido relacionado:\n\t<\/h4>\n\t\t\t\t\t\t\t\t\t\t\t\t\t\t<a href=\"https:\/\/ccsmart.org\/scc-helps-nontraditional-student-graduate-and-transfer\/\" target=\"_self\" title=\"La SCC ayuda a estudiantes no tradicionales a graduarse y trasladarse\" rel=\"noopener\">\n\t\t\t\t<img decoding=\"async\" src=\"https:\/\/ccsmart.org\/wp-content\/uploads\/Copy-of-jackie-blog-3-1024x575.png\" alt=\"Lakyn Collins, estudiante transferido de CCsmart\" \/>\n\t\t\t\t<\/a>\n\t\t\t\t\t\t<h3>\n\t\t\t\t<a href=\"https:\/\/ccsmart.org\/scc-helps-nontraditional-student-graduate-and-transfer\/\" title=\"La SCC ayuda a estudiantes no tradicionales a graduarse y trasladarse\" tabindex=\"0\">La SCC ayuda a estudiantes no tradicionales a graduarse y trasladarse<\/a>\t\t\t<\/h3>\n\t\t\t\t\t\t\t\tLos estudiantes transferidos de los colegios comunitarios representan el 49% de todos los t\u00edtulos de licenciatura en EE.UU.. Tambi\u00e9n son una de las \u00fanicas v\u00edas educativas accesibles para que un estudiante no tradicional obtenga un t\u00edtulo o se traslade a una universidad de cuatro a\u00f1os. \n\t\t\t<a href=\"https:\/\/ccsmart.org\/scc-helps-nontraditional-student-graduate-and-transfer\/\" target=\"_self\" role=\"button\" aria-label=\"Seguir leyendo\" rel=\"noopener\">\n\t\t\t\t\t\t\tSeguir leyendo\n\t\t<\/a>\n\t\t\t\t\t\t\t\t\t\t\t\t\t\t<a href=\"https:\/\/ccsmart.org\/leverage-your-community-college-education-to-meet-your-transfer-go\/\" target=\"_self\" title=\"Alcanza tus objetivos de transferencia en el Community College\" rel=\"noopener\">\n\t\t\t\t<img decoding=\"async\" src=\"https:\/\/ccsmart.org\/wp-content\/uploads\/RDV13IJA-1024x683.webp\" alt=\"\" \/>\n\t\t\t\t<\/a>\n\t\t\t\t\t\t<h3>\n\t\t\t\t<a href=\"https:\/\/ccsmart.org\/leverage-your-community-college-education-to-meet-your-transfer-go\/\" title=\"Alcanza tus objetivos de transferencia en el Community College\" tabindex=\"0\">Alcanza tus objetivos de transferencia en el Community College<\/a>\t\t\t<\/h3>\n\t\t\t\t\t\t\t\tPor la colaboradora invitada Dra. Nancy S\u00e1nchez La Dra. Nancy S\u00e1nchez es Directora de Oportunidades de Phi Theta Kappa. Antes de incorporarse al personal de la sede central de PTK, la Dra. S\u00e1nchez trabaj\u00f3 como Directora Ejecutiva de Kaplan Educational Foundation (KEF), y es autora de Your Guide to College Transfer. Es colaboradora habitual de Forbes ...<p> <a href=\"https:\/\/ccsmart.org\/leverage-your-community-college-education-to-meet-your-transfer-go\/\"> Alcanza tus objetivos de transferencia en la universidad comunitaria Leer M\u00e1s \"<\/a><\/p>\n\t\t\t<a href=\"https:\/\/ccsmart.org\/leverage-your-community-college-education-to-meet-your-transfer-go\/\" target=\"_self\" role=\"button\" aria-label=\"Seguir leyendo\" rel=\"noopener\">\n\t\t\t\t\t\t\tSeguir leyendo\n\t\t<\/a>\n\t\t\t\t\t\t\t\t\t\t\t\t\t\t<a href=\"https:\/\/ccsmart.org\/5-advantages-of-being-a-transfer-student-vs-starting-at-a-four-year-college\/\" target=\"_self\" title=\"5 ventajas de ser estudiante trasladado de una universidad comunitaria\" rel=\"noopener\">\n\t\t\t\t<img decoding=\"async\" src=\"https:\/\/ccsmart.org\/wp-content\/uploads\/transferblog-1-1024x683.png\" alt=\"\" \/>\n\t\t\t\t<\/a>\n\t\t\t\t\t\t<h3>\n\t\t\t\t<a href=\"https:\/\/ccsmart.org\/5-advantages-of-being-a-transfer-student-vs-starting-at-a-four-year-college\/\" title=\"5 ventajas de ser estudiante trasladado de una universidad comunitaria\" tabindex=\"0\">5 ventajas de ser estudiante trasladado de una universidad comunitaria<\/a>\t\t\t<\/h3>\n\t\t\t\t\t\t\t\tUn precio m\u00e1s bajo es s\u00f3lo uno de los muchos beneficios que los estudiantes de transferencia encuentran al comenzar su educaci\u00f3n en un colegio comunitario. Apostamos a que algunas de nuestra lista te sorprender\u00e1n.\n\t\t\t<a href=\"https:\/\/ccsmart.org\/5-advantages-of-being-a-transfer-student-vs-starting-at-a-four-year-college\/\" target=\"_self\" role=\"button\" aria-label=\"Seguir leyendo\" rel=\"noopener\">\n\t\t\t\t\t\t\tSeguir leyendo\n\t\t<\/a>\n\t\t\t\t\t\t\t\t\t\t\t\t\t\t<a href=\"https:\/\/ccsmart.org\/how-to-make-your-college-transfer-application-shine\/\" target=\"_self\" title=\"C\u00f3mo hacer brillar tu solicitud de traslado a la universidad\" rel=\"noopener\">\n\t\t\t\t<img decoding=\"async\" src=\"https:\/\/ccsmart.org\/wp-content\/uploads\/transferblog-1024x683.png\" alt=\"estudiantes trasladados\" \/>\n\t\t\t\t<\/a>\n\t\t\t\t\t\t<h3>\n\t\t\t\t<a href=\"https:\/\/ccsmart.org\/how-to-make-your-college-transfer-application-shine\/\" title=\"C\u00f3mo hacer brillar tu solicitud de traslado a la universidad\" tabindex=\"0\">C\u00f3mo hacer brillar tu solicitud de traslado a la universidad<\/a>\t\t\t<\/h3>\n\t\t\t\t\t\t\t\tSi buscas motivaci\u00f3n, direcci\u00f3n o inspiraci\u00f3n creativa para completar tu solicitud de traslado, \u00a1te ayudamos! Pon en pr\u00e1ctica estos consejos para llamar la atenci\u00f3n y hacer que tu solicitud sea la mejor posible.\n\t\t\t<a href=\"https:\/\/ccsmart.org\/how-to-make-your-college-transfer-application-shine\/\" target=\"_self\" role=\"button\" aria-label=\"Seguir leyendo\" rel=\"noopener\">\n\t\t\t\t\t\t\tSeguir leyendo\n\t\t<\/a>\n\t\t\t\t\t\t\t\t\t\t\t\t\t\t<a href=\"https:\/\/ccsmart.org\/8-tips-to-successfully-transfer-to-a-four-year-school\/\" target=\"_self\" title=\"8 consejos para cambiar con \u00e9xito a una universidad de cuatro a\u00f1os\" rel=\"noopener\">\n\t\t\t\t<img decoding=\"async\" src=\"https:\/\/ccsmart.org\/wp-content\/uploads\/pexels-joshua-mcknight-1139317-1024x683.webp\" alt=\"\" \/>\n\t\t\t\t<\/a>\n\t\t\t\t\t\t<h3>\n\t\t\t\t<a href=\"https:\/\/ccsmart.org\/8-tips-to-successfully-transfer-to-a-four-year-school\/\" title=\"8 consejos para cambiar con \u00e9xito a una universidad de cuatro a\u00f1os\" tabindex=\"0\">8 consejos para cambiar con \u00e9xito a una universidad de cuatro a\u00f1os<\/a>\t\t\t<\/h3>\n\t\t\t\t\t\t\t\tDescubre los pasos que puedes dar ahora como estudiante matriculado en un colegio comunitario para ponerte en el camino hacia una transferencia exitosa m\u00e1s adelante. \n\t\t\t<a href=\"https:\/\/ccsmart.org\/8-tips-to-successfully-transfer-to-a-four-year-school\/\" target=\"_self\" role=\"button\" aria-label=\"Seguir leyendo\" rel=\"noopener\">\n\t\t\t\t\t\t\tSeguir leyendo\n\t\t<\/a>","protected":false},"excerpt":{"rendered":"<p>Transferencia \u00bfTe est\u00e1s matriculando en un colegio comunitario para transferirte a una universidad de cuatro a\u00f1os? Aqu\u00ed encontrar\u00e1s recursos sobre c\u00f3mo transferirte con \u00e9xito, qu\u00e9 esperar y c\u00f3mo aprovechar al m\u00e1ximo tu experiencia en un colegio comunitario. Un error com\u00fan acerca de los colegios comunitarios es que perjudican tus posibilidades de [...]<\/p>","protected":false},"author":14,"featured_media":143,"parent":0,"menu_order":0,"comment_status":"closed","ping_status":"closed","template":"","meta":{"inline_featured_image":false,"site-sidebar-layout":"no-sidebar","site-content-layout":"page-builder","ast-site-content-layout":"","site-content-style":"default","site-sidebar-style":"default","ast-global-header-display":"","ast-banner-title-visibility":"","ast-main-header-display":"","ast-hfb-above-header-display":"","ast-hfb-below-header-display":"","ast-hfb-mobile-header-display":"","site-post-title":"disabled","ast-breadcrumbs-content":"","ast-featured-img":"disabled","footer-sml-layout":"","theme-transparent-header-meta":"","adv-header-id-meta":"","stick-header-meta":"","header-above-stick-meta":"","header-main-stick-meta":"","header-below-stick-meta":"","astra-migrate-meta-layouts":"default","ast-page-background-enabled":"default","ast-page-background-meta":{"desktop":{"background-color":"","background-image":"","background-repeat":"repeat","background-position":"center center","background-size":"auto","background-attachment":"scroll","background-type":"","background-media":"","overlay-type":"","overlay-color":"","overlay-opacity":"","overlay-gradient":""},"tablet":{"background-color":"","background-image":"","background-repeat":"repeat","background-position":"center center","background-size":"auto","background-attachment":"scroll","background-type":"","background-media":"","overlay-type":"","overlay-color":"","overlay-opacity":"","overlay-gradient":""},"mobile":{"background-color":"","background-image":"","background-repeat":"repeat","background-position":"center center","background-size":"auto","background-attachment":"scroll","background-type":"","background-media":"","overlay-type":"","overlay-color":"","overlay-opacity":"","overlay-gradient":""}},"ast-content-background-meta":{"desktop":{"background-color":"var(--ast-global-color-5)","background-image":"","background-repeat":"repeat","background-position":"center center","background-size":"auto","background-attachment":"scroll","background-type":"","background-media":"","overlay-type":"","overlay-color":"","overlay-opacity":"","overlay-gradient":""},"tablet":{"background-color":"var(--ast-global-color-5)","background-image":"","background-repeat":"repeat","background-position":"center center","background-size":"auto","background-attachment":"scroll","background-type":"","background-media":"","overlay-type":"","overlay-color":"","overlay-opacity":"","overlay-gradient":""},"mobile":{"background-color":"var(--ast-global-color-5)","background-image":"","background-repeat":"repeat","background-position":"center center","background-size":"auto","background-attachment":"scroll","background-type":"","background-media":"","overlay-type":"","overlay-color":"","overlay-opacity":"","overlay-gradient":""}},"footnotes":""},"class_list":["post-148","page","type-page","status-publish","has-post-thumbnail","hentry"],"yoast_head":"<!-- This site is optimized with the Yoast SEO plugin v27.4 - https:\/\/yoast.com\/product\/yoast-seo-wordpress\/ -->\n<title>Community College Transfer Resources &#187; CCSmart<\/title>\n<meta name=\"description\" content=\"How to successfully transfer from community college to a 4-year college, what to expect, and how to make the most of your community college experience.\" \/>\n<meta name=\"robots\" content=\"index, follow, max-snippet:-1, max-image-preview:large, max-video-preview:-1\" \/>\n<link rel=\"canonical\" href=\"https:\/\/ccsmart.org\/es\/transferir-recursos\/\" \/>\n<meta property=\"og:locale\" content=\"es_MX\" \/>\n<meta property=\"og:type\" content=\"article\" \/>\n<meta property=\"og:title\" content=\"Community College Transfer Resources &#187; CCSmart\" \/>\n<meta property=\"og:description\" content=\"How to successfully transfer from community college to a 4-year college, what to expect, and how to make the most of your community college experience.\" \/>\n<meta property=\"og:url\" content=\"https:\/\/ccsmart.org\/es\/transferir-recursos\/\" \/>\n<meta property=\"og:site_name\" content=\"CCsmart powered by Phi Theta Kappa\" \/>\n<meta property=\"article:publisher\" content=\"https:\/\/www.facebook.com\/ccissmart\/\" \/>\n<meta property=\"article:modified_time\" content=\"2023-09-22T13:50:33+00:00\" \/>\n<meta property=\"og:image\" content=\"https:\/\/ccsmart.org\/wp-content\/uploads\/zachary-nelson-98Elr-LIvD8-unsplash-scaled.webp\" \/>\n\t<meta property=\"og:image:width\" content=\"1920\" \/>\n\t<meta property=\"og:image:height\" content=\"1280\" \/>\n\t<meta property=\"og:image:type\" content=\"image\/jpeg\" \/>\n<meta name=\"twitter:card\" content=\"summary_large_image\" \/>\n<meta name=\"twitter:site\" content=\"@cc__smart\" \/>\n<meta name=\"twitter:label1\" content=\"Tiempo de lectura\" \/>\n\t<meta name=\"twitter:data1\" content=\"4 minutos\" \/>\n<script type=\"application\/ld+json\" class=\"yoast-schema-graph\">{\"@context\":\"https:\\\/\\\/schema.org\",\"@graph\":[{\"@type\":\"WebPage\",\"@id\":\"https:\\\/\\\/ccsmart.org\\\/transfer-resources\\\/\",\"url\":\"https:\\\/\\\/ccsmart.org\\\/transfer-resources\\\/\",\"name\":\"Community College Transfer Resources &#187; CCSmart\",\"isPartOf\":{\"@id\":\"https:\\\/\\\/ccsmart.org\\\/#website\"},\"primaryImageOfPage\":{\"@id\":\"https:\\\/\\\/ccsmart.org\\\/transfer-resources\\\/#primaryimage\"},\"image\":{\"@id\":\"https:\\\/\\\/ccsmart.org\\\/transfer-resources\\\/#primaryimage\"},\"thumbnailUrl\":\"https:\\\/\\\/ccsmart.org\\\/wp-content\\\/uploads\\\/zachary-nelson-98Elr-LIvD8-unsplash-scaled.webp\",\"datePublished\":\"2022-06-06T17:11:45+00:00\",\"dateModified\":\"2023-09-22T13:50:33+00:00\",\"description\":\"How to successfully transfer from community college to a 4-year college, what to expect, and how to make the most of your community college experience.\",\"inLanguage\":\"es\",\"potentialAction\":[{\"@type\":\"ReadAction\",\"target\":[\"https:\\\/\\\/ccsmart.org\\\/transfer-resources\\\/\"]}]},{\"@type\":\"ImageObject\",\"inLanguage\":\"es\",\"@id\":\"https:\\\/\\\/ccsmart.org\\\/transfer-resources\\\/#primaryimage\",\"url\":\"https:\\\/\\\/ccsmart.org\\\/wp-content\\\/uploads\\\/zachary-nelson-98Elr-LIvD8-unsplash-scaled.webp\",\"contentUrl\":\"https:\\\/\\\/ccsmart.org\\\/wp-content\\\/uploads\\\/zachary-nelson-98Elr-LIvD8-unsplash-scaled.webp\",\"width\":1920,\"height\":1280},{\"@type\":\"WebSite\",\"@id\":\"https:\\\/\\\/ccsmart.org\\\/#website\",\"url\":\"https:\\\/\\\/ccsmart.org\\\/\",\"name\":\"CCsmart powered by Phi Theta Kappa\",\"description\":\"\",\"publisher\":{\"@id\":\"https:\\\/\\\/ccsmart.org\\\/#organization\"},\"potentialAction\":[{\"@type\":\"SearchAction\",\"target\":{\"@type\":\"EntryPoint\",\"urlTemplate\":\"https:\\\/\\\/ccsmart.org\\\/?s={search_term_string}\"},\"query-input\":{\"@type\":\"PropertyValueSpecification\",\"valueRequired\":true,\"valueName\":\"search_term_string\"}}],\"inLanguage\":\"es\"},{\"@type\":\"Organization\",\"@id\":\"https:\\\/\\\/ccsmart.org\\\/#organization\",\"name\":\"CCsmart powered by Phi Theta Kappa\",\"url\":\"https:\\\/\\\/ccsmart.org\\\/\",\"logo\":{\"@type\":\"ImageObject\",\"inLanguage\":\"es\",\"@id\":\"https:\\\/\\\/ccsmart.org\\\/#\\\/schema\\\/logo\\\/image\\\/\",\"url\":\"https:\\\/\\\/ccsmart.org\\\/wp-content\\\/uploads\\\/logo-cc-smart.png\",\"contentUrl\":\"https:\\\/\\\/ccsmart.org\\\/wp-content\\\/uploads\\\/logo-cc-smart.png\",\"width\":1819,\"height\":673,\"caption\":\"CCsmart powered by Phi Theta Kappa\"},\"image\":{\"@id\":\"https:\\\/\\\/ccsmart.org\\\/#\\\/schema\\\/logo\\\/image\\\/\"},\"sameAs\":[\"https:\\\/\\\/www.facebook.com\\\/ccissmart\\\/\",\"https:\\\/\\\/x.com\\\/cc__smart\",\"https:\\\/\\\/www.instagram.com\\\/cc__smart\\\/\"]}]}<\/script>\n<!-- \/ Yoast SEO plugin. -->","yoast_head_json":{"title":"Community College Transfer Resources \" CCSmart","description":"C\u00f3mo pasar con \u00e9xito de un colegio comunitario a una universidad de cuatro a\u00f1os, qu\u00e9 esperar y c\u00f3mo aprovechar al m\u00e1ximo tu experiencia en un colegio comunitario.","robots":{"index":"index","follow":"follow","max-snippet":"max-snippet:-1","max-image-preview":"max-image-preview:large","max-video-preview":"max-video-preview:-1"},"canonical":"https:\/\/ccsmart.org\/es\/transferir-recursos\/","og_locale":"es_MX","og_type":"article","og_title":"Community College Transfer Resources &#187; CCSmart","og_description":"How to successfully transfer from community college to a 4-year college, what to expect, and how to make the most of your community college experience.","og_url":"https:\/\/ccsmart.org\/es\/transferir-recursos\/","og_site_name":"CCsmart powered by Phi Theta Kappa","article_publisher":"https:\/\/www.facebook.com\/ccissmart\/","article_modified_time":"2023-09-22T13:50:33+00:00","og_image":[{"width":1920,"height":1280,"url":"https:\/\/ccsmart.org\/wp-content\/uploads\/zachary-nelson-98Elr-LIvD8-unsplash-scaled.webp","type":"image\/jpeg"}],"twitter_card":"summary_large_image","twitter_site":"@cc__smart","twitter_misc":{"Tiempo de lectura":"4 minutos"},"schema":{"@context":"https:\/\/schema.org","@graph":[{"@type":"WebPage","@id":"https:\/\/ccsmart.org\/transfer-resources\/","url":"https:\/\/ccsmart.org\/transfer-resources\/","name":"Community College Transfer Resources \" CCSmart","isPartOf":{"@id":"https:\/\/ccsmart.org\/#website"},"primaryImageOfPage":{"@id":"https:\/\/ccsmart.org\/transfer-resources\/#primaryimage"},"image":{"@id":"https:\/\/ccsmart.org\/transfer-resources\/#primaryimage"},"thumbnailUrl":"https:\/\/ccsmart.org\/wp-content\/uploads\/zachary-nelson-98Elr-LIvD8-unsplash-scaled.webp","datePublished":"2022-06-06T17:11:45+00:00","dateModified":"2023-09-22T13:50:33+00:00","description":"C\u00f3mo pasar con \u00e9xito de un colegio comunitario a una universidad de cuatro a\u00f1os, qu\u00e9 esperar y c\u00f3mo aprovechar al m\u00e1ximo tu experiencia en un colegio comunitario.","inLanguage":"es","potentialAction":[{"@type":"ReadAction","target":["https:\/\/ccsmart.org\/transfer-resources\/"]}]},{"@type":"ImageObject","inLanguage":"es","@id":"https:\/\/ccsmart.org\/transfer-resources\/#primaryimage","url":"https:\/\/ccsmart.org\/wp-content\/uploads\/zachary-nelson-98Elr-LIvD8-unsplash-scaled.webp","contentUrl":"https:\/\/ccsmart.org\/wp-content\/uploads\/zachary-nelson-98Elr-LIvD8-unsplash-scaled.webp","width":1920,"height":1280},{"@type":"WebSite","@id":"https:\/\/ccsmart.org\/#website","url":"https:\/\/ccsmart.org\/","name":"CCsmart powered by Phi Theta Kappa","description":"","publisher":{"@id":"https:\/\/ccsmart.org\/#organization"},"potentialAction":[{"@type":"SearchAction","target":{"@type":"EntryPoint","urlTemplate":"https:\/\/ccsmart.org\/?s={search_term_string}"},"query-input":{"@type":"PropertyValueSpecification","valueRequired":true,"valueName":"search_term_string"}}],"inLanguage":"es"},{"@type":"Organization","@id":"https:\/\/ccsmart.org\/#organization","name":"CCsmart powered by Phi Theta Kappa","url":"https:\/\/ccsmart.org\/","logo":{"@type":"ImageObject","inLanguage":"es","@id":"https:\/\/ccsmart.org\/#\/schema\/logo\/image\/","url":"https:\/\/ccsmart.org\/wp-content\/uploads\/logo-cc-smart.png","contentUrl":"https:\/\/ccsmart.org\/wp-content\/uploads\/logo-cc-smart.png","width":1819,"height":673,"caption":"CCsmart powered by Phi Theta Kappa"},"image":{"@id":"https:\/\/ccsmart.org\/#\/schema\/logo\/image\/"},"sameAs":["https:\/\/www.facebook.com\/ccissmart\/","https:\/\/x.com\/cc__smart","https:\/\/www.instagram.com\/cc__smart\/"]}]}},"_links":{"self":[{"href":"https:\/\/ccsmart.org\/es\/wp-json\/wp\/v2\/pages\/148","targetHints":{"allow":["GET"]}}],"collection":[{"href":"https:\/\/ccsmart.org\/es\/wp-json\/wp\/v2\/pages"}],"about":[{"href":"https:\/\/ccsmart.org\/es\/wp-json\/wp\/v2\/types\/page"}],"author":[{"embeddable":true,"href":"https:\/\/ccsmart.org\/es\/wp-json\/wp\/v2\/users\/14"}],"replies":[{"embeddable":true,"href":"https:\/\/ccsmart.org\/es\/wp-json\/wp\/v2\/comments?post=148"}],"version-history":[{"count":0,"href":"https:\/\/ccsmart.org\/es\/wp-json\/wp\/v2\/pages\/148\/revisions"}],"wp:featuredmedia":[{"embeddable":true,"href":"https:\/\/ccsmart.org\/es\/wp-json\/wp\/v2\/media\/143"}],"wp:attachment":[{"href":"https:\/\/ccsmart.org\/es\/wp-json\/wp\/v2\/media?parent=148"}],"curies":[{"name":"wp","href":"https:\/\/api.w.org\/{rel}","templated":true}]}}