{"id":141,"date":"2022-06-06T11:39:27","date_gmt":"2022-06-06T16:39:27","guid":{"rendered":"https:\/\/ccsmart.org\/?page_id=141"},"modified":"2024-07-01T10:09:28","modified_gmt":"2024-07-01T15:09:28","slug":"investigacion-ccsmart","status":"publish","type":"page","link":"https:\/\/ccsmart.org\/es\/investigacion-ccsmart\/","title":{"rendered":"Investigaci\u00f3n CCsmart"},"content":{"rendered":"<img decoding=\"async\" src=\"https:\/\/ccsmart.org\/wp-content\/uploads\/arrow-left-sm.png\" alt=\"Flecha\" title=\"Flecha\" itemprop=\"image\">\n\t\t\t\t\t\n<h1>\n\t\tInvestigaci\u00f3n CCsmart\n\t<\/h1>\n\t<p>\u00bfTe interesa saber m\u00e1s sobre los colegios comunitarios? En esta p\u00e1gina encontrar\u00e1s consejos para los nuevos estudiantes de colegios comunitarios, preguntas frecuentes y mucho m\u00e1s.<\/p>\n\t\t\t\t<img loading=\"lazy\" decoding=\"async\" src=\"https:\/\/ccsmart.org\/wp-content\/uploads\/ccsmart_research.png\" alt=\"ccsmart_research\" itemprop=\"image\" height=\"1080\" width=\"1080\" title=\"ccsmart_research\" onerror=\"this.style.display='none'\">\n<h2>\n\t\tInvestigaci\u00f3n CCsmart\n\t<\/h2>\n\t\t\t\t\t\t<h3>\n\t\t\t\t<a href=\"https:\/\/ccsmart.org\/ccsmart-a-positive-way-to-address-community-college-stigma\/\" title=\"CCSmart: Una forma positiva de abordar el estigma de la universidad comunitaria\" tabindex=\"0\">CCSmart: Una forma positiva de abordar el estigma de la universidad comunitaria<\/a>\t\t\t<\/h3>\n\t\t\t\t\t\t\t\tEl equipo de liderazgo del PTK 2021-2022 International Officer, un grupo de cinco estudiantes elegidos por sus compa\u00f1eros de todo el pa\u00eds, decidi\u00f3, como parte de su trabajo, abordar el estigma de los colegios comunitarios. Desarrollaron #CCSmart o Community College Smart como una campa\u00f1a de marketing de concienciaci\u00f3n de alcance nacional. \n\t\t\t<a href=\"https:\/\/ccsmart.org\/ccsmart-a-positive-way-to-address-community-college-stigma\/\" target=\"_self\" role=\"button\" aria-label=\"Seguir leyendo\" rel=\"noopener\">\n\t\t\t\t\t\t\tSeguir leyendo\n\t\t<\/a>","protected":false},"excerpt":{"rendered":"<p>CCsmart Research \u00bfEst\u00e1s interesado en saber m\u00e1s sobre los colegios comunitarios? En esta p\u00e1gina encontrar\u00e1s consejos para los nuevos estudiantes de colegios comunitarios, preguntas frecuentes y mucho m\u00e1s. Investigaci\u00f3n CCsmart CCSmart: Una forma positiva de abordar el estigma de los colegios comunitarios El equipo de liderazgo del Oficial Internacional 2021-2022 de PTK, un grupo de cinco estudiantes elegidos por sus compa\u00f1eros de todo el pa\u00eds, decidi\u00f3 como parte de su [...]<\/p>","protected":false},"author":14,"featured_media":143,"parent":0,"menu_order":0,"comment_status":"closed","ping_status":"closed","template":"","meta":{"inline_featured_image":false,"site-sidebar-layout":"no-sidebar","site-content-layout":"page-builder","ast-site-content-layout":"full-width-container","site-content-style":"unboxed","site-sidebar-style":"unboxed","ast-global-header-display":"","ast-banner-title-visibility":"","ast-main-header-display":"","ast-hfb-above-header-display":"","ast-hfb-below-header-display":"","ast-hfb-mobile-header-display":"","site-post-title":"disabled","ast-breadcrumbs-content":"","ast-featured-img":"disabled","footer-sml-layout":"","theme-transparent-header-meta":"","adv-header-id-meta":"","stick-header-meta":"","header-above-stick-meta":"","header-main-stick-meta":"","header-below-stick-meta":"","astra-migrate-meta-layouts":"set","ast-page-background-enabled":"default","ast-page-background-meta":{"desktop":{"background-color":"","background-image":"","background-repeat":"repeat","background-position":"center center","background-size":"auto","background-attachment":"scroll","background-type":"","background-media":"","overlay-type":"","overlay-color":"","overlay-opacity":"","overlay-gradient":""},"tablet":{"background-color":"","background-image":"","background-repeat":"repeat","background-position":"center center","background-size":"auto","background-attachment":"scroll","background-type":"","background-media":"","overlay-type":"","overlay-color":"","overlay-opacity":"","overlay-gradient":""},"mobile":{"background-color":"","background-image":"","background-repeat":"repeat","background-position":"center center","background-size":"auto","background-attachment":"scroll","background-type":"","background-media":"","overlay-type":"","overlay-color":"","overlay-opacity":"","overlay-gradient":""}},"ast-content-background-meta":{"desktop":{"background-color":"var(--ast-global-color-5)","background-image":"","background-repeat":"repeat","background-position":"center center","background-size":"auto","background-attachment":"scroll","background-type":"","background-media":"","overlay-type":"","overlay-color":"","overlay-opacity":"","overlay-gradient":""},"tablet":{"background-color":"var(--ast-global-color-5)","background-image":"","background-repeat":"repeat","background-position":"center center","background-size":"auto","background-attachment":"scroll","background-type":"","background-media":"","overlay-type":"","overlay-color":"","overlay-opacity":"","overlay-gradient":""},"mobile":{"background-color":"var(--ast-global-color-5)","background-image":"","background-repeat":"repeat","background-position":"center center","background-size":"auto","background-attachment":"scroll","background-type":"","background-media":"","overlay-type":"","overlay-color":"","overlay-opacity":"","overlay-gradient":""}},"footnotes":""},"class_list":["post-141","page","type-page","status-publish","has-post-thumbnail","hentry"],"yoast_head":"<!-- This site is optimized with the Yoast SEO plugin v27.6 - https:\/\/yoast.com\/product\/yoast-seo-wordpress\/ -->\n<title>CCsmart Research &#187; CCSmart<\/title>\n<meta name=\"description\" content=\"Explore the latest research on community colleges: Discover insights into student success, workforce development, and more.\" \/>\n<meta name=\"robots\" content=\"index, follow, max-snippet:-1, max-image-preview:large, max-video-preview:-1\" \/>\n<link rel=\"canonical\" href=\"https:\/\/ccsmart.org\/es\/investigacion-ccsmart\/\" \/>\n<meta property=\"og:locale\" content=\"es_MX\" \/>\n<meta property=\"og:type\" content=\"article\" \/>\n<meta property=\"og:title\" content=\"CCsmart Research &#187; CCSmart\" \/>\n<meta property=\"og:description\" content=\"Explore the latest research on community colleges: Discover insights into student success, workforce development, and more.\" \/>\n<meta property=\"og:url\" content=\"https:\/\/ccsmart.org\/es\/investigacion-ccsmart\/\" \/>\n<meta property=\"og:site_name\" content=\"CCsmart powered by Phi Theta Kappa\" \/>\n<meta property=\"article:publisher\" content=\"https:\/\/www.facebook.com\/ccissmart\/\" \/>\n<meta property=\"article:modified_time\" content=\"2024-07-01T15:09:28+00:00\" \/>\n<meta property=\"og:image\" content=\"https:\/\/ccsmart.org\/wp-content\/uploads\/zachary-nelson-98Elr-LIvD8-unsplash-scaled.webp\" \/>\n\t<meta property=\"og:image:width\" content=\"1920\" \/>\n\t<meta property=\"og:image:height\" content=\"1280\" \/>\n\t<meta property=\"og:image:type\" content=\"image\/jpeg\" \/>\n<meta name=\"twitter:card\" content=\"summary_large_image\" \/>\n<meta name=\"twitter:site\" content=\"@cc__smart\" \/>\n<meta name=\"twitter:label1\" content=\"Tiempo de lectura\" \/>\n\t<meta name=\"twitter:data1\" content=\"1 minuto\" \/>\n<script type=\"application\/ld+json\" class=\"yoast-schema-graph\">{\"@context\":\"https:\\\/\\\/schema.org\",\"@graph\":[{\"@type\":\"WebPage\",\"@id\":\"https:\\\/\\\/ccsmart.org\\\/ccsmart-research\\\/\",\"url\":\"https:\\\/\\\/ccsmart.org\\\/ccsmart-research\\\/\",\"name\":\"CCsmart Research &#187; CCSmart\",\"isPartOf\":{\"@id\":\"https:\\\/\\\/ccsmart.org\\\/#website\"},\"primaryImageOfPage\":{\"@id\":\"https:\\\/\\\/ccsmart.org\\\/ccsmart-research\\\/#primaryimage\"},\"image\":{\"@id\":\"https:\\\/\\\/ccsmart.org\\\/ccsmart-research\\\/#primaryimage\"},\"thumbnailUrl\":\"https:\\\/\\\/ccsmart.org\\\/wp-content\\\/uploads\\\/zachary-nelson-98Elr-LIvD8-unsplash-scaled.webp\",\"datePublished\":\"2022-06-06T16:39:27+00:00\",\"dateModified\":\"2024-07-01T15:09:28+00:00\",\"description\":\"Explore the latest research on community colleges: Discover insights into student success, workforce development, and more.\",\"inLanguage\":\"es\",\"potentialAction\":[{\"@type\":\"ReadAction\",\"target\":[\"https:\\\/\\\/ccsmart.org\\\/ccsmart-research\\\/\"]}]},{\"@type\":\"ImageObject\",\"inLanguage\":\"es\",\"@id\":\"https:\\\/\\\/ccsmart.org\\\/ccsmart-research\\\/#primaryimage\",\"url\":\"https:\\\/\\\/ccsmart.org\\\/wp-content\\\/uploads\\\/zachary-nelson-98Elr-LIvD8-unsplash-scaled.webp\",\"contentUrl\":\"https:\\\/\\\/ccsmart.org\\\/wp-content\\\/uploads\\\/zachary-nelson-98Elr-LIvD8-unsplash-scaled.webp\",\"width\":1920,\"height\":1280},{\"@type\":\"WebSite\",\"@id\":\"https:\\\/\\\/ccsmart.org\\\/#website\",\"url\":\"https:\\\/\\\/ccsmart.org\\\/\",\"name\":\"CCsmart powered by Phi Theta Kappa\",\"description\":\"\",\"publisher\":{\"@id\":\"https:\\\/\\\/ccsmart.org\\\/#organization\"},\"potentialAction\":[{\"@type\":\"SearchAction\",\"target\":{\"@type\":\"EntryPoint\",\"urlTemplate\":\"https:\\\/\\\/ccsmart.org\\\/?s={search_term_string}\"},\"query-input\":{\"@type\":\"PropertyValueSpecification\",\"valueRequired\":true,\"valueName\":\"search_term_string\"}}],\"inLanguage\":\"es\"},{\"@type\":\"Organization\",\"@id\":\"https:\\\/\\\/ccsmart.org\\\/#organization\",\"name\":\"CCsmart powered by Phi Theta Kappa\",\"url\":\"https:\\\/\\\/ccsmart.org\\\/\",\"logo\":{\"@type\":\"ImageObject\",\"inLanguage\":\"es\",\"@id\":\"https:\\\/\\\/ccsmart.org\\\/#\\\/schema\\\/logo\\\/image\\\/\",\"url\":\"https:\\\/\\\/ccsmart.org\\\/wp-content\\\/uploads\\\/logo-cc-smart.png\",\"contentUrl\":\"https:\\\/\\\/ccsmart.org\\\/wp-content\\\/uploads\\\/logo-cc-smart.png\",\"width\":1819,\"height\":673,\"caption\":\"CCsmart powered by Phi Theta Kappa\"},\"image\":{\"@id\":\"https:\\\/\\\/ccsmart.org\\\/#\\\/schema\\\/logo\\\/image\\\/\"},\"sameAs\":[\"https:\\\/\\\/www.facebook.com\\\/ccissmart\\\/\",\"https:\\\/\\\/x.com\\\/cc__smart\",\"https:\\\/\\\/www.instagram.com\\\/cc__smart\\\/\"]}]}<\/script>\n<!-- \/ Yoast SEO plugin. -->","yoast_head_json":{"title":"Investigaci\u00f3n CCsmart \" CCSmart","description":"Explore las \u00faltimas investigaciones sobre los colegios comunitarios: Descubra informaci\u00f3n sobre el \u00e9xito de los estudiantes, el desarrollo de la mano de obra y mucho m\u00e1s.","robots":{"index":"index","follow":"follow","max-snippet":"max-snippet:-1","max-image-preview":"max-image-preview:large","max-video-preview":"max-video-preview:-1"},"canonical":"https:\/\/ccsmart.org\/es\/investigacion-ccsmart\/","og_locale":"es_MX","og_type":"article","og_title":"CCsmart Research &#187; CCSmart","og_description":"Explore the latest research on community colleges: Discover insights into student success, workforce development, and more.","og_url":"https:\/\/ccsmart.org\/es\/investigacion-ccsmart\/","og_site_name":"CCsmart powered by Phi Theta Kappa","article_publisher":"https:\/\/www.facebook.com\/ccissmart\/","article_modified_time":"2024-07-01T15:09:28+00:00","og_image":[{"width":1920,"height":1280,"url":"https:\/\/ccsmart.org\/wp-content\/uploads\/zachary-nelson-98Elr-LIvD8-unsplash-scaled.webp","type":"image\/jpeg"}],"twitter_card":"summary_large_image","twitter_site":"@cc__smart","twitter_misc":{"Tiempo de lectura":"1 minuto"},"schema":{"@context":"https:\/\/schema.org","@graph":[{"@type":"WebPage","@id":"https:\/\/ccsmart.org\/ccsmart-research\/","url":"https:\/\/ccsmart.org\/ccsmart-research\/","name":"Investigaci\u00f3n CCsmart \" CCSmart","isPartOf":{"@id":"https:\/\/ccsmart.org\/#website"},"primaryImageOfPage":{"@id":"https:\/\/ccsmart.org\/ccsmart-research\/#primaryimage"},"image":{"@id":"https:\/\/ccsmart.org\/ccsmart-research\/#primaryimage"},"thumbnailUrl":"https:\/\/ccsmart.org\/wp-content\/uploads\/zachary-nelson-98Elr-LIvD8-unsplash-scaled.webp","datePublished":"2022-06-06T16:39:27+00:00","dateModified":"2024-07-01T15:09:28+00:00","description":"Explore las \u00faltimas investigaciones sobre los colegios comunitarios: Descubra informaci\u00f3n sobre el \u00e9xito de los estudiantes, el desarrollo de la mano de obra y mucho m\u00e1s.","inLanguage":"es","potentialAction":[{"@type":"ReadAction","target":["https:\/\/ccsmart.org\/ccsmart-research\/"]}]},{"@type":"ImageObject","inLanguage":"es","@id":"https:\/\/ccsmart.org\/ccsmart-research\/#primaryimage","url":"https:\/\/ccsmart.org\/wp-content\/uploads\/zachary-nelson-98Elr-LIvD8-unsplash-scaled.webp","contentUrl":"https:\/\/ccsmart.org\/wp-content\/uploads\/zachary-nelson-98Elr-LIvD8-unsplash-scaled.webp","width":1920,"height":1280},{"@type":"WebSite","@id":"https:\/\/ccsmart.org\/#website","url":"https:\/\/ccsmart.org\/","name":"CCsmart powered by Phi Theta Kappa","description":"","publisher":{"@id":"https:\/\/ccsmart.org\/#organization"},"potentialAction":[{"@type":"SearchAction","target":{"@type":"EntryPoint","urlTemplate":"https:\/\/ccsmart.org\/?s={search_term_string}"},"query-input":{"@type":"PropertyValueSpecification","valueRequired":true,"valueName":"search_term_string"}}],"inLanguage":"es"},{"@type":"Organization","@id":"https:\/\/ccsmart.org\/#organization","name":"CCsmart powered by Phi Theta Kappa","url":"https:\/\/ccsmart.org\/","logo":{"@type":"ImageObject","inLanguage":"es","@id":"https:\/\/ccsmart.org\/#\/schema\/logo\/image\/","url":"https:\/\/ccsmart.org\/wp-content\/uploads\/logo-cc-smart.png","contentUrl":"https:\/\/ccsmart.org\/wp-content\/uploads\/logo-cc-smart.png","width":1819,"height":673,"caption":"CCsmart powered by Phi Theta Kappa"},"image":{"@id":"https:\/\/ccsmart.org\/#\/schema\/logo\/image\/"},"sameAs":["https:\/\/www.facebook.com\/ccissmart\/","https:\/\/x.com\/cc__smart","https:\/\/www.instagram.com\/cc__smart\/"]}]}},"_links":{"self":[{"href":"https:\/\/ccsmart.org\/es\/wp-json\/wp\/v2\/pages\/141","targetHints":{"allow":["GET"]}}],"collection":[{"href":"https:\/\/ccsmart.org\/es\/wp-json\/wp\/v2\/pages"}],"about":[{"href":"https:\/\/ccsmart.org\/es\/wp-json\/wp\/v2\/types\/page"}],"author":[{"embeddable":true,"href":"https:\/\/ccsmart.org\/es\/wp-json\/wp\/v2\/users\/14"}],"replies":[{"embeddable":true,"href":"https:\/\/ccsmart.org\/es\/wp-json\/wp\/v2\/comments?post=141"}],"version-history":[{"count":0,"href":"https:\/\/ccsmart.org\/es\/wp-json\/wp\/v2\/pages\/141\/revisions"}],"wp:featuredmedia":[{"embeddable":true,"href":"https:\/\/ccsmart.org\/es\/wp-json\/wp\/v2\/media\/143"}],"wp:attachment":[{"href":"https:\/\/ccsmart.org\/es\/wp-json\/wp\/v2\/media?parent=141"}],"curies":[{"name":"wp","href":"https:\/\/api.w.org\/{rel}","templated":true}]}}