{"id":137,"date":"2022-06-06T11:08:40","date_gmt":"2022-06-06T16:08:40","guid":{"rendered":"https:\/\/ccsmart.org\/?page_id=137"},"modified":"2023-09-25T09:49:58","modified_gmt":"2023-09-25T14:49:58","slug":"recursos-humanos","status":"publish","type":"page","link":"https:\/\/ccsmart.org\/es\/recursos-humanos\/","title":{"rendered":"Recursos humanos"},"content":{"rendered":"<h1>\n\t\tPlantilla\n\t<\/h1>\n\t<p>\u00bfLe interesa saber m\u00e1s sobre c\u00f3mo los colegios comunitarios pueden ayudarle a prepararse para incorporarse con \u00e9xito al mercado laboral? Esta p\u00e1gina le proporcionar\u00e1 enlaces a las especialidades de los colegios comunitarios para estudiantes de la poblaci\u00f3n activa, orientaci\u00f3n profesional y mucho m\u00e1s.<\/p>\n\t\t\t\t<img loading=\"lazy\" decoding=\"async\" src=\"https:\/\/ccsmart.org\/wp-content\/uploads\/ccsmart-testimonials-8.png\" alt=\"ccsmart-testimonios (8)\" itemprop=\"image\" height=\"1080\" width=\"1080\" title=\"ccsmart-testimonios (8)\" onerror=\"this.style.display='none'\"  \/>\n\t<p>Las universidades comunitarias ofrecen oportunidades para todos. La formaci\u00f3n laboral est\u00e1 disponible tanto en programas con cr\u00e9ditos como sin ellos. \u00bfCu\u00e1l es la diferencia? En el caso de los programas con cr\u00e9ditos, necesitar\u00e1s tu diploma de secundaria o GED para matricularte. En los programas sin cr\u00e9ditos, no. <strong>Las universidades comunitarias tambi\u00e9n trabajan con montones de empresas para ofrecer formaci\u00f3n a la carta sin cr\u00e9ditos. <\/strong>He aqu\u00ed algunas cosas que conviene recordar:<\/p>\n\t<ul>\n\t\t<li>\t\t\n\t\t\t\t<img decoding=\"async\" src=\"https:\/\/ccsmart.org\/wp-content\/uploads\/Untitled-design-26.png\" alt=\"Dise\u00f1o sin t\u00edtulo (26)\" title=\"Dise\u00f1o sin t\u00edtulo (26)\" itemprop=\"image\"\/>\n\t\t<h3>Acceso a buenos empleos <\/h3><p>Hay trabajo en todas partes, pero los buenos empleos, los mejor pagados y con mayores prestaciones, requieren titulaciones y certificaciones, y cuantas m\u00e1s mejor. Los estudios demuestran que 66% de las personas necesitan cualificaciones o formaci\u00f3n adicionales para conseguir el trabajo que desean, y 57% perdieron un empleo en los dos \u00faltimos a\u00f1os por carecer de las cualificaciones necesarias.<strong>HECHO: Los trabajadores con titulaciones de grado medio ganan una media de $2 millones de d\u00f3lares m\u00e1s que las personas con un t\u00edtulo de secundaria a lo largo de su vida.<\/strong><\/p><\/li><li>\t\t\n\t\t\t\t<img decoding=\"async\" src=\"https:\/\/ccsmart.org\/wp-content\/uploads\/ccsmart-testimonials-25.png\" alt=\"ccsmart-testimonios (25)\" title=\"ccsmart-testimonios (25)\" itemprop=\"image\"\/>\n\t\t<h3>Formaci\u00f3n profesional sin cr\u00e9ditos<\/h3><p>Parte de la misi\u00f3n de los colegios comunitarios de Estados Unidos es proporcionar formaci\u00f3n laboral a los empresarios locales y satisfacer otras necesidades educativas de la comunidad, como aprender ingl\u00e9s y obtener el GED. Si no tienes un diploma de secundaria, necesitar\u00e1s un GED para acceder a los programas de cr\u00e9dito. Tambi\u00e9n ofrecen programas muy breves basados en habilidades, como operador de equipos pesados y flebotom\u00eda, como experiencias de aprendizaje sin cr\u00e9ditos para proporcionar habilidades que te ayuden a conseguir un trabajo lo antes posible.<strong>HECHO: S\u00f3lo el a\u00f1o pasado, m\u00e1s de 4 millones de estudiantes aprovecharon los programas sin cr\u00e9ditos de los colegios comunitarios.\u00a0<\/strong><\/p><\/li><li>\t\t\n\t\t\t\t<img decoding=\"async\" src=\"https:\/\/ccsmart.org\/wp-content\/uploads\/Untitled-design-27.png\" alt=\"Dise\u00f1o sin t\u00edtulo (27)\" title=\"Dise\u00f1o sin t\u00edtulo (27)\" itemprop=\"image\"\/>\n\t\t<h3>Las carreras son importantes <\/h3><p>Elige con cuidado la especialidad y el programa de estudios porque, cuando se trata de tu salario anual, la elecci\u00f3n de la especialidad importa m\u00e1s que tu nivel de estudios. La universidad comunitaria es una marca respetada por los empresarios, as\u00ed que no te preocupes demasiado por d\u00f3nde estudiaste.<strong>HECHO: La marca institucional a\u00f1ade valor, pero no tanto como la mayor\u00eda de la gente cree.<\/strong><\/p><\/li>\t<\/ul>\n<h2>\n\t\tProgramas de cr\u00e9dito populares que puede hacer en dos a\u00f1os o menos\n\t<\/h2>\n\t\t\t\t\t\t\t\t\t\t\t\t\t\t\t<h6>Enfermera titulada<\/h6>\n\t\t\t<!-- END .front -->\n\t\t\t\t\t\t\t\t\t\t<h6>Salario medio<\/h6>\n\t\t\t\t\t\t<p>$82,000<\/p>\t\t\t\t\t\n\t\t\t<!-- END .back -->\n\t\t <!-- ifb-flip-box -->\n\t <!-- flip-box -->\n\t\t\t\t\t\t\t\t\t\t\t\t\t\t\t<h6>Soldador<\/h6>\n\t\t\t<!-- END .front -->\n\t\t\t\t\t\t\t\t\t\t<h6>Salario medio <\/h6>\n\t\t\t\t\t\t<p>$48,290<\/p>\t\t\t\t\t\n\t\t\t<!-- END .back -->\n\t\t <!-- ifb-flip-box -->\n\t <!-- flip-box -->\n\t\t\t\t\t\t\t\t\t\t\t\t\t\t\t<h6>Especialista en TI<\/h6>\n\t\t\t<!-- END .front -->\n\t\t\t\t\t\t\t\t\t\t<h6>Salario medio <\/h6>\n\t\t\t\t\t\t<p>$91,250<\/p>\t\t\t\t\t\n\t\t\t<!-- END .back -->\n\t\t <!-- ifb-flip-box -->\n\t <!-- flip-box -->\n\t\t\t\t\t\t\t\t\t\t\t\t\t\t\t<h6>Paralegal<\/h6>\n\t\t\t<!-- END .front -->\n\t\t\t\t\t\t\t\t\t\t<h6>Salario medio <\/h6>\n\t\t\t\t\t\t<p>$58,330<\/p>\t\t\t\t\t\n\t\t\t<!-- END .back -->\n\t\t <!-- ifb-flip-box -->\n\t <!-- flip-box -->\n\t\t\t\t\t\t\t\t\t\t\t\t\t\t\t<h6>Asistente dental<\/h6>\n\t\t\t<!-- END .front -->\n\t\t\t\t\t\t\t\t\t\t<h6>Salario medio <\/h6>\n\t\t\t\t\t\t<p>$42,510<\/p>\t\t\t\t\t\n\t\t\t<!-- END .back -->\n\t\t <!-- ifb-flip-box -->\n\t <!-- flip-box -->\n\t\t\t\t\t\t\t\t\t\t\t\t\t\t\t<h6>Analista de seguridad <\/h6>\n\t\t\t<!-- END .front -->\n\t\t\t\t\t\t\t\t\t\t<h6>Salario medio <\/h6>\n\t\t\t\t\t\t<p>$113,270<\/p>\t\t\t\t\t\n\t\t\t<!-- END .back -->\n\t\t <!-- ifb-flip-box -->\n\t <!-- flip-box -->\n<h4>\n\t\tContenido relacionado:\n\t<\/h4>","protected":false},"excerpt":{"rendered":"<p>Fuerza de trabajo \u00bfLe interesa saber m\u00e1s sobre c\u00f3mo los colegios comunitarios pueden ayudarle a prepararse para incorporarse con \u00e9xito a la fuerza de trabajo? Esta p\u00e1gina le proporcionar\u00e1 enlaces a las especialidades de los colegios comunitarios para estudiantes de la fuerza laboral, orientaci\u00f3n profesional y mucho m\u00e1s. Los colegios comunitarios tienen oportunidades para todos. La formaci\u00f3n laboral est\u00e1 disponible tanto en programas con cr\u00e9ditos como sin cr\u00e9ditos. \u00bfCu\u00e1l es la diferencia? Para [...]<\/p>","protected":false},"author":14,"featured_media":139,"parent":0,"menu_order":0,"comment_status":"closed","ping_status":"closed","template":"","meta":{"inline_featured_image":false,"site-sidebar-layout":"no-sidebar","site-content-layout":"page-builder","ast-site-content-layout":"","site-content-style":"default","site-sidebar-style":"default","ast-global-header-display":"","ast-banner-title-visibility":"","ast-main-header-display":"","ast-hfb-above-header-display":"","ast-hfb-below-header-display":"","ast-hfb-mobile-header-display":"","site-post-title":"disabled","ast-breadcrumbs-content":"","ast-featured-img":"disabled","footer-sml-layout":"","theme-transparent-header-meta":"","adv-header-id-meta":"","stick-header-meta":"","header-above-stick-meta":"","header-main-stick-meta":"","header-below-stick-meta":"","astra-migrate-meta-layouts":"default","ast-page-background-enabled":"default","ast-page-background-meta":{"desktop":{"background-color":"","background-image":"","background-repeat":"repeat","background-position":"center center","background-size":"auto","background-attachment":"scroll","background-type":"","background-media":"","overlay-type":"","overlay-color":"","overlay-opacity":"","overlay-gradient":""},"tablet":{"background-color":"","background-image":"","background-repeat":"repeat","background-position":"center center","background-size":"auto","background-attachment":"scroll","background-type":"","background-media":"","overlay-type":"","overlay-color":"","overlay-opacity":"","overlay-gradient":""},"mobile":{"background-color":"","background-image":"","background-repeat":"repeat","background-position":"center center","background-size":"auto","background-attachment":"scroll","background-type":"","background-media":"","overlay-type":"","overlay-color":"","overlay-opacity":"","overlay-gradient":""}},"ast-content-background-meta":{"desktop":{"background-color":"var(--ast-global-color-5)","background-image":"","background-repeat":"repeat","background-position":"center center","background-size":"auto","background-attachment":"scroll","background-type":"","background-media":"","overlay-type":"","overlay-color":"","overlay-opacity":"","overlay-gradient":""},"tablet":{"background-color":"var(--ast-global-color-5)","background-image":"","background-repeat":"repeat","background-position":"center center","background-size":"auto","background-attachment":"scroll","background-type":"","background-media":"","overlay-type":"","overlay-color":"","overlay-opacity":"","overlay-gradient":""},"mobile":{"background-color":"var(--ast-global-color-5)","background-image":"","background-repeat":"repeat","background-position":"center center","background-size":"auto","background-attachment":"scroll","background-type":"","background-media":"","overlay-type":"","overlay-color":"","overlay-opacity":"","overlay-gradient":""}},"footnotes":""},"class_list":["post-137","page","type-page","status-publish","has-post-thumbnail","hentry"],"yoast_head":"<!-- This site is optimized with the Yoast SEO plugin v27.4 - https:\/\/yoast.com\/product\/yoast-seo-wordpress\/ -->\n<title>Workforce Training Development Resources &#187; CCSmart<\/title>\n<meta name=\"description\" content=\"Resources to community college majors for students interested in learning more about how community colleges can help prepare you to enter the workforce.\" \/>\n<meta name=\"robots\" content=\"index, follow, max-snippet:-1, max-image-preview:large, max-video-preview:-1\" \/>\n<link rel=\"canonical\" href=\"https:\/\/ccsmart.org\/es\/recursos-humanos\/\" \/>\n<meta property=\"og:locale\" content=\"es_MX\" \/>\n<meta property=\"og:type\" content=\"article\" \/>\n<meta property=\"og:title\" content=\"Workforce Training Development Resources &#187; CCSmart\" \/>\n<meta property=\"og:description\" content=\"Resources to community college majors for students interested in learning more about how community colleges can help prepare you to enter the workforce.\" \/>\n<meta property=\"og:url\" content=\"https:\/\/ccsmart.org\/es\/recursos-humanos\/\" \/>\n<meta property=\"og:site_name\" content=\"CCsmart powered by Phi Theta Kappa\" \/>\n<meta property=\"article:publisher\" content=\"https:\/\/www.facebook.com\/ccissmart\/\" \/>\n<meta property=\"article:modified_time\" content=\"2023-09-25T14:49:58+00:00\" \/>\n<meta property=\"og:image\" content=\"https:\/\/ccsmart.org\/wp-content\/uploads\/annie-spratt-QckxruozjRg-unsplash-scaled.webp\" \/>\n\t<meta property=\"og:image:width\" content=\"1920\" \/>\n\t<meta property=\"og:image:height\" content=\"1281\" \/>\n\t<meta property=\"og:image:type\" content=\"image\/jpeg\" \/>\n<meta name=\"twitter:card\" content=\"summary_large_image\" \/>\n<meta name=\"twitter:site\" content=\"@cc__smart\" \/>\n<script type=\"application\/ld+json\" class=\"yoast-schema-graph\">{\"@context\":\"https:\\\/\\\/schema.org\",\"@graph\":[{\"@type\":\"WebPage\",\"@id\":\"https:\\\/\\\/ccsmart.org\\\/workforce-resources\\\/\",\"url\":\"https:\\\/\\\/ccsmart.org\\\/workforce-resources\\\/\",\"name\":\"Workforce Training Development Resources &#187; CCSmart\",\"isPartOf\":{\"@id\":\"https:\\\/\\\/ccsmart.org\\\/#website\"},\"primaryImageOfPage\":{\"@id\":\"https:\\\/\\\/ccsmart.org\\\/workforce-resources\\\/#primaryimage\"},\"image\":{\"@id\":\"https:\\\/\\\/ccsmart.org\\\/workforce-resources\\\/#primaryimage\"},\"thumbnailUrl\":\"https:\\\/\\\/ccsmart.org\\\/wp-content\\\/uploads\\\/annie-spratt-QckxruozjRg-unsplash-scaled.webp\",\"datePublished\":\"2022-06-06T16:08:40+00:00\",\"dateModified\":\"2023-09-25T14:49:58+00:00\",\"description\":\"Resources to community college majors for students interested in learning more about how community colleges can help prepare you to enter the workforce.\",\"inLanguage\":\"es\",\"potentialAction\":[{\"@type\":\"ReadAction\",\"target\":[\"https:\\\/\\\/ccsmart.org\\\/workforce-resources\\\/\"]}]},{\"@type\":\"ImageObject\",\"inLanguage\":\"es\",\"@id\":\"https:\\\/\\\/ccsmart.org\\\/workforce-resources\\\/#primaryimage\",\"url\":\"https:\\\/\\\/ccsmart.org\\\/wp-content\\\/uploads\\\/annie-spratt-QckxruozjRg-unsplash-scaled.webp\",\"contentUrl\":\"https:\\\/\\\/ccsmart.org\\\/wp-content\\\/uploads\\\/annie-spratt-QckxruozjRg-unsplash-scaled.webp\",\"width\":1920,\"height\":1281},{\"@type\":\"WebSite\",\"@id\":\"https:\\\/\\\/ccsmart.org\\\/#website\",\"url\":\"https:\\\/\\\/ccsmart.org\\\/\",\"name\":\"CCsmart powered by Phi Theta Kappa\",\"description\":\"\",\"publisher\":{\"@id\":\"https:\\\/\\\/ccsmart.org\\\/#organization\"},\"potentialAction\":[{\"@type\":\"SearchAction\",\"target\":{\"@type\":\"EntryPoint\",\"urlTemplate\":\"https:\\\/\\\/ccsmart.org\\\/?s={search_term_string}\"},\"query-input\":{\"@type\":\"PropertyValueSpecification\",\"valueRequired\":true,\"valueName\":\"search_term_string\"}}],\"inLanguage\":\"es\"},{\"@type\":\"Organization\",\"@id\":\"https:\\\/\\\/ccsmart.org\\\/#organization\",\"name\":\"CCsmart powered by Phi Theta Kappa\",\"url\":\"https:\\\/\\\/ccsmart.org\\\/\",\"logo\":{\"@type\":\"ImageObject\",\"inLanguage\":\"es\",\"@id\":\"https:\\\/\\\/ccsmart.org\\\/#\\\/schema\\\/logo\\\/image\\\/\",\"url\":\"https:\\\/\\\/ccsmart.org\\\/wp-content\\\/uploads\\\/logo-cc-smart.png\",\"contentUrl\":\"https:\\\/\\\/ccsmart.org\\\/wp-content\\\/uploads\\\/logo-cc-smart.png\",\"width\":1819,\"height\":673,\"caption\":\"CCsmart powered by Phi Theta Kappa\"},\"image\":{\"@id\":\"https:\\\/\\\/ccsmart.org\\\/#\\\/schema\\\/logo\\\/image\\\/\"},\"sameAs\":[\"https:\\\/\\\/www.facebook.com\\\/ccissmart\\\/\",\"https:\\\/\\\/x.com\\\/cc__smart\",\"https:\\\/\\\/www.instagram.com\\\/cc__smart\\\/\"]}]}<\/script>\n<!-- \/ Yoast SEO plugin. -->","yoast_head_json":{"title":"Recursos para el desarrollo de la formaci\u00f3n de los trabajadores \" CCSmart","description":"Recursos a las especialidades de los colegios comunitarios para estudiantes interesados en saber m\u00e1s sobre c\u00f3mo los colegios comunitarios pueden ayudar a prepararte para entrar en el mundo laboral.","robots":{"index":"index","follow":"follow","max-snippet":"max-snippet:-1","max-image-preview":"max-image-preview:large","max-video-preview":"max-video-preview:-1"},"canonical":"https:\/\/ccsmart.org\/es\/recursos-humanos\/","og_locale":"es_MX","og_type":"article","og_title":"Workforce Training Development Resources &#187; CCSmart","og_description":"Resources to community college majors for students interested in learning more about how community colleges can help prepare you to enter the workforce.","og_url":"https:\/\/ccsmart.org\/es\/recursos-humanos\/","og_site_name":"CCsmart powered by Phi Theta Kappa","article_publisher":"https:\/\/www.facebook.com\/ccissmart\/","article_modified_time":"2023-09-25T14:49:58+00:00","og_image":[{"width":1920,"height":1281,"url":"https:\/\/ccsmart.org\/wp-content\/uploads\/annie-spratt-QckxruozjRg-unsplash-scaled.webp","type":"image\/jpeg"}],"twitter_card":"summary_large_image","twitter_site":"@cc__smart","schema":{"@context":"https:\/\/schema.org","@graph":[{"@type":"WebPage","@id":"https:\/\/ccsmart.org\/workforce-resources\/","url":"https:\/\/ccsmart.org\/workforce-resources\/","name":"Recursos para el desarrollo de la formaci\u00f3n de los trabajadores \" CCSmart","isPartOf":{"@id":"https:\/\/ccsmart.org\/#website"},"primaryImageOfPage":{"@id":"https:\/\/ccsmart.org\/workforce-resources\/#primaryimage"},"image":{"@id":"https:\/\/ccsmart.org\/workforce-resources\/#primaryimage"},"thumbnailUrl":"https:\/\/ccsmart.org\/wp-content\/uploads\/annie-spratt-QckxruozjRg-unsplash-scaled.webp","datePublished":"2022-06-06T16:08:40+00:00","dateModified":"2023-09-25T14:49:58+00:00","description":"Recursos a las especialidades de los colegios comunitarios para estudiantes interesados en saber m\u00e1s sobre c\u00f3mo los colegios comunitarios pueden ayudar a prepararte para entrar en el mundo laboral.","inLanguage":"es","potentialAction":[{"@type":"ReadAction","target":["https:\/\/ccsmart.org\/workforce-resources\/"]}]},{"@type":"ImageObject","inLanguage":"es","@id":"https:\/\/ccsmart.org\/workforce-resources\/#primaryimage","url":"https:\/\/ccsmart.org\/wp-content\/uploads\/annie-spratt-QckxruozjRg-unsplash-scaled.webp","contentUrl":"https:\/\/ccsmart.org\/wp-content\/uploads\/annie-spratt-QckxruozjRg-unsplash-scaled.webp","width":1920,"height":1281},{"@type":"WebSite","@id":"https:\/\/ccsmart.org\/#website","url":"https:\/\/ccsmart.org\/","name":"CCsmart powered by Phi Theta Kappa","description":"","publisher":{"@id":"https:\/\/ccsmart.org\/#organization"},"potentialAction":[{"@type":"SearchAction","target":{"@type":"EntryPoint","urlTemplate":"https:\/\/ccsmart.org\/?s={search_term_string}"},"query-input":{"@type":"PropertyValueSpecification","valueRequired":true,"valueName":"search_term_string"}}],"inLanguage":"es"},{"@type":"Organization","@id":"https:\/\/ccsmart.org\/#organization","name":"CCsmart powered by Phi Theta Kappa","url":"https:\/\/ccsmart.org\/","logo":{"@type":"ImageObject","inLanguage":"es","@id":"https:\/\/ccsmart.org\/#\/schema\/logo\/image\/","url":"https:\/\/ccsmart.org\/wp-content\/uploads\/logo-cc-smart.png","contentUrl":"https:\/\/ccsmart.org\/wp-content\/uploads\/logo-cc-smart.png","width":1819,"height":673,"caption":"CCsmart powered by Phi Theta Kappa"},"image":{"@id":"https:\/\/ccsmart.org\/#\/schema\/logo\/image\/"},"sameAs":["https:\/\/www.facebook.com\/ccissmart\/","https:\/\/x.com\/cc__smart","https:\/\/www.instagram.com\/cc__smart\/"]}]}},"_links":{"self":[{"href":"https:\/\/ccsmart.org\/es\/wp-json\/wp\/v2\/pages\/137","targetHints":{"allow":["GET"]}}],"collection":[{"href":"https:\/\/ccsmart.org\/es\/wp-json\/wp\/v2\/pages"}],"about":[{"href":"https:\/\/ccsmart.org\/es\/wp-json\/wp\/v2\/types\/page"}],"author":[{"embeddable":true,"href":"https:\/\/ccsmart.org\/es\/wp-json\/wp\/v2\/users\/14"}],"replies":[{"embeddable":true,"href":"https:\/\/ccsmart.org\/es\/wp-json\/wp\/v2\/comments?post=137"}],"version-history":[{"count":0,"href":"https:\/\/ccsmart.org\/es\/wp-json\/wp\/v2\/pages\/137\/revisions"}],"wp:featuredmedia":[{"embeddable":true,"href":"https:\/\/ccsmart.org\/es\/wp-json\/wp\/v2\/media\/139"}],"wp:attachment":[{"href":"https:\/\/ccsmart.org\/es\/wp-json\/wp\/v2\/media?parent=137"}],"curies":[{"name":"wp","href":"https:\/\/api.w.org\/{rel}","templated":true}]}}